{"id":1079,"date":"2022-10-24T11:54:18","date_gmt":"2022-10-24T09:54:18","guid":{"rendered":"https:\/\/darse.fr\/v2\/?page_id=1079"},"modified":"2026-02-18T10:12:07","modified_gmt":"2026-02-18T09:12:07","slug":"nos-partenaires","status":"publish","type":"page","link":"https:\/\/darse.fr\/v2\/?page_id=1079","title":{"rendered":"Nos partenaires"},"content":{"rendered":"\n<h2 class=\"wp-block-heading\">Nos partenaires<\/h2>\n\n\n\n<h3 class=\"wp-block-heading\">Une&nbsp;yole pour Villefranche<\/h3>\n\n\n\n<p>L&rsquo;association \u00ab\u00a0Une yole pour Villefranche\u00a0\u00bb est l&rsquo;association soeur de l&rsquo;ASPMV. Ces deux associations ont \u00e9t\u00e9 cr\u00e9\u00e9es par Dominique Tailliez et ont leur si\u00e8ge au dessus des vo\u00fbtes de la Darse de Villefranche<\/p>\n\n\n\n<p><a href=\"http:\/\/www.yolevillefranche.com\/\">http:\/\/www.yolevillefranche.com<\/a><\/p>\n\n\n\n<h3 class=\"wp-block-heading\">Anao<\/h3>\n\n\n\n<p>Vous trouverez sur le site du club Anao toutes les nouvelles recherches arch\u00e9ologiques effectu\u00e9es en rade de Villefranche<\/p>\n\n\n\n<p><a href=\"http:\/\/www.clubanao.org\/\">http:\/\/www.clubanao.org<\/a><\/p>\n\n\n\n<h3 class=\"wp-block-heading\">Association&nbsp;La Mouette<\/h3>\n\n\n\n<p><a href=\"http:\/\/www.lespointusdenice.com\/\">http:\/\/www.lespointusdenice.com<\/a><\/p>\n\n\n\n\n\n<h3 class=\"wp-block-heading\">\u00a0<\/h3>\r\n<h3>Association Les Am\u00e9ricains et la 6e Flotte \u00e0 Villefranche-sur-Mer<\/h3>\n\n\n\n<p><a href=\"http:\/\/www.ussixthfleet-villefranche.com\/\">www.ussixthfleet-villefranche.com<\/a><\/p>\n\n\n\n<h3 class=\"wp-block-heading\">F\u00e9d\u00e9ration du Patrimoine Maritime M\u00e9diterran\u00e9en<\/h3>\n\n\n\n<p><a href=\"http:\/\/fpmm.net\/\">http:\/\/fpmm.net<\/a><\/p>\n\n\n\n<h3 class=\"wp-block-heading\">Conseil D\u00e9partemental des Alpes Maritimes&nbsp;<\/h3>\n\n\n\n<p><a href=\"https:\/\/www.departement06.fr\/culture\/preservation-du-patrimoine-2795.html\">https:\/\/www.departement06.fr\/culture\/preservation-du-patrimoine-2795.html<\/a><\/p>\n\n\n\n<h3 class=\"wp-block-heading\">F\u00e9d\u00e9ration des Associations du Comt\u00e9 de Nice<\/h3>\n\n\n\n<p><a href=\"http:\/\/www.comte-de-nice.org\/\">http:\/\/www.comte-de-nice.org<\/a><\/p>\n\n\n\n<h3 class=\"wp-block-heading\">Mairie de Villefranche sur Mer<\/h3>\n\n\n\n<p><a href=\"https:\/\/villefranche-sur-mer.fr\/culture\/\">https:\/\/villefranche-sur-mer.fr\/culture\/<\/a><\/p>\n\n\n\n<h3 class=\"wp-block-heading\">\u00a0<\/h3>\r\n<h3>IMEV (Institut de la MEr de Villefranche)<\/h3>\r\n<h3><span style=\"font-size: 12pt;\"><a href=\"https:\/\/www.imev-mer.fr\/web\/\">https:\/\/www.imev-mer.fr\/web\/<\/a>\u00a0 \u00a0 \u00a0<\/span><\/h3>\r\n<h3>\u00a0 \u00a0 \u00a0 \u00a0 \u00a0 \u00a0imMERsion\u00a0 (jumeau num\u00e9rique de l&rsquo;Institut de la Mer de Villefranche)<\/h3>\r\n<h3><span style=\"font-size: 12pt;\">\u00a0 \u00a0 \u00a0 \u00a0 \u00a0 \u00a0 \u00a0 \u00a0 \u00a0 \u00a0 \u00a0<a href=\"https:\/\/lbdv.imev-mer.fr\/immersion\/\">https:\/\/lbdv.imev-mer.fr\/immersion\/<\/a>. \u00a0\u00a0\u00a0\u00a0\u00a0<\/span><\/h3>\r\n<h3>\u00a0<\/h3>\r\n<h3>Chambre de Commerce et d&rsquo;Industrie Nice C\u00f4te d&rsquo;Azur<\/h3>\n\n\n\n<p><a href=\"http:\/\/www.cote-azur.cci.fr\/\">http:\/\/www.cote-azur.cci.fr<\/a><\/p>\n\n\n\n<p class=\"has-text-align-right\"><a href=\"https:\/\/darse.fr\/v2\/#upsite\">RETOUR<\/a><\/p>\n","protected":false},"excerpt":{"rendered":"<p>Nos partenaires Une&nbsp;yole pour Villefranche L&rsquo;association \u00ab\u00a0Une yole pour Villefranche\u00a0\u00bb est l&rsquo;association soeur de l&rsquo;ASPMV. &hellip;<\/p>\n","protected":false},"author":1,"featured_media":0,"parent":0,"menu_order":0,"comment_status":"closed","ping_status":"closed","template":"","meta":{"footnotes":""},"class_list":["post-1079","page","type-page","status-publish","hentry"],"jetpack_sharing_enabled":true,"_links":{"self":[{"href":"https:\/\/darse.fr\/v2\/index.php?rest_route=\/wp\/v2\/pages\/1079","targetHints":{"allow":["GET"]}}],"collection":[{"href":"https:\/\/darse.fr\/v2\/index.php?rest_route=\/wp\/v2\/pages"}],"about":[{"href":"https:\/\/darse.fr\/v2\/index.php?rest_route=\/wp\/v2\/types\/page"}],"author":[{"embeddable":true,"href":"https:\/\/darse.fr\/v2\/index.php?rest_route=\/wp\/v2\/users\/1"}],"replies":[{"embeddable":true,"href":"https:\/\/darse.fr\/v2\/index.php?rest_route=%2Fwp%2Fv2%2Fcomments&post=1079"}],"version-history":[{"count":11,"href":"https:\/\/darse.fr\/v2\/index.php?rest_route=\/wp\/v2\/pages\/1079\/revisions"}],"predecessor-version":[{"id":6411,"href":"https:\/\/darse.fr\/v2\/index.php?rest_route=\/wp\/v2\/pages\/1079\/revisions\/6411"}],"wp:attachment":[{"href":"https:\/\/darse.fr\/v2\/index.php?rest_route=%2Fwp%2Fv2%2Fmedia&parent=1079"}],"curies":[{"name":"wp","href":"https:\/\/api.w.org\/{rel}","templated":true}]}}