{"id":1354,"date":"2022-10-28T15:00:37","date_gmt":"2022-10-28T13:00:37","guid":{"rendered":"https:\/\/darse.fr\/v2\/?page_id=1354"},"modified":"2022-10-28T15:27:49","modified_gmt":"2022-10-28T13:27:49","slug":"alexis-korotneff","status":"publish","type":"page","link":"https:\/\/darse.fr\/v2\/?page_id=1354","title":{"rendered":"Alexis KOROTNEFF"},"content":{"rendered":"\n<div style=\"height:67px\" aria-hidden=\"true\" class=\"wp-block-spacer\"><\/div>\n\n\n\n<figure class=\"wp-block-image size-full\"><img data-recalc-dims=\"1\" loading=\"lazy\" decoding=\"async\" width=\"250\" height=\"340\" src=\"https:\/\/i0.wp.com\/darse.fr\/v2\/wp-content\/uploads\/2022\/10\/Korotneff_030.jpeg?resize=250%2C340&#038;ssl=1\" alt=\"\" class=\"wp-image-1363\" srcset=\"https:\/\/i0.wp.com\/darse.fr\/v2\/wp-content\/uploads\/2022\/10\/Korotneff_030.jpeg?w=250&amp;ssl=1 250w, https:\/\/i0.wp.com\/darse.fr\/v2\/wp-content\/uploads\/2022\/10\/Korotneff_030.jpeg?resize=221%2C300&amp;ssl=1 221w\" sizes=\"auto, (max-width: 250px) 100vw, 250px\" \/><figcaption>ALEXIS DE KOROTNEFF. 1899<\/figcaption><\/figure>\n\n\n\n<figure class=\"wp-block-table\"><table><tbody><tr><td><\/td><td><\/td><\/tr><tr><td>ALEXIS DE KOROTNEFF. 1899<br><br>Commune :&nbsp;Villefranche-sur-Mer<br>Canton :&nbsp;Villefranche-sur-Mer<br><br>D\u00e9nomination du sujet photographi\u00e9:&nbsp;ALEXIS DE KOROTNEFF<br><br>Class\u00e9 aux Monuments historiques et ann\u00e9e:<br><br>Inscrit aux Monuments historiques et ann\u00e9e:<br><br>Datation:&nbsp;1899<br><strong><br>LEGENDE<\/strong><br>Auteur(artiste, architecte, etc.);&nbsp;NIKOLA\u00cf KORNILIEVITCH PIMONENKO (PEINTRE).<br><br>Mat\u00e9riaux, technique, dimensions:&nbsp;HUILE SUR TOILE (106 X 80 CM).<br><br>Localisation pr\u00e9cise(n\u00b0 et nom de la rue, nom du lieu-dit, nom de l\u2019\u00e9difice):&nbsp;STATION ZOOLOGIQUE.<br><br><strong>NOTICE<\/strong><br>Ce portrait de genre, de l&rsquo;\u00e9cole russe, est celui du fondateur de la station zoologique de villefranche-sur-mer. Professeur \u00e0 l&rsquo;universit\u00e9 de Kiev, le comte Korotneff fait partie de l&rsquo;importante colonie russe qui avait l&rsquo;habitude de s\u00e9journer, en hiver, sur la C\u00f4te d&rsquo;azur; \u00e0 la suite de plusieurs membres \u00e9minents de la famille imp\u00e9riale<\/td><\/tr><\/tbody><\/table><\/figure>\n\n\n\n<div style=\"height:100px\" aria-hidden=\"true\" class=\"wp-block-spacer\"><\/div>\n","protected":false},"excerpt":{"rendered":"<p>ALEXIS DE KOROTNEFF. 1899 Commune :&nbsp;Villefranche-sur-MerCanton :&nbsp;Villefranche-sur-Mer D\u00e9nomination du sujet photographi\u00e9:&nbsp;ALEXIS DE KOROTNEFF Class\u00e9 aux &hellip;<\/p>\n","protected":false},"author":1,"featured_media":1372,"parent":0,"menu_order":0,"comment_status":"closed","ping_status":"closed","template":"","meta":{"footnotes":""},"class_list":["post-1354","page","type-page","status-publish","has-post-thumbnail","hentry"],"jetpack_sharing_enabled":true,"_links":{"self":[{"href":"https:\/\/darse.fr\/v2\/index.php?rest_route=\/wp\/v2\/pages\/1354","targetHints":{"allow":["GET"]}}],"collection":[{"href":"https:\/\/darse.fr\/v2\/index.php?rest_route=\/wp\/v2\/pages"}],"about":[{"href":"https:\/\/darse.fr\/v2\/index.php?rest_route=\/wp\/v2\/types\/page"}],"author":[{"embeddable":true,"href":"https:\/\/darse.fr\/v2\/index.php?rest_route=\/wp\/v2\/users\/1"}],"replies":[{"embeddable":true,"href":"https:\/\/darse.fr\/v2\/index.php?rest_route=%2Fwp%2Fv2%2Fcomments&post=1354"}],"version-history":[{"count":8,"href":"https:\/\/darse.fr\/v2\/index.php?rest_route=\/wp\/v2\/pages\/1354\/revisions"}],"predecessor-version":[{"id":2504,"href":"https:\/\/darse.fr\/v2\/index.php?rest_route=\/wp\/v2\/pages\/1354\/revisions\/2504"}],"wp:featuredmedia":[{"embeddable":true,"href":"https:\/\/darse.fr\/v2\/index.php?rest_route=\/wp\/v2\/media\/1372"}],"wp:attachment":[{"href":"https:\/\/darse.fr\/v2\/index.php?rest_route=%2Fwp%2Fv2%2Fmedia&parent=1354"}],"curies":[{"name":"wp","href":"https:\/\/api.w.org\/{rel}","templated":true}]}}