{"id":1365,"date":"2022-10-28T15:20:41","date_gmt":"2022-10-28T13:20:41","guid":{"rendered":"https:\/\/darse.fr\/v2\/?page_id=1365"},"modified":"2022-10-29T16:00:00","modified_gmt":"2022-10-29T14:00:00","slug":"fiches-patrimoine","status":"publish","type":"page","link":"https:\/\/darse.fr\/v2\/?page_id=1365","title":{"rendered":"Fiches patrimoine"},"content":{"rendered":"\n<p>&#8212;&#8212;&#8212;&#8212;&#8211; Fiches patrimoine &#8212;&#8212;&#8212;&#8212;&#8211;&nbsp;&nbsp;<\/p>\n\n\n\n<p><strong>Classement par ordre alphab\u00e9tique:<\/strong><br>&nbsp;<br><a href=\"https:\/\/darse.fr\/v2\/?page_id=1354\">Alexis de korotneff. 1899<\/a>&nbsp;<br><a href=\"https:\/\/darse.fr\/v2\/?page_id=1378(ouvre un nouvel onglet)\">Anneau. 1727<\/a>&nbsp;<br><a href=\"https:\/\/darse.fr\/v2\/?page_id=1382(ouvre un nouvel onglet)\">Arcades de la darse. 1720<\/a>&nbsp;<br><a href=\"https:\/\/darse.fr\/v2\/?page_id=1497\">Bassin de radoub. 1730<\/a>&nbsp;<br><a href=\"https:\/\/darse.fr\/v2\/?page_id=1505(ouvre un nouvel onglet)\">Bastionnet. 14\u00b0 si\u00e8cle<\/a>&nbsp;<br><a href=\"https:\/\/darse.fr\/v2\/?page_id=1511(ouvre un nouvel onglet)\">Biblioth\u00e8que \/ Station zoologique. &nbsp; &nbsp;1885<\/a>&nbsp;<br><a href=\"https:\/\/darse.fr\/v2\/?page_id=1516\">Bouteille de pr\u00e9l\u00e8vement. &nbsp; &nbsp;1900&nbsp;<\/a><br><a href=\"https:\/\/darse.fr\/v2\/?page_id=1395\">Cave. 14\u00b0s<\/a>&nbsp;<br><a href=\"https:\/\/darse.fr\/v2\/?page_id=1521\">Chapelle de la madone-noire. 18\u00b0s\/19\u00b0s<\/a> &nbsp; &nbsp;&nbsp;<br><a href=\"https:\/\/darse.fr\/v2\/?page_id=1471(ouvre un nouvel onglet)\">Chapelle de l&rsquo;ange-gardien. 1716<\/a>&nbsp;<br><a href=\"https:\/\/darse.fr\/v2\/?page_id=1437\">Chapelle sainte-Elisabeth. 1595<\/a> &nbsp; &nbsp;&nbsp;<br><a href=\"https:\/\/darse.fr\/v2\/?page_id=1534\">Chapelle Saint-Grat. 1817-1914<\/a>&nbsp;&nbsp;<br><a href=\"https:\/\/darse.fr\/v2\/?page_id=1538\">Chapelle Saint-Pierre. 2nde moitie &nbsp; &nbsp;du 16\u00b0s<\/a>&nbsp;<br><a href=\"https:\/\/darse.fr\/v2\/?page_id=1542\">Charte de fondation de villefranche. &nbsp; &nbsp;1295<\/a>&nbsp;<br><a href=\"https:\/\/darse.fr\/v2\/?page_id=1564\">Ch\u00e2teau de Madrid. 1931<\/a>&nbsp;<br><a href=\"https:\/\/darse.fr\/v2\/?page_id=1529\">Chemin\u00e9e \/ Forge des gal\u00e8res. &nbsp; &nbsp;1730<\/a>&nbsp;<br><a href=\"https:\/\/darse.fr\/v2\/?page_id=1557\">Christ du gal\u00e9rien<\/a>&nbsp;&nbsp;<\/p>\n\n\n\n<p><a href=\"https:\/\/darse.fr\/v2\/?page_id=1455\">Citadelle st Elme. 2nde moiti\u00e9 &nbsp; &nbsp;du 16\u00b0s\/19\u00b0s&nbsp;<\/a><br><a href=\"https:\/\/darse.fr\/v2\/?page_id=1550(ouvre un nouvel onglet)\">Corderie royale. 1772<\/a>&nbsp;<br><a href=\"https:\/\/darse.fr\/v2\/?page_id=1440(ouvre un nouvel onglet)\">Couvent des capucins. 1648<\/a>&nbsp;<br><a href=\"https:\/\/darse.fr\/v2\/?page_id=1546\">Dallage. 1769<\/a>&nbsp;<br><a href=\"https:\/\/darse.fr\/v2\/?page_id=1637\">Echauguette. 2nde moitie du 14\u00b0s<\/a>&nbsp;<br><a href=\"https:\/\/darse.fr\/v2\/?page_id=1682\">Eglise Saint-Michel (detail). 1732-1757<\/a>&nbsp;<br><a href=\"https:\/\/darse.fr\/v2\/?page_id=1641\">Fa\u00e7ade sud-ouest (detail). &nbsp; &nbsp;1730&nbsp;<\/a><br><a href=\"https:\/\/darse.fr\/v2\/?page_id=1671\">F\u00eate nautique \u00e0 Villefranche. &nbsp; &nbsp;1902<\/a>&nbsp;<br><a href=\"https:\/\/darse.fr\/v2\/?page_id=1633\">Filet \u00e0 plancton. 20\u00b0s<\/a>&nbsp;<br><a href=\"https:\/\/darse.fr\/v2\/?page_id=1629\">Fontaine. 1870<\/a>&nbsp;&nbsp;<br><a href=\"https:\/\/darse.fr\/v2\/?page_id=1712\">Forge des gal\u00e8res. 1725-1730<\/a>&nbsp;<br><a href=\"https:\/\/darse.fr\/v2\/?page_id=1724\">Gare. 1868<\/a>&nbsp;<\/p>\n\n\n\n<p><a href=\"https:\/\/darse.fr\/v2\/?page_id=1666\">Gare maritime. 1938<\/a>&nbsp;&nbsp;<br><a href=\"https:\/\/darse.fr\/v2\/?page_id=1696\">H\u00f4pital des gal\u00e8res. &nbsp; &nbsp;1767-1769<\/a>&nbsp;&nbsp;<br><a href=\"https:\/\/darse.fr\/v2\/?page_id=1468\">Inscription. 1712<\/a>&nbsp;<br><a href=\"https:\/\/darse.fr\/v2\/?page_id=1604(ouvre un nouvel onglet)\">Jardins beaudouin. 1957-1960&nbsp;<\/a><br><a href=\"https:\/\/darse.fr\/v2\/?page_id=1675\">La sagitta. 1926<\/a>&nbsp;&nbsp;<br><a href=\"https:\/\/darse.fr\/v2\/?page_id=1435(ouvre un nouvel onglet)\">Linteau. 1559<\/a>&nbsp;&nbsp;<br><a href=\"https:\/\/darse.fr\/v2\/?page_id=1460\">Maison. 17\u00b0s\/18\u00b0s<\/a>&nbsp;<br><a href=\"https:\/\/darse.fr\/v2\/?page_id=1645\">Mole. 1725-1728&nbsp;<\/a><br><a href=\"https:\/\/darse.fr\/v2\/?page_id=1728\">Monument aux morts. 1925<\/a>&nbsp;<br><a href=\"https:\/\/darse.fr\/v2\/?page_id=1658\">Monument des chasseurs alpins. 1950<\/a>&nbsp;<br><a href=\"https:\/\/darse.fr\/v2\/?page_id=1718\">Monument fun\u00e9raire. 1728&nbsp;<\/a><br><a href=\"https:\/\/darse.fr\/v2\/?page_id=1615\">Niche. 1725-1728<\/a>&nbsp;<\/p>\n\n\n\n<p><a href=\"https:\/\/darse.fr\/v2\/?page_id=1690\">Niveau inf\u00e9rieur de l&rsquo;h\u00f4pital des gal\u00e9riens<\/a><br><a href=\"https:\/\/darse.fr\/v2\/?page_id=1619\">Orgue. 1790<\/a>\u00a0\u00a0<br><a href=\"https:\/\/darse.fr\/v2\/?page_id=1708\">Palais de la marine. 19\u00b0si\u00e8cle\u00a0<\/a><br><a href=\"https:\/\/darse.fr\/v2\/?page_id=1429(ouvre un nouvel onglet)\">Pont-levis. 2nde moiti\u00e9 du \u00a0 \u00a016\u00b0si\u00e8cle<\/a>\u00a0<br><a href=\"https:\/\/darse.fr\/v2\/?page_id=1624\">Porte. 18\u00b0s<\/a>\u00a0<br><a href=\"https:\/\/darse.fr\/v2\/?page_id=1686\">Porte principale. 1769\u00a0<\/a><br><a href=\"https:\/\/darse.fr\/v2\/?page_id=1662\">Port de la sant\u00e9. 1935<\/a>\u00a0<br><a href=\"https:\/\/darse.fr\/v2\/?page_id=1740\">Porte de l&rsquo;hospice de la charit\u00e9. \u00a0 \u00a01780<\/a>\u00a0\u00a0<br><a href=\"https:\/\/darse.fr\/v2\/?page_id=1476\">Port royal de la darse. 1725-1730<\/a> \u00a0 \u00a0\u00a0<br><a href=\"https:\/\/darse.fr\/v2\/?page_id=1463(ouvre un nouvel onglet)\">Porto di villafranca. 1682\u00a0<\/a><br><a href=\"https:\/\/darse.fr\/v2\/?page_id=1473(ouvre un nouvel onglet)\">Pri\u00e8re arabe. 1724<\/a>\u00a0\u00a0<br><a href=\"https:\/\/darse.fr\/v2\/?page_id=1479(ouvre un nouvel onglet)\">Quai des caboteurs. vers 1660<\/a>\u00a0<br><a href=\"https:\/\/darse.fr\/v2\/?page_id=1393\">Rue obscure. 14\u00b0s\u00a0<\/a><br><a href=\"https:\/\/darse.fr\/v2\/?page_id=1433(ouvre un nouvel onglet)\">Scene de combat\u00a0<\/a>\u00a0<br><a href=\"https:\/\/darse.fr\/v2\/?page_id=1590\">Thermometre. 1900<\/a>\u00a0\u00a0<br><a href=\"https:\/\/darse.fr\/v2\/?page_id=1391(ouvre un nouvel onglet)\">Torre vecchia. 14\u00b0s\u00a0<\/a><br><a href=\"https:\/\/darse.fr\/v2\/?page_id=1482(ouvre un nouvel onglet)\">Tour du lazaret. vers 1660<\/a>\u00a0<br><a href=\"https:\/\/darse.fr\/v2\/?page_id=1650\">Tour du roi-des-belges. 1903<\/a>\u00a0<br><a href=\"https:\/\/darse.fr\/v2\/?page_id=1654\">Un bal \u00e0 bord du formidable. \u00a0 \u00a01896<\/a>\u00a0<br><a href=\"https:\/\/darse.fr\/v2\/?page_id=1580\">Villa Leopolda (escalier du parc). \u00a0 \u00a01900<\/a>\u00a0<br><a href=\"https:\/\/darse.fr\/v2\/?page_id=1584\">Villa Nellcote (portail). 1899<\/a>\u00a0\u00a0<br><a href=\"https:\/\/darse.fr\/v2\/?page_id=1576\">Villa Saint-Segond. 1900\u00a0<\/a><br><a href=\"https:\/\/darse.fr\/v2\/?page_id=1572\">V\u00f4utes de la darse. 1720<\/a>\u00a0\u00a0<br><a href=\"https:\/\/darse.fr\/v2\/?page_id=1568\">Vue de Villefranche. 1860-1865<\/a><\/p>\n\n\n\n<div style=\"height:100px\" aria-hidden=\"true\" class=\"wp-block-spacer\"><\/div>\n","protected":false},"excerpt":{"rendered":"<p>&#8212;&#8212;&#8212;&#8212;&#8211; Fiches patrimoine &#8212;&#8212;&#8212;&#8212;&#8211;&nbsp;&nbsp; Classement par ordre alphab\u00e9tique:&nbsp;Alexis de korotneff. 1899&nbsp;Anneau. 1727&nbsp;Arcades de la darse. &hellip;<\/p>\n","protected":false},"author":1,"featured_media":0,"parent":0,"menu_order":0,"comment_status":"closed","ping_status":"closed","template":"","meta":{"footnotes":""},"class_list":["post-1365","page","type-page","status-publish","hentry"],"jetpack_sharing_enabled":true,"_links":{"self":[{"href":"https:\/\/darse.fr\/v2\/index.php?rest_route=\/wp\/v2\/pages\/1365","targetHints":{"allow":["GET"]}}],"collection":[{"href":"https:\/\/darse.fr\/v2\/index.php?rest_route=\/wp\/v2\/pages"}],"about":[{"href":"https:\/\/darse.fr\/v2\/index.php?rest_route=\/wp\/v2\/types\/page"}],"author":[{"embeddable":true,"href":"https:\/\/darse.fr\/v2\/index.php?rest_route=\/wp\/v2\/users\/1"}],"replies":[{"embeddable":true,"href":"https:\/\/darse.fr\/v2\/index.php?rest_route=%2Fwp%2Fv2%2Fcomments&post=1365"}],"version-history":[{"count":77,"href":"https:\/\/darse.fr\/v2\/index.php?rest_route=\/wp\/v2\/pages\/1365\/revisions"}],"predecessor-version":[{"id":1746,"href":"https:\/\/darse.fr\/v2\/index.php?rest_route=\/wp\/v2\/pages\/1365\/revisions\/1746"}],"wp:attachment":[{"href":"https:\/\/darse.fr\/v2\/index.php?rest_route=%2Fwp%2Fv2%2Fmedia&parent=1365"}],"curies":[{"name":"wp","href":"https:\/\/api.w.org\/{rel}","templated":true}]}}