{"id":1393,"date":"2022-10-28T17:23:23","date_gmt":"2022-10-28T15:23:23","guid":{"rendered":"https:\/\/darse.fr\/v2\/?page_id=1393"},"modified":"2022-10-28T17:31:37","modified_gmt":"2022-10-28T15:31:37","slug":"2-2","status":"publish","type":"page","link":"https:\/\/darse.fr\/v2\/?page_id=1393","title":{"rendered":"Rue obscure"},"content":{"rendered":"\n<figure class=\"wp-block-image size-full\"><img data-recalc-dims=\"1\" loading=\"lazy\" decoding=\"async\" width=\"250\" height=\"180\" src=\"https:\/\/i0.wp.com\/darse.fr\/v2\/wp-content\/uploads\/2022\/10\/rue-obscure_04.jpeg?resize=250%2C180&#038;ssl=1\" alt=\"\" class=\"wp-image-1416\"\/><\/figure>\n\n\n\n<figure class=\"wp-block-table\"><table><tbody><tr><td>RUE OBSCURE.<\/td><td>\u00a0\u00a0<\/td><\/tr><tr><td>Commune :&nbsp;Villefranche-sur-Mer<br>Canton :&nbsp;Villefranche-sur-Mer<br><br>D\u00e9nomination du sujet photographi\u00e9:&nbsp;RUE OBSCURE<br><br>Class\u00e9 aux Monuments historiques et ann\u00e9e:&nbsp;OCTOBRE 1932<br><br>Inscrit aux Monuments historiques et ann\u00e9e:<br><strong><br><\/strong><br>Datation:&nbsp;XIV SIECLE<br><strong><br>LEGENDE<\/strong><br>Auteur(artiste, architecte, etc.)<br><br>Mat\u00e9riaux, technique, dimensions:<br><br>Localisation pr\u00e9cise(n\u00b0 et nom de la rue, nom du lieu-dit, nom de l\u2019\u00e9difice):&nbsp;RUE OBSCURE<br><br><strong>NOTICE<\/strong><br>Les maisons construites sur le rempart face \u00e0 la mer enjambent une longue rue : la rue obscure. Cette couverture s\u2019explique \u00e0 la fois par une strat\u00e9gie d\u00e9fensives (mise \u00e0 l\u2019abri des habitants en cas d\u2019attaque et de bombardement) mais auss par l\u2019exigu\u00eft\u00e9 de l\u2019espace constructible. Tout le long de la rue s\u2019ouvrent des caves anciennes particuli\u00e8rement bien conserv\u00e9es.&nbsp;<\/td><\/tr><\/tbody><\/table><\/figure>\n\n\n\n<div style=\"height:100px\" aria-hidden=\"true\" class=\"wp-block-spacer\"><\/div>\n\n\n\n<div style=\"height:100px\" aria-hidden=\"true\" class=\"wp-block-spacer\"><\/div>\n","protected":false},"excerpt":{"rendered":"<p>RUE OBSCURE. \u00a0\u00a0 Commune :&nbsp;Villefranche-sur-MerCanton :&nbsp;Villefranche-sur-Mer D\u00e9nomination du sujet photographi\u00e9:&nbsp;RUE OBSCURE Class\u00e9 aux Monuments historiques &hellip;<\/p>\n","protected":false},"author":1,"featured_media":0,"parent":0,"menu_order":0,"comment_status":"closed","ping_status":"closed","template":"","meta":{"footnotes":""},"class_list":["post-1393","page","type-page","status-publish","hentry"],"jetpack_sharing_enabled":true,"_links":{"self":[{"href":"https:\/\/darse.fr\/v2\/index.php?rest_route=\/wp\/v2\/pages\/1393","targetHints":{"allow":["GET"]}}],"collection":[{"href":"https:\/\/darse.fr\/v2\/index.php?rest_route=\/wp\/v2\/pages"}],"about":[{"href":"https:\/\/darse.fr\/v2\/index.php?rest_route=\/wp\/v2\/types\/page"}],"author":[{"embeddable":true,"href":"https:\/\/darse.fr\/v2\/index.php?rest_route=\/wp\/v2\/users\/1"}],"replies":[{"embeddable":true,"href":"https:\/\/darse.fr\/v2\/index.php?rest_route=%2Fwp%2Fv2%2Fcomments&post=1393"}],"version-history":[{"count":2,"href":"https:\/\/darse.fr\/v2\/index.php?rest_route=\/wp\/v2\/pages\/1393\/revisions"}],"predecessor-version":[{"id":1417,"href":"https:\/\/darse.fr\/v2\/index.php?rest_route=\/wp\/v2\/pages\/1393\/revisions\/1417"}],"wp:attachment":[{"href":"https:\/\/darse.fr\/v2\/index.php?rest_route=%2Fwp%2Fv2%2Fmedia&parent=1393"}],"curies":[{"name":"wp","href":"https:\/\/api.w.org\/{rel}","templated":true}]}}