{"id":1429,"date":"2022-10-28T17:40:36","date_gmt":"2022-10-28T15:40:36","guid":{"rendered":"https:\/\/darse.fr\/v2\/?page_id=1429"},"modified":"2022-10-28T17:41:07","modified_gmt":"2022-10-28T15:41:07","slug":"pont-levis","status":"publish","type":"page","link":"https:\/\/darse.fr\/v2\/?page_id=1429","title":{"rendered":"Pont-levis"},"content":{"rendered":"\n<figure class=\"wp-block-image size-full\"><img data-recalc-dims=\"1\" loading=\"lazy\" decoding=\"async\" width=\"250\" height=\"139\" src=\"https:\/\/i0.wp.com\/darse.fr\/v2\/wp-content\/uploads\/2022\/10\/Pont-levis_08.jpeg?resize=250%2C139&#038;ssl=1\" alt=\"\" class=\"wp-image-1431\"\/><\/figure>\n\n\n\n<figure class=\"wp-block-table\"><table><tbody><tr><td>PONT-LEVIS.<\/td><td>&nbsp;&nbsp;<\/td><\/tr><tr><td>Commune :&nbsp;Villefranche-sur-Mer<br>Canton :&nbsp;Villefranche-sur-Mer<br><br>D\u00e9nomination du sujet photographi\u00e9:&nbsp;PONT-LEVIS<br><br>Class\u00e9 aux Monuments historiques et ann\u00e9e:<br><br>Inscrit aux Monuments historiques et ann\u00e9e:<br><strong><br><\/strong><br>Datation:&nbsp;SECONDE MOITI\u00c9 DU XVI\u00b0SIECLE<br><strong><br>LEGENDE<\/strong><br>Auteur(artiste, architecte, etc.)<br><br>Mat\u00e9riaux, technique, dimensions:&nbsp;CALCAIRE<br><br>Localisation pr\u00e9cise(n\u00b0 et nom de la rue, nom du lieu-dit, nom de l\u2019\u00e9difice):&nbsp;CITADELLE SAINT-ELME<br><br><strong>NOTICE<\/strong><br>Les contrepoids et les fl\u00e8ches en bois de ce pont-levis ont \u00e9t\u00e9 restaur\u00e9s dans la seconde moiti\u00e9 du XX\u00b0S. Il n&rsquo;y a en revanche pas de plateau et les cha\u00eenes s&rsquo;ancrent dans le pont ma\u00e7onn\u00e9.&nbsp;<\/td><\/tr><\/tbody><\/table><\/figure>\n","protected":false},"excerpt":{"rendered":"<p>PONT-LEVIS. &nbsp;&nbsp; Commune :&nbsp;Villefranche-sur-MerCanton :&nbsp;Villefranche-sur-Mer D\u00e9nomination du sujet photographi\u00e9:&nbsp;PONT-LEVIS Class\u00e9 aux Monuments historiques et ann\u00e9e: &hellip;<\/p>\n","protected":false},"author":1,"featured_media":0,"parent":0,"menu_order":0,"comment_status":"closed","ping_status":"closed","template":"","meta":{"footnotes":""},"class_list":["post-1429","page","type-page","status-publish","hentry"],"jetpack_sharing_enabled":true,"_links":{"self":[{"href":"https:\/\/darse.fr\/v2\/index.php?rest_route=\/wp\/v2\/pages\/1429","targetHints":{"allow":["GET"]}}],"collection":[{"href":"https:\/\/darse.fr\/v2\/index.php?rest_route=\/wp\/v2\/pages"}],"about":[{"href":"https:\/\/darse.fr\/v2\/index.php?rest_route=\/wp\/v2\/types\/page"}],"author":[{"embeddable":true,"href":"https:\/\/darse.fr\/v2\/index.php?rest_route=\/wp\/v2\/users\/1"}],"replies":[{"embeddable":true,"href":"https:\/\/darse.fr\/v2\/index.php?rest_route=%2Fwp%2Fv2%2Fcomments&post=1429"}],"version-history":[{"count":2,"href":"https:\/\/darse.fr\/v2\/index.php?rest_route=\/wp\/v2\/pages\/1429\/revisions"}],"predecessor-version":[{"id":1432,"href":"https:\/\/darse.fr\/v2\/index.php?rest_route=\/wp\/v2\/pages\/1429\/revisions\/1432"}],"wp:attachment":[{"href":"https:\/\/darse.fr\/v2\/index.php?rest_route=%2Fwp%2Fv2%2Fmedia&parent=1429"}],"curies":[{"name":"wp","href":"https:\/\/api.w.org\/{rel}","templated":true}]}}