{"id":1435,"date":"2022-10-28T17:45:47","date_gmt":"2022-10-28T15:45:47","guid":{"rendered":"https:\/\/darse.fr\/v2\/?page_id=1435"},"modified":"2022-10-29T15:39:00","modified_gmt":"2022-10-29T13:39:00","slug":"linteau","status":"publish","type":"page","link":"https:\/\/darse.fr\/v2\/?page_id=1435","title":{"rendered":"Linteau"},"content":{"rendered":"\n<div style=\"height:100px\" aria-hidden=\"true\" class=\"wp-block-spacer\"><\/div>\n\n\n\n<figure class=\"wp-block-image size-full\"><img data-recalc-dims=\"1\" loading=\"lazy\" decoding=\"async\" width=\"500\" height=\"137\" src=\"https:\/\/i0.wp.com\/darse.fr\/v2\/wp-content\/uploads\/2022\/10\/Linteau_010.jpeg?resize=500%2C137&#038;ssl=1\" alt=\"\" class=\"wp-image-1737\" srcset=\"https:\/\/i0.wp.com\/darse.fr\/v2\/wp-content\/uploads\/2022\/10\/Linteau_010.jpeg?w=500&amp;ssl=1 500w, https:\/\/i0.wp.com\/darse.fr\/v2\/wp-content\/uploads\/2022\/10\/Linteau_010.jpeg?resize=300%2C82&amp;ssl=1 300w, https:\/\/i0.wp.com\/darse.fr\/v2\/wp-content\/uploads\/2022\/10\/Linteau_010.jpeg?resize=358%2C98&amp;ssl=1 358w\" sizes=\"auto, (max-width: 500px) 100vw, 500px\" \/><\/figure>\n\n\n\n<figure class=\"wp-block-table\"><table><tbody><tr><td>LINTEAU. 1559<\/td><td>&nbsp;&nbsp;<\/td><\/tr><tr><td>Commune :&nbsp;Villefranche-sur-Mer<br>Canton :&nbsp;Villefranche-sur-Mer<br><br>D\u00e9nomination du sujet photographi\u00e9:&nbsp;LINTEAU<br>Class\u00e9 aux Monuments historiques et ann\u00e9e:<br><br>Inscrit aux Monuments historiques et ann\u00e9e:<br><strong><br><\/strong><br>Datation:&nbsp;1559<br><strong><br>LEGENDE<\/strong><br>Auteur(artiste, architecte, etc.)<br><br>Mat\u00e9riaux, technique, dimensions:&nbsp;PIERRE<br><br>Localisation pr\u00e9cise(n\u00b0 et nom de la rue, nom du lieu-dit, nom de l\u2019\u00e9difice):&nbsp;4 RUE DE MAY<br><br><strong>NOTICE<\/strong><br>Sur un territoire disposant de tr\u00e8s peu d\u2019espace et compte tenu des conditions \u00e9conomiques extr\u00eamement pr\u00e9caires de la population, tr\u00e8s peu d\u2019habitations \u00ab intra muros \u00bb se signalent par une quelconque recherche de style ou un embellissement remarquable. Seules quelques portes permettent de distinguer un propri\u00e9taire un peu plus ais\u00e9. Traditionnellement, le rez-de-chauss\u00e9e donnant sur la rue est constitu\u00e9 de caves vo\u00fbt\u00e9es r\u00e9serv\u00e9es aux animaux ou aux provisions d\u2019huile et de vin. Un escalier \u00e9troit et d\u2019une grande raideur conduit aux \u00e9tages. Les fen\u00eatres, \u00e9troites, ne laissent entrer que peu de jour et nombre de maison comportent des pi\u00e8ces totalement aveugles.&nbsp;<\/td><\/tr><\/tbody><\/table><\/figure>\n","protected":false},"excerpt":{"rendered":"<p>LINTEAU. 1559 &nbsp;&nbsp; Commune :&nbsp;Villefranche-sur-MerCanton :&nbsp;Villefranche-sur-Mer D\u00e9nomination du sujet photographi\u00e9:&nbsp;LINTEAUClass\u00e9 aux Monuments historiques et ann\u00e9e: &hellip;<\/p>\n","protected":false},"author":1,"featured_media":0,"parent":0,"menu_order":0,"comment_status":"closed","ping_status":"closed","template":"","meta":{"footnotes":""},"class_list":["post-1435","page","type-page","status-publish","hentry"],"jetpack_sharing_enabled":true,"_links":{"self":[{"href":"https:\/\/darse.fr\/v2\/index.php?rest_route=\/wp\/v2\/pages\/1435","targetHints":{"allow":["GET"]}}],"collection":[{"href":"https:\/\/darse.fr\/v2\/index.php?rest_route=\/wp\/v2\/pages"}],"about":[{"href":"https:\/\/darse.fr\/v2\/index.php?rest_route=\/wp\/v2\/types\/page"}],"author":[{"embeddable":true,"href":"https:\/\/darse.fr\/v2\/index.php?rest_route=\/wp\/v2\/users\/1"}],"replies":[{"embeddable":true,"href":"https:\/\/darse.fr\/v2\/index.php?rest_route=%2Fwp%2Fv2%2Fcomments&post=1435"}],"version-history":[{"count":3,"href":"https:\/\/darse.fr\/v2\/index.php?rest_route=\/wp\/v2\/pages\/1435\/revisions"}],"predecessor-version":[{"id":1738,"href":"https:\/\/darse.fr\/v2\/index.php?rest_route=\/wp\/v2\/pages\/1435\/revisions\/1738"}],"wp:attachment":[{"href":"https:\/\/darse.fr\/v2\/index.php?rest_route=%2Fwp%2Fv2%2Fmedia&parent=1435"}],"curies":[{"name":"wp","href":"https:\/\/api.w.org\/{rel}","templated":true}]}}