{"id":1440,"date":"2022-10-28T17:51:24","date_gmt":"2022-10-28T15:51:24","guid":{"rendered":"https:\/\/darse.fr\/v2\/?page_id=1440"},"modified":"2022-10-29T11:58:45","modified_gmt":"2022-10-29T09:58:45","slug":"couvent-des-capucins","status":"publish","type":"page","link":"https:\/\/darse.fr\/v2\/?page_id=1440","title":{"rendered":"Couvent des Capucins"},"content":{"rendered":"\n<figure class=\"wp-block-image size-full\"><img data-recalc-dims=\"1\" loading=\"lazy\" decoding=\"async\" width=\"350\" height=\"356\" src=\"https:\/\/i0.wp.com\/darse.fr\/v2\/wp-content\/uploads\/2022\/10\/Couvent-des-Capucins_012.jpeg?resize=350%2C356&#038;ssl=1\" alt=\"\" class=\"wp-image-1441\" srcset=\"https:\/\/i0.wp.com\/darse.fr\/v2\/wp-content\/uploads\/2022\/10\/Couvent-des-Capucins_012.jpeg?w=350&amp;ssl=1 350w, https:\/\/i0.wp.com\/darse.fr\/v2\/wp-content\/uploads\/2022\/10\/Couvent-des-Capucins_012.jpeg?resize=295%2C300&amp;ssl=1 295w\" sizes=\"auto, (max-width: 350px) 100vw, 350px\" \/><\/figure>\n\n\n\n<figure class=\"wp-block-table\"><table><tbody><tr><td>Commune :&nbsp;Villefranche-sur-Mer<br>Canton :&nbsp;Villefranche-sur-Mer<br><br>D\u00e9nomination du sujet photographi\u00e9:&nbsp;COUVENT DES CAPUCINS<br><br>Class\u00e9 aux Monuments historiques et ann\u00e9e:<br><br>Inscrit aux Monuments historiques et ann\u00e9e:<br><strong><br><\/strong><br>Datation:&nbsp;1648<br><strong><br>LEGENDE<\/strong><br>Auteur(artiste, architecte, etc.)<br><br>Mat\u00e9riaux, technique, dimensions:<br><br>Localisation pr\u00e9cise(n\u00b0 et nom de la rue, nom du lieu-dit, nom de l\u2019\u00e9difice):&nbsp;AVENUE FERNAND MARTIN<br><br><strong>NOTICE<\/strong><br>En 1609, le conseil de la communaut\u00e9 de Villefranche, avec l\u2019appui du duc Charles-Emmanuel, entreprend des d\u00e9marches pour l\u2019installation d\u2019un couvent de capucins sur le territoire de la commune. Il est \u00e9difi\u00e9 \u00e0 l\u2019ext\u00e9rieur de la ville, sur un promontoire dominant celle-ci, en une position strat\u00e9gique qui servira de point d\u2019appui aux troupes fran\u00e7aises, en 1705, pour le bombardement de la citadelle de Villefranche, lors de leur seconde invasion du comt\u00e9 de Nice. Les dimensions imposantes de l\u2019\u00e9difice t\u00e9moignent de l\u2019importance de la communaut\u00e9 religieuse, qui sera dissoute lors de la troisi\u00e8me conqu\u00eate du comt\u00e9 par les troupes r\u00e9volutionnaires du g\u00e9n\u00e9ral d\u2019Anselme, en 1792.&nbsp;<\/td><\/tr><\/tbody><\/table><\/figure>\n\n\n\n<div style=\"height:100px\" aria-hidden=\"true\" class=\"wp-block-spacer\"><\/div>\n","protected":false},"excerpt":{"rendered":"<p>Commune :&nbsp;Villefranche-sur-MerCanton :&nbsp;Villefranche-sur-Mer D\u00e9nomination du sujet photographi\u00e9:&nbsp;COUVENT DES CAPUCINS Class\u00e9 aux Monuments historiques et ann\u00e9e: &hellip;<\/p>\n","protected":false},"author":1,"featured_media":0,"parent":0,"menu_order":0,"comment_status":"closed","ping_status":"closed","template":"","meta":{"footnotes":""},"class_list":["post-1440","page","type-page","status-publish","hentry"],"jetpack_sharing_enabled":true,"_links":{"self":[{"href":"https:\/\/darse.fr\/v2\/index.php?rest_route=\/wp\/v2\/pages\/1440","targetHints":{"allow":["GET"]}}],"collection":[{"href":"https:\/\/darse.fr\/v2\/index.php?rest_route=\/wp\/v2\/pages"}],"about":[{"href":"https:\/\/darse.fr\/v2\/index.php?rest_route=\/wp\/v2\/types\/page"}],"author":[{"embeddable":true,"href":"https:\/\/darse.fr\/v2\/index.php?rest_route=\/wp\/v2\/users\/1"}],"replies":[{"embeddable":true,"href":"https:\/\/darse.fr\/v2\/index.php?rest_route=%2Fwp%2Fv2%2Fcomments&post=1440"}],"version-history":[{"count":1,"href":"https:\/\/darse.fr\/v2\/index.php?rest_route=\/wp\/v2\/pages\/1440\/revisions"}],"predecessor-version":[{"id":1442,"href":"https:\/\/darse.fr\/v2\/index.php?rest_route=\/wp\/v2\/pages\/1440\/revisions\/1442"}],"wp:attachment":[{"href":"https:\/\/darse.fr\/v2\/index.php?rest_route=%2Fwp%2Fv2%2Fmedia&parent=1440"}],"curies":[{"name":"wp","href":"https:\/\/api.w.org\/{rel}","templated":true}]}}