{"id":1468,"date":"2022-10-28T22:11:07","date_gmt":"2022-10-28T20:11:07","guid":{"rendered":"https:\/\/darse.fr\/v2\/?page_id=1468"},"modified":"2022-10-28T22:11:08","modified_gmt":"2022-10-28T20:11:08","slug":"inscription","status":"publish","type":"page","link":"https:\/\/darse.fr\/v2\/?page_id=1468","title":{"rendered":"Inscription"},"content":{"rendered":"\n<figure class=\"wp-block-image size-full\"><img data-recalc-dims=\"1\" loading=\"lazy\" decoding=\"async\" width=\"400\" height=\"90\" src=\"https:\/\/i0.wp.com\/darse.fr\/v2\/wp-content\/uploads\/2022\/10\/Inscription_015.jpeg?resize=400%2C90&#038;ssl=1\" alt=\"\" class=\"wp-image-1469\" srcset=\"https:\/\/i0.wp.com\/darse.fr\/v2\/wp-content\/uploads\/2022\/10\/Inscription_015.jpeg?w=400&amp;ssl=1 400w, https:\/\/i0.wp.com\/darse.fr\/v2\/wp-content\/uploads\/2022\/10\/Inscription_015.jpeg?resize=300%2C68&amp;ssl=1 300w, https:\/\/i0.wp.com\/darse.fr\/v2\/wp-content\/uploads\/2022\/10\/Inscription_015.jpeg?resize=358%2C81&amp;ssl=1 358w\" sizes=\"auto, (max-width: 400px) 100vw, 400px\" \/><\/figure>\n\n\n\n<figure class=\"wp-block-table\"><table><tbody><tr><td>INSCRIPTION. 1712<\/td><\/tr><tr><td>Commune :&nbsp;Villefranche-sur-Mer<\/td><\/tr><tr><td>Canton :&nbsp;Villefranche-sur-Mer<\/td><\/tr><tr><td><\/td><\/tr><tr><td><br>D\u00e9nomination du sujet photographi\u00e9:&nbsp;INSCRIPTION<\/td><\/tr><tr><td><\/td><\/tr><tr><td><br>Class\u00e9 aux Monuments historiques et ann\u00e9e:<\/td><\/tr><tr><td><\/td><\/tr><tr><td><br>Inscrit aux Monuments historiques et ann\u00e9e:<br><strong><\/strong><\/td><\/tr><tr><td><\/td><\/tr><tr><td><br>Datation:&nbsp;1712<\/td><\/tr><tr><td><\/td><\/tr><tr><td><strong><br>LEGENDE<\/strong><\/td><\/tr><tr><td><br>Auteur(artiste, architecte, etc.)<\/td><\/tr><tr><td><\/td><\/tr><tr><td><br>Mat\u00e9riaux, technique, dimensions:&nbsp;CALCAIRE<\/td><\/tr><tr><td><\/td><\/tr><tr><td><br>Localisation pr\u00e9cise(n\u00b0 et nom de la rue, nom du lieu-dit, nom de l\u2019\u00e9difice):&nbsp;RUE VOLTI<\/td><\/tr><tr><td><\/td><\/tr><tr><td><br><strong>NOTICE<\/strong><\/td><\/tr><tr><td>Cette pierre grav\u00e9e est ins\u00e9r\u00e9e dans le mur d&rsquo;un \u00e9difice. Elle mentionne la date de construction et les initiales CLM, probablement celle du premier propri\u00e9taire comme c&rsquo;est alors l&rsquo;usage. Il peut \u00e9galement s&rsquo;agir d&rsquo;un \u00e9l\u00e9ment de remploi, la date faisant alors r\u00e9f\u00e9rence \u00e0 la construction initiale.<\/td><\/tr><\/tbody><\/table><\/figure>\n\n\n\n<div style=\"height:100px\" aria-hidden=\"true\" class=\"wp-block-spacer\"><\/div>\n","protected":false},"excerpt":{"rendered":"<p>INSCRIPTION. 1712 Commune :&nbsp;Villefranche-sur-Mer Canton :&nbsp;Villefranche-sur-Mer D\u00e9nomination du sujet photographi\u00e9:&nbsp;INSCRIPTION Class\u00e9 aux Monuments historiques et &hellip;<\/p>\n","protected":false},"author":1,"featured_media":0,"parent":0,"menu_order":0,"comment_status":"closed","ping_status":"closed","template":"","meta":{"footnotes":""},"class_list":["post-1468","page","type-page","status-publish","hentry"],"jetpack_sharing_enabled":true,"_links":{"self":[{"href":"https:\/\/darse.fr\/v2\/index.php?rest_route=\/wp\/v2\/pages\/1468","targetHints":{"allow":["GET"]}}],"collection":[{"href":"https:\/\/darse.fr\/v2\/index.php?rest_route=\/wp\/v2\/pages"}],"about":[{"href":"https:\/\/darse.fr\/v2\/index.php?rest_route=\/wp\/v2\/types\/page"}],"author":[{"embeddable":true,"href":"https:\/\/darse.fr\/v2\/index.php?rest_route=\/wp\/v2\/users\/1"}],"replies":[{"embeddable":true,"href":"https:\/\/darse.fr\/v2\/index.php?rest_route=%2Fwp%2Fv2%2Fcomments&post=1468"}],"version-history":[{"count":1,"href":"https:\/\/darse.fr\/v2\/index.php?rest_route=\/wp\/v2\/pages\/1468\/revisions"}],"predecessor-version":[{"id":1470,"href":"https:\/\/darse.fr\/v2\/index.php?rest_route=\/wp\/v2\/pages\/1468\/revisions\/1470"}],"wp:attachment":[{"href":"https:\/\/darse.fr\/v2\/index.php?rest_route=%2Fwp%2Fv2%2Fmedia&parent=1468"}],"curies":[{"name":"wp","href":"https:\/\/api.w.org\/{rel}","templated":true}]}}