{"id":1471,"date":"2022-10-28T22:12:38","date_gmt":"2022-10-28T20:12:38","guid":{"rendered":"https:\/\/darse.fr\/v2\/?page_id=1471"},"modified":"2022-10-28T22:57:46","modified_gmt":"2022-10-28T20:57:46","slug":"chapelle-de-lange-gardien-1716","status":"publish","type":"page","link":"https:\/\/darse.fr\/v2\/?page_id=1471","title":{"rendered":"Chapelle de l&rsquo;Ange-Gardien 1716"},"content":{"rendered":"\n<div style=\"height:100px\" aria-hidden=\"true\" class=\"wp-block-spacer\"><\/div>\n\n\n\n<figure class=\"wp-block-table\"><table><tbody><tr><td>CHAPELLE DE L&rsquo;ANGE-GARDIEN. 1716<\/td><td>&nbsp;&nbsp;<\/td><\/tr><tr><td>Commune :&nbsp;Villefranche-sur-Mer<br>Canton :&nbsp;Villefranche-sur-Mer<br><br>D\u00e9nomination du sujet photographi\u00e9:&nbsp;CHAPELLE DE L\u2019ANGE-GARDIEN<br><br>Class\u00e9 aux Monuments historiques et ann\u00e9e:<br><br>Inscrit aux Monuments historiques et ann\u00e9e:<br><strong><\/strong><br>Datation:&nbsp;1716<br><strong><br>LEGENDE<\/strong><br>Auteur(artiste, architecte, etc.)<br><br>Mat\u00e9riaux, technique, dimensions:<br><br>Localisation pr\u00e9cise(n\u00b0 et nom de la rue, nom du lieu-dit, nom de l\u2019\u00e9difice):&nbsp;AVENUE DE L\u2019ANGE-GARDIEN<br><br><strong>NOTICE<\/strong><br>Propri\u00e9t\u00e9 de la famille de Villarey, elle sert de caveau pour plusieurs membres de cette famille, dont le chevalier Antoine de Villarey, commandant en second de la marine. En 1879, elle est rachet\u00e9e par H.-A. Gal, riche n\u00e9gociant dont une rue de Nice porte le nom, qui y est enseveli en 1911. Elle est enti\u00e8rement restaur\u00e9e en 1993, apr\u00e8s son acquisition par la municipalit\u00e9 en 1991.<\/td><\/tr><\/tbody><\/table><\/figure>\n","protected":false},"excerpt":{"rendered":"<p>CHAPELLE DE L&rsquo;ANGE-GARDIEN. 1716 &nbsp;&nbsp; Commune :&nbsp;Villefranche-sur-MerCanton :&nbsp;Villefranche-sur-Mer D\u00e9nomination du sujet photographi\u00e9:&nbsp;CHAPELLE DE L\u2019ANGE-GARDIEN Class\u00e9 &hellip;<\/p>\n","protected":false},"author":1,"featured_media":0,"parent":0,"menu_order":0,"comment_status":"closed","ping_status":"closed","template":"","meta":{"footnotes":""},"class_list":["post-1471","page","type-page","status-publish","hentry"],"jetpack_sharing_enabled":true,"_links":{"self":[{"href":"https:\/\/darse.fr\/v2\/index.php?rest_route=\/wp\/v2\/pages\/1471","targetHints":{"allow":["GET"]}}],"collection":[{"href":"https:\/\/darse.fr\/v2\/index.php?rest_route=\/wp\/v2\/pages"}],"about":[{"href":"https:\/\/darse.fr\/v2\/index.php?rest_route=\/wp\/v2\/types\/page"}],"author":[{"embeddable":true,"href":"https:\/\/darse.fr\/v2\/index.php?rest_route=\/wp\/v2\/users\/1"}],"replies":[{"embeddable":true,"href":"https:\/\/darse.fr\/v2\/index.php?rest_route=%2Fwp%2Fv2%2Fcomments&post=1471"}],"version-history":[{"count":2,"href":"https:\/\/darse.fr\/v2\/index.php?rest_route=\/wp\/v2\/pages\/1471\/revisions"}],"predecessor-version":[{"id":1525,"href":"https:\/\/darse.fr\/v2\/index.php?rest_route=\/wp\/v2\/pages\/1471\/revisions\/1525"}],"wp:attachment":[{"href":"https:\/\/darse.fr\/v2\/index.php?rest_route=%2Fwp%2Fv2%2Fmedia&parent=1471"}],"curies":[{"name":"wp","href":"https:\/\/api.w.org\/{rel}","templated":true}]}}