{"id":1473,"date":"2022-10-28T22:15:59","date_gmt":"2022-10-28T20:15:59","guid":{"rendered":"https:\/\/darse.fr\/v2\/?page_id=1473"},"modified":"2022-10-29T13:27:15","modified_gmt":"2022-10-29T11:27:15","slug":"pierre-arabe","status":"publish","type":"page","link":"https:\/\/darse.fr\/v2\/?page_id=1473","title":{"rendered":"Pri\u00e8re arabe"},"content":{"rendered":"\n<figure class=\"wp-block-image size-full\"><img data-recalc-dims=\"1\" loading=\"lazy\" decoding=\"async\" width=\"200\" height=\"197\" src=\"https:\/\/i0.wp.com\/darse.fr\/v2\/wp-content\/uploads\/2022\/10\/Pierre-arabe_017.jpeg?resize=200%2C197&#038;ssl=1\" alt=\"\" class=\"wp-image-1474\"\/><\/figure>\n\n\n\n<figure class=\"wp-block-table\"><table><tbody><tr><td>Commune :&nbsp;Villefranche-sur-Mer<\/td><\/tr><tr><td>Canton :&nbsp;Villefranche-sur-Mer<\/td><\/tr><tr><td><\/td><\/tr><tr><td><br>D\u00e9nomination du sujet photographi\u00e9:&nbsp;PIERRE ARABE<\/td><\/tr><tr><td><\/td><\/tr><tr><td><br>Class\u00e9 aux Monuments historiques et ann\u00e9e:&nbsp;1911<\/td><\/tr><tr><td><\/td><\/tr><tr><td><br>Inscrit aux Monuments historiques et ann\u00e9e:<br><strong><\/strong><\/td><\/tr><tr><td><\/td><\/tr><tr><td><br>Datation:&nbsp;1724<\/td><\/tr><tr><td><\/td><\/tr><tr><td><strong><br>LEGENDE<\/strong><\/td><\/tr><tr><td><br>Auteur(artiste, architecte, etc.)<\/td><\/tr><tr><td><\/td><\/tr><tr><td><br>Mat\u00e9riaux, technique, dimensions:&nbsp;PIERRE GRAV\u00c9E<\/td><\/tr><tr><td><\/td><\/tr><tr><td><br>Localisation pr\u00e9cise(n\u00b0 et nom de la rue, nom du lieu-dit, nom de l\u2019\u00e9difice):&nbsp;MAIRIE DE VILLEFRANCHE<\/td><\/tr><tr><td><\/td><\/tr><tr><td><br><strong>NOTICE<\/strong><\/td><\/tr><tr><td>Retrouv\u00e9e au milieu des ruines du lazaret, apr\u00e8s sa d\u00e9molition en 1960, cette pierre sur laquelle est grav\u00e9e une pri\u00e8re en arabe et qui porte la date de 1724, a longtemps intrigu\u00e9 les historiens. Des recherches r\u00e9centes dans les archives de la Biblioth\u00e8que Royale de Turin permettent de supposer que cette pierre devait se trouver \u00e0 l\u2019origine dans une mosqu\u00e9e construite \u00e0 l\u2019extr\u00e9mit\u00e9 du m\u00f4le de la darse, lors des travaux d\u2019agrandissement et d\u2019embellissement du port. Cette mosqu\u00e9e est d\u00e9truite par une temp\u00eate en 1773 et l\u2019on peut penser que son contenu fut transport\u00e9 au lazaret, pr\u00e8s du bagne o\u00f9 \u00e9taient enferm\u00e9s de nombreux prisonniers turcs. Bien que class\u00e9e en 1911, on en avait compl\u00e8tement perdu la trace.<\/td><\/tr><tr><td>&nbsp;<\/td><\/tr><\/tbody><\/table><\/figure>\n\n\n\n<div style=\"height:100px\" aria-hidden=\"true\" class=\"wp-block-spacer\"><\/div>\n","protected":false},"excerpt":{"rendered":"<p>Commune :&nbsp;Villefranche-sur-Mer Canton :&nbsp;Villefranche-sur-Mer D\u00e9nomination du sujet photographi\u00e9:&nbsp;PIERRE ARABE Class\u00e9 aux Monuments historiques et ann\u00e9e:&nbsp;1911 &hellip;<\/p>\n","protected":false},"author":1,"featured_media":0,"parent":0,"menu_order":0,"comment_status":"closed","ping_status":"closed","template":"","meta":{"footnotes":""},"class_list":["post-1473","page","type-page","status-publish","hentry"],"jetpack_sharing_enabled":true,"_links":{"self":[{"href":"https:\/\/darse.fr\/v2\/index.php?rest_route=\/wp\/v2\/pages\/1473","targetHints":{"allow":["GET"]}}],"collection":[{"href":"https:\/\/darse.fr\/v2\/index.php?rest_route=\/wp\/v2\/pages"}],"about":[{"href":"https:\/\/darse.fr\/v2\/index.php?rest_route=\/wp\/v2\/types\/page"}],"author":[{"embeddable":true,"href":"https:\/\/darse.fr\/v2\/index.php?rest_route=\/wp\/v2\/users\/1"}],"replies":[{"embeddable":true,"href":"https:\/\/darse.fr\/v2\/index.php?rest_route=%2Fwp%2Fv2%2Fcomments&post=1473"}],"version-history":[{"count":2,"href":"https:\/\/darse.fr\/v2\/index.php?rest_route=\/wp\/v2\/pages\/1473\/revisions"}],"predecessor-version":[{"id":1597,"href":"https:\/\/darse.fr\/v2\/index.php?rest_route=\/wp\/v2\/pages\/1473\/revisions\/1597"}],"wp:attachment":[{"href":"https:\/\/darse.fr\/v2\/index.php?rest_route=%2Fwp%2Fv2%2Fmedia&parent=1473"}],"curies":[{"name":"wp","href":"https:\/\/api.w.org\/{rel}","templated":true}]}}