{"id":1534,"date":"2022-10-29T11:35:40","date_gmt":"2022-10-29T09:35:40","guid":{"rendered":"https:\/\/darse.fr\/v2\/?page_id=1534"},"modified":"2022-10-29T11:35:40","modified_gmt":"2022-10-29T09:35:40","slug":"chapelle-st-gras","status":"publish","type":"page","link":"https:\/\/darse.fr\/v2\/?page_id=1534","title":{"rendered":"Chapelle St-Gras"},"content":{"rendered":"\n<figure class=\"wp-block-image size-full\"><img data-recalc-dims=\"1\" loading=\"lazy\" decoding=\"async\" width=\"250\" height=\"288\" src=\"https:\/\/i0.wp.com\/darse.fr\/v2\/wp-content\/uploads\/2022\/10\/Chapelle-St-Gras_049.jpeg?resize=250%2C288&#038;ssl=1\" alt=\"\" class=\"wp-image-1535\"\/><\/figure>\n\n\n\n<figure class=\"wp-block-table\"><table><tbody><tr><td>CHAPELLE SAINT-GRAT. 1817-1914<\/td><td>\u00a0\u00a0<\/td><\/tr><tr><td>Commune :&nbsp;Villefranche-sur-Mer<br>Canton :&nbsp;Villefranche-sur-Mer<br><br>D\u00e9nomination du sujet photographi\u00e9:&nbsp;CHAPELLE SAINT-GRAT<br><br>Class\u00e9 aux Monuments historiques et ann\u00e9e:<br><br>Inscrit aux Monuments historiques et ann\u00e9e:<br><strong><br><\/strong><br>Datation:&nbsp;1817<br><strong><br>LEGENDE<\/strong><br>Auteur(artiste, architecte, etc.)<br><br>Mat\u00e9riaux, technique, dimensions:<br><br>Localisation pr\u00e9cise(n\u00b0 et nom de la rue, nom du lieu-dit, nom de l\u2019\u00e9difice):&nbsp;AVENUE D\u2019OLIVULA \u2013 PLATEAU SAINT-MICHEL<br><br><strong>NOTICE<\/strong><br>Sur le plateau Saint-Michel, dominant Villefranche, \u00e0 l\u2019emplacement du site de l\u2019antique village de Montolivo, o\u00f9 les habitants du bord de mer, fuyant les incursions sarrasines, avaient trouv\u00e9 refuge, l\u2019on peut encore distinguer les ruines d\u2019une \u00e9glise, d\u00e9di\u00e9e \u00e0 Saint-Michel. D\u00e9truite semble-t-il par la foudre au d\u00e9but du XIX\u00e8me si\u00e8cle, elle est remplac\u00e9e par l\u2019actuelle chapelle Saint-Grat, \u00e0 laquelle on adjoignit un porche en 1914.&nbsp;<\/td><\/tr><\/tbody><\/table><\/figure>\n\n\n\n<div style=\"height:100px\" aria-hidden=\"true\" class=\"wp-block-spacer\"><\/div>\n","protected":false},"excerpt":{"rendered":"<p>CHAPELLE SAINT-GRAT. 1817-1914 \u00a0\u00a0 Commune :&nbsp;Villefranche-sur-MerCanton :&nbsp;Villefranche-sur-Mer D\u00e9nomination du sujet photographi\u00e9:&nbsp;CHAPELLE SAINT-GRAT Class\u00e9 aux Monuments &hellip;<\/p>\n","protected":false},"author":1,"featured_media":0,"parent":0,"menu_order":0,"comment_status":"closed","ping_status":"closed","template":"","meta":{"footnotes":""},"class_list":["post-1534","page","type-page","status-publish","hentry"],"jetpack_sharing_enabled":true,"_links":{"self":[{"href":"https:\/\/darse.fr\/v2\/index.php?rest_route=\/wp\/v2\/pages\/1534","targetHints":{"allow":["GET"]}}],"collection":[{"href":"https:\/\/darse.fr\/v2\/index.php?rest_route=\/wp\/v2\/pages"}],"about":[{"href":"https:\/\/darse.fr\/v2\/index.php?rest_route=\/wp\/v2\/types\/page"}],"author":[{"embeddable":true,"href":"https:\/\/darse.fr\/v2\/index.php?rest_route=\/wp\/v2\/users\/1"}],"replies":[{"embeddable":true,"href":"https:\/\/darse.fr\/v2\/index.php?rest_route=%2Fwp%2Fv2%2Fcomments&post=1534"}],"version-history":[{"count":1,"href":"https:\/\/darse.fr\/v2\/index.php?rest_route=\/wp\/v2\/pages\/1534\/revisions"}],"predecessor-version":[{"id":1536,"href":"https:\/\/darse.fr\/v2\/index.php?rest_route=\/wp\/v2\/pages\/1534\/revisions\/1536"}],"wp:attachment":[{"href":"https:\/\/darse.fr\/v2\/index.php?rest_route=%2Fwp%2Fv2%2Fmedia&parent=1534"}],"curies":[{"name":"wp","href":"https:\/\/api.w.org\/{rel}","templated":true}]}}