{"id":1546,"date":"2022-10-29T11:44:37","date_gmt":"2022-10-29T09:44:37","guid":{"rendered":"https:\/\/darse.fr\/v2\/?page_id=1546"},"modified":"2022-10-29T11:44:37","modified_gmt":"2022-10-29T09:44:37","slug":"dallage","status":"publish","type":"page","link":"https:\/\/darse.fr\/v2\/?page_id=1546","title":{"rendered":"Dallage"},"content":{"rendered":"\n<figure class=\"wp-block-image size-full\"><img data-recalc-dims=\"1\" loading=\"lazy\" decoding=\"async\" width=\"250\" height=\"164\" src=\"https:\/\/i0.wp.com\/darse.fr\/v2\/wp-content\/uploads\/2022\/10\/Dallage_039.jpeg?resize=250%2C164&#038;ssl=1\" alt=\"\" class=\"wp-image-1547\"\/><\/figure>\n\n\n\n<figure class=\"wp-block-table\"><table><tbody><tr><td>DALLAGE. 1769<\/td><td>\u00a0\u00a0<\/td><\/tr><tr><td>Commune :&nbsp;Villefranche-sur-Mer<br>Canton :&nbsp;Villefranche-sur-Mer<br><br>D\u00e9nomination du sujet photographi\u00e9:&nbsp;SOL DE L\u2019H\u00d4PITAL DES GAL\u00c8RES<br><br>Class\u00e9 aux Monuments historiques et ann\u00e9e:<br><br>Inscrit aux Monuments historiques et ann\u00e9e:<br><strong>arr\u00eat\u00e9 n\u00b0 91 &#8211; 56 du 11 f\u00e9vrier 1991<br><\/strong><br>Datation:&nbsp;1769<br><strong><br>LEGENDE<\/strong><br>Auteur(artiste, architecte, etc.)<br><br>Mat\u00e9riaux, technique, dimensions:&nbsp;TOUR EN PIERRES AVEC TOITURE \u00c0 TUILES VERNISS\u00c9ES<br><br>Localisation pr\u00e9cise(n\u00b0 et nom de la rue, nom du lieu-dit, nom de l\u2019\u00e9difice):&nbsp;PORT DE LA DARSE, CHEMIN DU LAZARET<br><strong>NOTICE<\/strong><br>L\u2019h\u00f4pital pour la chiourme des gal\u00e8res, dans les plans d\u2019origine, est divis\u00e9 en deux parties, s\u00e9par\u00e9es par une chapelle ferm\u00e9e d\u2019une grille en fer forg\u00e9e. Le sol de la partie plus s\u00fbrement r\u00e9serv\u00e9e aux for\u00e7ats (l\u2019autre \u00e9tant plus probablement destin\u00e9e aux marins et soldats) a gard\u00e9 les pierres o\u00f9 ceux-ci \u00e9taient encha\u00een\u00e9s.&nbsp;<\/td><\/tr><\/tbody><\/table><\/figure>\n\n\n\n<div style=\"height:100px\" aria-hidden=\"true\" class=\"wp-block-spacer\"><\/div>\n","protected":false},"excerpt":{"rendered":"<p>DALLAGE. 1769 \u00a0\u00a0 Commune :&nbsp;Villefranche-sur-MerCanton :&nbsp;Villefranche-sur-Mer D\u00e9nomination du sujet photographi\u00e9:&nbsp;SOL DE L\u2019H\u00d4PITAL DES GAL\u00c8RES Class\u00e9 &hellip;<\/p>\n","protected":false},"author":1,"featured_media":0,"parent":0,"menu_order":0,"comment_status":"closed","ping_status":"closed","template":"","meta":{"footnotes":""},"class_list":["post-1546","page","type-page","status-publish","hentry"],"jetpack_sharing_enabled":true,"_links":{"self":[{"href":"https:\/\/darse.fr\/v2\/index.php?rest_route=\/wp\/v2\/pages\/1546","targetHints":{"allow":["GET"]}}],"collection":[{"href":"https:\/\/darse.fr\/v2\/index.php?rest_route=\/wp\/v2\/pages"}],"about":[{"href":"https:\/\/darse.fr\/v2\/index.php?rest_route=\/wp\/v2\/types\/page"}],"author":[{"embeddable":true,"href":"https:\/\/darse.fr\/v2\/index.php?rest_route=\/wp\/v2\/users\/1"}],"replies":[{"embeddable":true,"href":"https:\/\/darse.fr\/v2\/index.php?rest_route=%2Fwp%2Fv2%2Fcomments&post=1546"}],"version-history":[{"count":1,"href":"https:\/\/darse.fr\/v2\/index.php?rest_route=\/wp\/v2\/pages\/1546\/revisions"}],"predecessor-version":[{"id":1548,"href":"https:\/\/darse.fr\/v2\/index.php?rest_route=\/wp\/v2\/pages\/1546\/revisions\/1548"}],"wp:attachment":[{"href":"https:\/\/darse.fr\/v2\/index.php?rest_route=%2Fwp%2Fv2%2Fmedia&parent=1546"}],"curies":[{"name":"wp","href":"https:\/\/api.w.org\/{rel}","templated":true}]}}