{"id":1580,"date":"2022-10-29T12:19:47","date_gmt":"2022-10-29T10:19:47","guid":{"rendered":"https:\/\/darse.fr\/v2\/?page_id=1580"},"modified":"2022-10-29T12:19:47","modified_gmt":"2022-10-29T10:19:47","slug":"villa-leopolda","status":"publish","type":"page","link":"https:\/\/darse.fr\/v2\/?page_id=1580","title":{"rendered":"Villa LEOPOLDA"},"content":{"rendered":"\n<figure class=\"wp-block-image size-full\"><img data-recalc-dims=\"1\" loading=\"lazy\" decoding=\"async\" width=\"250\" height=\"100\" src=\"https:\/\/i0.wp.com\/darse.fr\/v2\/wp-content\/uploads\/2022\/10\/Villa-Leopolda_056.jpeg?resize=250%2C100&#038;ssl=1\" alt=\"\" class=\"wp-image-1581\"\/><\/figure>\n\n\n\n<figure class=\"wp-block-table\"><table><tbody><tr><td>VILLA LEOPOLDA (ESCALIER DU PARC). 1900<\/td><td>\u00a0\u00a0<\/td><\/tr><tr><td>Commune :&nbsp;Villefranche-sur-Mer<br>Canton :&nbsp;Villefranche-sur-Mer<br><br>D\u00e9nomination du sujet photographi\u00e9:&nbsp;VILLA LEOPOLDA<br>Class\u00e9 aux Monuments historiques et ann\u00e9e:<br><br>Inscrit aux Monuments historiques et ann\u00e9e:<br><strong><br><\/strong><br>Datation:&nbsp;1900<br><strong><br>LEGENDE<\/strong><br>Auteur(artiste, architecte, etc.):&nbsp;AARON MESSIAH<br><br>Mat\u00e9riaux, technique, dimensions:<br><br>Localisation pr\u00e9cise(n\u00b0 et nom de la rue, nom du lieu-dit, nom de l\u2019\u00e9difice):&nbsp;AVENUE L\u00c9OPOLD II<br><br><strong>NOTICE<\/strong><br>En 1900, le roi des Belges, L\u00e9opold II, d\u00e9j\u00e0 propri\u00e9taire d\u2019une grande partie du cap Ferrat, acquiert sur les hauteurs de Villefranche, au lieu-dit col de Caire une immense propri\u00e9t\u00e9 de huit hectares o\u00f9 il fait \u00e9difier une villa dot\u00e9e d\u2019une tourelle centrale qu\u2019il baptisa L\u00e9opolda. En 1915, son successeur, Albert Ier, transforme le domaine en h\u00f4pital temporaire. Il passe ensuite \u00e0 la comtesse de Beauchamp puis \u00e0 un am\u00e9ricain, Ogden Codman qui remania compl\u00e8tement la b\u00e2tisse pour lui donner les imposantes dimensions qu\u2019on lui conna\u00eet aujourd\u2019hui. Parmi les acqu\u00e9reurs successifs, citons encore Giovanni Agnelli, propri\u00e9taire des usines Fiat. L\u2019immense parc du domaine comprend plus de mille deux cents oliviers, cypr\u00e8s, citronniers, orangers et autres pruniers.&nbsp;<\/td><\/tr><\/tbody><\/table><\/figure>\n\n\n\n<div style=\"height:100px\" aria-hidden=\"true\" class=\"wp-block-spacer\"><\/div>\n","protected":false},"excerpt":{"rendered":"<p>VILLA LEOPOLDA (ESCALIER DU PARC). 1900 \u00a0\u00a0 Commune :&nbsp;Villefranche-sur-MerCanton :&nbsp;Villefranche-sur-Mer D\u00e9nomination du sujet photographi\u00e9:&nbsp;VILLA LEOPOLDAClass\u00e9 &hellip;<\/p>\n","protected":false},"author":1,"featured_media":0,"parent":0,"menu_order":0,"comment_status":"closed","ping_status":"closed","template":"","meta":{"footnotes":""},"class_list":["post-1580","page","type-page","status-publish","hentry"],"jetpack_sharing_enabled":true,"_links":{"self":[{"href":"https:\/\/darse.fr\/v2\/index.php?rest_route=\/wp\/v2\/pages\/1580","targetHints":{"allow":["GET"]}}],"collection":[{"href":"https:\/\/darse.fr\/v2\/index.php?rest_route=\/wp\/v2\/pages"}],"about":[{"href":"https:\/\/darse.fr\/v2\/index.php?rest_route=\/wp\/v2\/types\/page"}],"author":[{"embeddable":true,"href":"https:\/\/darse.fr\/v2\/index.php?rest_route=\/wp\/v2\/users\/1"}],"replies":[{"embeddable":true,"href":"https:\/\/darse.fr\/v2\/index.php?rest_route=%2Fwp%2Fv2%2Fcomments&post=1580"}],"version-history":[{"count":1,"href":"https:\/\/darse.fr\/v2\/index.php?rest_route=\/wp\/v2\/pages\/1580\/revisions"}],"predecessor-version":[{"id":1582,"href":"https:\/\/darse.fr\/v2\/index.php?rest_route=\/wp\/v2\/pages\/1580\/revisions\/1582"}],"wp:attachment":[{"href":"https:\/\/darse.fr\/v2\/index.php?rest_route=%2Fwp%2Fv2%2Fmedia&parent=1580"}],"curies":[{"name":"wp","href":"https:\/\/api.w.org\/{rel}","templated":true}]}}