{"id":1615,"date":"2022-10-29T13:49:29","date_gmt":"2022-10-29T11:49:29","guid":{"rendered":"https:\/\/darse.fr\/v2\/?page_id=1615"},"modified":"2022-10-29T13:49:29","modified_gmt":"2022-10-29T11:49:29","slug":"niche","status":"publish","type":"page","link":"https:\/\/darse.fr\/v2\/?page_id=1615","title":{"rendered":"Niche"},"content":{"rendered":"\n<figure class=\"wp-block-image size-full\"><img data-recalc-dims=\"1\" loading=\"lazy\" decoding=\"async\" width=\"250\" height=\"288\" src=\"https:\/\/i0.wp.com\/darse.fr\/v2\/wp-content\/uploads\/2022\/10\/Niche_025.jpeg?resize=250%2C288&#038;ssl=1\" alt=\"\" class=\"wp-image-1616\"\/><\/figure>\n\n\n\n<figure class=\"wp-block-table\"><table><tbody><tr><td>NICHE. 1725-1728<\/td><td>\u00a0\u00a0<\/td><\/tr><tr><td>Commune :&nbsp;Villefranche-sur-Mer<br>Canton :&nbsp;Villefranche-sur-Mer<br><br>D\u00e9nomination du sujet photographi\u00e9:&nbsp;NICHES DU M\u00d4LE<br><br>Class\u00e9 aux Monuments historiques et ann\u00e9e:<br><br>Inscrit aux Monuments historiques et ann\u00e9e:<br><strong>Arr\u00eat\u00e9 n\u00b0 91-56 du 11 f\u00e9vrier 1991<br><\/strong><br>Datation:&nbsp;1725 &#8211; 1728<br><strong><br>LEGENDE<\/strong><br>Auteur(artiste, architecte, etc.)<br><br>Mat\u00e9riaux, technique, dimensions:&nbsp;PIERRES<br><br>Localisation pr\u00e9cise(n\u00b0 et nom de la rue, nom du lieu-dit, nom de l\u2019\u00e9difice):&nbsp;M\u00d4LE DU PORT DE LA DARSE<br><strong>NOTICE<\/strong><br>Tout le long du m\u00f4le de la darse, sont creus\u00e9es six petites niches dont la fonction est d\u2019abriter les \u00ab cuisines \u00bb des gal\u00e8res. Dans tous les ports, il est de r\u00e8gle en effet de ne jamais allumer de feu \u00e0 bord tant que les navires sont \u00e0 quai. Ailleurs ces emplacements portent le nom de cayenne ou de coquerie. Au dessus de chaque niche on trouve, alternativement grav\u00e9es dans la pierre, la croix de Savoie et les dates de construction t\u00e9moignant de l\u2019avancement de l\u2019\u00e9dification du m\u00f4le.&nbsp;<\/td><\/tr><\/tbody><\/table><\/figure>\n\n\n\n<div style=\"height:100px\" aria-hidden=\"true\" class=\"wp-block-spacer\"><\/div>\n","protected":false},"excerpt":{"rendered":"<p>NICHE. 1725-1728 \u00a0\u00a0 Commune :&nbsp;Villefranche-sur-MerCanton :&nbsp;Villefranche-sur-Mer D\u00e9nomination du sujet photographi\u00e9:&nbsp;NICHES DU M\u00d4LE Class\u00e9 aux Monuments &hellip;<\/p>\n","protected":false},"author":1,"featured_media":0,"parent":0,"menu_order":0,"comment_status":"closed","ping_status":"closed","template":"","meta":{"footnotes":""},"class_list":["post-1615","page","type-page","status-publish","hentry"],"jetpack_sharing_enabled":true,"_links":{"self":[{"href":"https:\/\/darse.fr\/v2\/index.php?rest_route=\/wp\/v2\/pages\/1615","targetHints":{"allow":["GET"]}}],"collection":[{"href":"https:\/\/darse.fr\/v2\/index.php?rest_route=\/wp\/v2\/pages"}],"about":[{"href":"https:\/\/darse.fr\/v2\/index.php?rest_route=\/wp\/v2\/types\/page"}],"author":[{"embeddable":true,"href":"https:\/\/darse.fr\/v2\/index.php?rest_route=\/wp\/v2\/users\/1"}],"replies":[{"embeddable":true,"href":"https:\/\/darse.fr\/v2\/index.php?rest_route=%2Fwp%2Fv2%2Fcomments&post=1615"}],"version-history":[{"count":1,"href":"https:\/\/darse.fr\/v2\/index.php?rest_route=\/wp\/v2\/pages\/1615\/revisions"}],"predecessor-version":[{"id":1617,"href":"https:\/\/darse.fr\/v2\/index.php?rest_route=\/wp\/v2\/pages\/1615\/revisions\/1617"}],"wp:attachment":[{"href":"https:\/\/darse.fr\/v2\/index.php?rest_route=%2Fwp%2Fv2%2Fmedia&parent=1615"}],"curies":[{"name":"wp","href":"https:\/\/api.w.org\/{rel}","templated":true}]}}