{"id":1619,"date":"2022-10-29T13:55:24","date_gmt":"2022-10-29T11:55:24","guid":{"rendered":"https:\/\/darse.fr\/v2\/?page_id=1619"},"modified":"2022-10-29T13:55:24","modified_gmt":"2022-10-29T11:55:24","slug":"orgue","status":"publish","type":"page","link":"https:\/\/darse.fr\/v2\/?page_id=1619","title":{"rendered":"Orgue"},"content":{"rendered":"\n<figure class=\"wp-block-image size-full\"><img data-recalc-dims=\"1\" loading=\"lazy\" decoding=\"async\" width=\"250\" height=\"219\" src=\"https:\/\/i0.wp.com\/darse.fr\/v2\/wp-content\/uploads\/2022\/10\/Orgue_044.jpeg?resize=250%2C219&#038;ssl=1\" alt=\"\" class=\"wp-image-1620\"\/><\/figure>\n\n\n\n<figure class=\"wp-block-table\"><table><tbody><tr><td>ORGUE. 1790<\/td><td>\u00a0\u00a0<\/td><\/tr><tr><td>Commune :&nbsp;Villefranche-sur-Mer<br>Canton :&nbsp;Villefranche-sur-Mer<br><br>D\u00e9nomination du sujet photographi\u00e9:&nbsp;ORGUES DE L\u2019EGLISE SAINT MICHEL<br><br>Class\u00e9 aux Monuments historiques et ann\u00e9e:&nbsp;12 JANVIER 1971 ET AO\u00dbT 1973<br><br>Inscrit aux Monuments historiques et ann\u00e9e:<br><strong><br><\/strong><br>Datation:&nbsp;1790<br><strong><br>LEGENDE<\/strong><br>Auteur(artiste, architecte, etc.):&nbsp;GRINDA<br><br>Mat\u00e9riaux, technique, dimensions:&nbsp;BOIS SCULPT\u00c9<br><br>Localisation pr\u00e9cise(n\u00b0 et nom de la rue, nom du lieu-dit, nom de l\u2019\u00e9difice):&nbsp;RUE DE L\u2019EGLISE<br><br><strong>NOTICE<\/strong><br>Install\u00e9es \u00e0 la fin du XVIII\u00e8me si\u00e8cle, ces orgues sont l\u2019\u0153uvre de deux Ni\u00e7ois, les fr\u00e8res Grinda, \u00ab facteurs du Roi de Sardaigne \u00bb.&nbsp;<\/td><\/tr><\/tbody><\/table><\/figure>\n\n\n\n<div style=\"height:100px\" aria-hidden=\"true\" class=\"wp-block-spacer\"><\/div>\n","protected":false},"excerpt":{"rendered":"<p>ORGUE. 1790 \u00a0\u00a0 Commune :&nbsp;Villefranche-sur-MerCanton :&nbsp;Villefranche-sur-Mer D\u00e9nomination du sujet photographi\u00e9:&nbsp;ORGUES DE L\u2019EGLISE SAINT MICHEL Class\u00e9 &hellip;<\/p>\n","protected":false},"author":1,"featured_media":0,"parent":0,"menu_order":0,"comment_status":"closed","ping_status":"closed","template":"","meta":{"footnotes":""},"class_list":["post-1619","page","type-page","status-publish","hentry"],"jetpack_sharing_enabled":true,"_links":{"self":[{"href":"https:\/\/darse.fr\/v2\/index.php?rest_route=\/wp\/v2\/pages\/1619","targetHints":{"allow":["GET"]}}],"collection":[{"href":"https:\/\/darse.fr\/v2\/index.php?rest_route=\/wp\/v2\/pages"}],"about":[{"href":"https:\/\/darse.fr\/v2\/index.php?rest_route=\/wp\/v2\/types\/page"}],"author":[{"embeddable":true,"href":"https:\/\/darse.fr\/v2\/index.php?rest_route=\/wp\/v2\/users\/1"}],"replies":[{"embeddable":true,"href":"https:\/\/darse.fr\/v2\/index.php?rest_route=%2Fwp%2Fv2%2Fcomments&post=1619"}],"version-history":[{"count":1,"href":"https:\/\/darse.fr\/v2\/index.php?rest_route=\/wp\/v2\/pages\/1619\/revisions"}],"predecessor-version":[{"id":1621,"href":"https:\/\/darse.fr\/v2\/index.php?rest_route=\/wp\/v2\/pages\/1619\/revisions\/1621"}],"wp:attachment":[{"href":"https:\/\/darse.fr\/v2\/index.php?rest_route=%2Fwp%2Fv2%2Fmedia&parent=1619"}],"curies":[{"name":"wp","href":"https:\/\/api.w.org\/{rel}","templated":true}]}}