{"id":1633,"date":"2022-10-29T14:04:52","date_gmt":"2022-10-29T12:04:52","guid":{"rendered":"https:\/\/darse.fr\/v2\/?page_id=1633"},"modified":"2022-10-29T14:04:52","modified_gmt":"2022-10-29T12:04:52","slug":"filet-a-plancton","status":"publish","type":"page","link":"https:\/\/darse.fr\/v2\/?page_id=1633","title":{"rendered":"Filet \u00e0 plancton"},"content":{"rendered":"\n<figure class=\"wp-block-image size-full\"><img data-recalc-dims=\"1\" loading=\"lazy\" decoding=\"async\" width=\"250\" height=\"88\" src=\"https:\/\/i0.wp.com\/darse.fr\/v2\/wp-content\/uploads\/2022\/10\/Filet-a%CC%80-plancton_034.jpeg?resize=250%2C88&#038;ssl=1\" alt=\"\" class=\"wp-image-1634\"\/><\/figure>\n\n\n\n<figure class=\"wp-block-table\"><table><tbody><tr><td>FILET \u00c0 PLANCTON. 20\u00b0 SIECLE<\/td><td>\u00a0\u00a0<\/td><\/tr><tr><td>Commune :&nbsp;Villefranche-sur-Mer<br>Canton :&nbsp;Villefranche-sur-Mer<br><br>D\u00e9nomination du sujet photographi\u00e9:&nbsp;FILETS \u00c0 PLANCTON<br><br>Class\u00e9 aux Monuments historiques et ann\u00e9e:<br><br>Inscrit aux Monuments historiques et ann\u00e9e:<br><strong><br><\/strong><br>Datation:<br><strong><br>LEGENDE<\/strong><br>Auteur(artiste, architecte, etc.)<br><br>Mat\u00e9riaux, technique, dimensions:<br><br>Localisation pr\u00e9cise(n\u00b0 et nom de la rue, nom du lieu-dit, nom de l\u2019\u00e9difice):&nbsp;OBSERVATOIRE OC\u00c9ANOLOGIQUE<br><br><strong>NOTICE<\/strong><br>Pour pouvoir collecter les organismes microscopiques du plancton sans les ab\u00eemer, les biologistes marins utilisent des filets en soie (actuellement en nylon) aux mailles adapt\u00e9es et munis \u00e0 leur extr\u00e9mit\u00e9 d\u2019un collecteur qui poss\u00e8de deux ouvertures lat\u00e9rales permettant la circulation de l\u2019eau et \u00e9vitant ainsi l\u2019\u00e9crasement des animaux dans le fond du filtre. Chaque jour, et souvent deux fois par jour, les chercheurs de l\u2019Observatoire Oc\u00e9anologique proc\u00e8dent \u00e0 des pr\u00e9l\u00e8vements de plancton dans la rade de Villefranche.&nbsp;<\/td><\/tr><\/tbody><\/table><\/figure>\n\n\n\n<div style=\"height:100px\" aria-hidden=\"true\" class=\"wp-block-spacer\"><\/div>\n","protected":false},"excerpt":{"rendered":"<p>FILET \u00c0 PLANCTON. 20\u00b0 SIECLE \u00a0\u00a0 Commune :&nbsp;Villefranche-sur-MerCanton :&nbsp;Villefranche-sur-Mer D\u00e9nomination du sujet photographi\u00e9:&nbsp;FILETS \u00c0 PLANCTON &hellip;<\/p>\n","protected":false},"author":1,"featured_media":0,"parent":0,"menu_order":0,"comment_status":"closed","ping_status":"closed","template":"","meta":{"footnotes":""},"class_list":["post-1633","page","type-page","status-publish","hentry"],"jetpack_sharing_enabled":true,"_links":{"self":[{"href":"https:\/\/darse.fr\/v2\/index.php?rest_route=\/wp\/v2\/pages\/1633","targetHints":{"allow":["GET"]}}],"collection":[{"href":"https:\/\/darse.fr\/v2\/index.php?rest_route=\/wp\/v2\/pages"}],"about":[{"href":"https:\/\/darse.fr\/v2\/index.php?rest_route=\/wp\/v2\/types\/page"}],"author":[{"embeddable":true,"href":"https:\/\/darse.fr\/v2\/index.php?rest_route=\/wp\/v2\/users\/1"}],"replies":[{"embeddable":true,"href":"https:\/\/darse.fr\/v2\/index.php?rest_route=%2Fwp%2Fv2%2Fcomments&post=1633"}],"version-history":[{"count":1,"href":"https:\/\/darse.fr\/v2\/index.php?rest_route=\/wp\/v2\/pages\/1633\/revisions"}],"predecessor-version":[{"id":1635,"href":"https:\/\/darse.fr\/v2\/index.php?rest_route=\/wp\/v2\/pages\/1633\/revisions\/1635"}],"wp:attachment":[{"href":"https:\/\/darse.fr\/v2\/index.php?rest_route=%2Fwp%2Fv2%2Fmedia&parent=1633"}],"curies":[{"name":"wp","href":"https:\/\/api.w.org\/{rel}","templated":true}]}}