{"id":1641,"date":"2022-10-29T14:12:04","date_gmt":"2022-10-29T12:12:04","guid":{"rendered":"https:\/\/darse.fr\/v2\/?page_id=1641"},"modified":"2022-10-29T14:12:04","modified_gmt":"2022-10-29T12:12:04","slug":"facade-sud-ouest","status":"publish","type":"page","link":"https:\/\/darse.fr\/v2\/?page_id=1641","title":{"rendered":"Fa\u00e7ade sud-ouest"},"content":{"rendered":"\n<figure class=\"wp-block-image size-full\"><img data-recalc-dims=\"1\" loading=\"lazy\" decoding=\"async\" width=\"250\" height=\"253\" src=\"https:\/\/i0.wp.com\/darse.fr\/v2\/wp-content\/uploads\/2022\/10\/Fac%CC%A7ade-sud-ouest_028.jpeg?resize=250%2C253&#038;ssl=1\" alt=\"\" class=\"wp-image-1642\"\/><\/figure>\n\n\n\n<figure class=\"wp-block-table\"><table><tbody><tr><td>FA\u00c7ADE SUD-OUEST (DETAIL). FA\u00c7ADE SUD-OUEST (DETAIL).<\/td><td>\u00a0\u00a0<\/td><\/tr><tr><td>Commune :&nbsp;Villefranche-sur-Mer<br>Canton :&nbsp;Villefranche-sur-Mer<br><br>D\u00e9nomination du sujet photographi\u00e9:&nbsp;FA\u00c7ADE SUD-OUEST (DETAIL).<br><br>Class\u00e9 aux Monuments historiques et ann\u00e9e:<br><br>Inscrit aux Monuments historiques et ann\u00e9e:<br><strong><br><\/strong><br>Datation:&nbsp;FA\u00c7ADE SUD-OUEST (DETAIL).<br><strong><br>LEGENDE<\/strong><br>Auteur(artiste, architecte, etc.)<br><br>Mat\u00e9riaux, technique, dimensions:&nbsp;PIERRE ENDUITE ET FER FORG\u00c9<br><br>Localisation pr\u00e9cise(n\u00b0 et nom de la rue, nom du lieu-dit, nom de l\u2019\u00e9difice):&nbsp;FORGE DES GAL\u00c8RES, OBSERVATOIRE OC\u00c9ANOLOGIQUE, PORT ROYAL DE LA DARSE.<br><br><strong>NOTICE<\/strong><br>Englob\u00e9e dans l&rsquo;observatoire oc\u00e9anologique, cett e fa\u00e7ade de la forge a conserv\u00e9 certaines grilles en fer forg\u00e9 qui en fermaient toutes les issues. Entrelac\u00e9es au centre, les croix sont celles de l&rsquo;ordre militaire et hospitalier des Saint-Maurice-et-Lazare. Cet ordre, cr\u00e9\u00e9 par une bulle du pape Gr\u00e9goire XIII en 1572, sur le mod\u00e8le de l&rsquo;ordre de Saint-Jean-de-J\u00e9rusalem, doit, outre ses obligations hospitali\u00e8res, participer \u00e0 la lutte contre les infid\u00e8les. A ce titre, il arme les gal\u00e8res stationn\u00e9es dans le port de Villefranche.&nbsp;<\/td><\/tr><\/tbody><\/table><\/figure>\n\n\n\n<div style=\"height:100px\" aria-hidden=\"true\" class=\"wp-block-spacer\"><\/div>\n","protected":false},"excerpt":{"rendered":"<p>FA\u00c7ADE SUD-OUEST (DETAIL). FA\u00c7ADE SUD-OUEST (DETAIL). \u00a0\u00a0 Commune :&nbsp;Villefranche-sur-MerCanton :&nbsp;Villefranche-sur-Mer D\u00e9nomination du sujet photographi\u00e9:&nbsp;FA\u00c7ADE SUD-OUEST &hellip;<\/p>\n","protected":false},"author":1,"featured_media":0,"parent":0,"menu_order":0,"comment_status":"closed","ping_status":"closed","template":"","meta":{"footnotes":""},"class_list":["post-1641","page","type-page","status-publish","hentry"],"jetpack_sharing_enabled":true,"_links":{"self":[{"href":"https:\/\/darse.fr\/v2\/index.php?rest_route=\/wp\/v2\/pages\/1641","targetHints":{"allow":["GET"]}}],"collection":[{"href":"https:\/\/darse.fr\/v2\/index.php?rest_route=\/wp\/v2\/pages"}],"about":[{"href":"https:\/\/darse.fr\/v2\/index.php?rest_route=\/wp\/v2\/types\/page"}],"author":[{"embeddable":true,"href":"https:\/\/darse.fr\/v2\/index.php?rest_route=\/wp\/v2\/users\/1"}],"replies":[{"embeddable":true,"href":"https:\/\/darse.fr\/v2\/index.php?rest_route=%2Fwp%2Fv2%2Fcomments&post=1641"}],"version-history":[{"count":1,"href":"https:\/\/darse.fr\/v2\/index.php?rest_route=\/wp\/v2\/pages\/1641\/revisions"}],"predecessor-version":[{"id":1643,"href":"https:\/\/darse.fr\/v2\/index.php?rest_route=\/wp\/v2\/pages\/1641\/revisions\/1643"}],"wp:attachment":[{"href":"https:\/\/darse.fr\/v2\/index.php?rest_route=%2Fwp%2Fv2%2Fmedia&parent=1641"}],"curies":[{"name":"wp","href":"https:\/\/api.w.org\/{rel}","templated":true}]}}