{"id":1645,"date":"2022-10-29T14:13:51","date_gmt":"2022-10-29T12:13:51","guid":{"rendered":"https:\/\/darse.fr\/v2\/?page_id=1645"},"modified":"2022-10-29T14:13:51","modified_gmt":"2022-10-29T12:13:51","slug":"mole","status":"publish","type":"page","link":"https:\/\/darse.fr\/v2\/?page_id=1645","title":{"rendered":"M\u00f4le"},"content":{"rendered":"\n<figure class=\"wp-block-image size-full\"><img data-recalc-dims=\"1\" loading=\"lazy\" decoding=\"async\" width=\"250\" height=\"150\" src=\"https:\/\/i0.wp.com\/darse.fr\/v2\/wp-content\/uploads\/2022\/10\/Mo%CC%82le_024.jpeg?resize=250%2C150&#038;ssl=1\" alt=\"\" class=\"wp-image-1646\"\/><\/figure>\n\n\n\n<figure class=\"wp-block-table\"><table><tbody><tr><td>MOLE. 1725-1728<\/td><td>\u00a0\u00a0<\/td><\/tr><tr><td>Commune :&nbsp;Villefranche-sur-Mer<br>Canton :&nbsp;Villefranche-sur-Mer<br><br>D\u00e9nomination du sujet photographi\u00e9:&nbsp;M\u00d4LE DE LA DARSE<br><br>Class\u00e9 aux Monuments historiques et ann\u00e9e:<br><br>Inscrit aux Monuments historiques et ann\u00e9e:<br><strong>arr\u00eat\u00e9 n\u00b0 91-56 du 11 f\u00e9vrier 1991<br><\/strong><br>Datation:&nbsp;1725 &#8211; 1728<br><strong><br>LEGENDE<\/strong><br>Auteur(artiste, architecte, etc.)<br><br>Mat\u00e9riaux, technique, dimensions:&nbsp;PIERRES<br><br>Localisation pr\u00e9cise(n\u00b0 et nom de la rue, nom du lieu-dit, nom de l\u2019\u00e9difice):&nbsp;PORT DE LA DARSE<br><br><strong>NOTICE<\/strong><br>Dans les ann\u00e9es 1550, pour abriter les gal\u00e8res du duc de Savoie, Emmanuel-Philibert, un premier m\u00f4le est construit, en grosses pierres extraites de la falaise voisine. Une simple tour de garde en assure le contr\u00f4le. Rong\u00e9 par des moules \u00ab mange-pierre \u00bb ou dattes de mer, attaqu\u00e9 par les temp\u00eates, ce m\u00f4le est en fort mauvais \u00e9tat lorsque Victor-Am\u00e9d\u00e9e II d\u00e9cide de le renforcer et de le prolonger en 1725. A l\u2019extr\u00e9mit\u00e9 de ce m\u00f4le, pr\u00e8s de la lanterne marquant l\u2019entr\u00e9e de la darse, est b\u00e2tie une mosqu\u00e9e, \u00e0 l\u2019usage des nombreux esclaves orientaux ou barbaresques embarqu\u00e9s sur les gal\u00e8res, aux c\u00f4t\u00e9s des gal\u00e9riens chr\u00e9tiens venus des Etats de Savoie. Cette mosqu\u00e9e est d\u00e9truite par une temp\u00eate en 1773.<\/td><\/tr><\/tbody><\/table><\/figure>\n\n\n\n<div style=\"height:100px\" aria-hidden=\"true\" class=\"wp-block-spacer\"><\/div>\n","protected":false},"excerpt":{"rendered":"<p>MOLE. 1725-1728 \u00a0\u00a0 Commune :&nbsp;Villefranche-sur-MerCanton :&nbsp;Villefranche-sur-Mer D\u00e9nomination du sujet photographi\u00e9:&nbsp;M\u00d4LE DE LA DARSE Class\u00e9 aux &hellip;<\/p>\n","protected":false},"author":1,"featured_media":0,"parent":0,"menu_order":0,"comment_status":"closed","ping_status":"closed","template":"","meta":{"footnotes":""},"class_list":["post-1645","page","type-page","status-publish","hentry"],"jetpack_sharing_enabled":true,"_links":{"self":[{"href":"https:\/\/darse.fr\/v2\/index.php?rest_route=\/wp\/v2\/pages\/1645","targetHints":{"allow":["GET"]}}],"collection":[{"href":"https:\/\/darse.fr\/v2\/index.php?rest_route=\/wp\/v2\/pages"}],"about":[{"href":"https:\/\/darse.fr\/v2\/index.php?rest_route=\/wp\/v2\/types\/page"}],"author":[{"embeddable":true,"href":"https:\/\/darse.fr\/v2\/index.php?rest_route=\/wp\/v2\/users\/1"}],"replies":[{"embeddable":true,"href":"https:\/\/darse.fr\/v2\/index.php?rest_route=%2Fwp%2Fv2%2Fcomments&post=1645"}],"version-history":[{"count":1,"href":"https:\/\/darse.fr\/v2\/index.php?rest_route=\/wp\/v2\/pages\/1645\/revisions"}],"predecessor-version":[{"id":1647,"href":"https:\/\/darse.fr\/v2\/index.php?rest_route=\/wp\/v2\/pages\/1645\/revisions\/1647"}],"wp:attachment":[{"href":"https:\/\/darse.fr\/v2\/index.php?rest_route=%2Fwp%2Fv2%2Fmedia&parent=1645"}],"curies":[{"name":"wp","href":"https:\/\/api.w.org\/{rel}","templated":true}]}}