{"id":1650,"date":"2022-10-29T14:16:11","date_gmt":"2022-10-29T12:16:11","guid":{"rendered":"https:\/\/darse.fr\/v2\/?page_id=1650"},"modified":"2022-10-29T14:16:11","modified_gmt":"2022-10-29T12:16:11","slug":"tour-du-roi-des-belges","status":"publish","type":"page","link":"https:\/\/darse.fr\/v2\/?page_id=1650","title":{"rendered":"Tour du Roi des Belges"},"content":{"rendered":"\n<figure class=\"wp-block-image size-full\"><img data-recalc-dims=\"1\" loading=\"lazy\" decoding=\"async\" width=\"250\" height=\"249\" src=\"https:\/\/i0.wp.com\/darse.fr\/v2\/wp-content\/uploads\/2022\/10\/Tour-du-roi-des-Belges_058.jpeg?resize=250%2C249&#038;ssl=1\" alt=\"\" class=\"wp-image-1651\" srcset=\"https:\/\/i0.wp.com\/darse.fr\/v2\/wp-content\/uploads\/2022\/10\/Tour-du-roi-des-Belges_058.jpeg?w=250&amp;ssl=1 250w, https:\/\/i0.wp.com\/darse.fr\/v2\/wp-content\/uploads\/2022\/10\/Tour-du-roi-des-Belges_058.jpeg?resize=150%2C150&amp;ssl=1 150w\" sizes=\"auto, (max-width: 250px) 100vw, 250px\" \/><\/figure>\n\n\n\n<figure class=\"wp-block-table\"><table><tbody><tr><td>TOUR DU ROI-DES-BELGES. 1903<\/td><td>\u00a0\u00a0<\/td><\/tr><tr><td>Commune :&nbsp;Villefranche-sur-Mer<br>Canton :&nbsp;Villefranche-sur-Mer<br><br>D\u00e9nomination du sujet photographi\u00e9:&nbsp;LA TOUR DU ROI DES BELGES<br><br>Class\u00e9 aux Monuments historiques et ann\u00e9e:<br><br>Inscrit aux Monuments historiques et ann\u00e9e:<br><strong><br><\/strong><br>Datation:&nbsp;1903<br><strong><br>LEGENDE<\/strong><br>Auteur(artiste, architecte, etc.):&nbsp;AARON MESSIAH<br><br>Mat\u00e9riaux, technique, dimensions:<br><br>Localisation pr\u00e9cise(n\u00b0 et nom de la rue, nom du lieu-dit, nom de l\u2019\u00e9difice):&nbsp;AVENUE L\u00c9OPOLD II<br><br><strong>NOTICE<\/strong><br>Pour rejoindre le bord de mer depuis sa villa La L\u00e9opolda, le roi des Belges doit construire, \u00e0 ses frais, la voie d\u2019acc\u00e8s qui porte aujourd\u2019hui son nom. En 1903, lorsqu\u2019il fait l\u2019acquisition du domaine voisin de Saint-Segond, il relie les deux propri\u00e9t\u00e9s par une passerelle enjambant la route. Mais, pour tenir compte de la d\u00e9clivit\u00e9 du terrain, l\u2019architecte Aaron Messiah con\u00e7oit une fausse ruine en forme de tour, destin\u00e9e \u00e0 masquer un ch\u00e2teau d\u2019eau et un grand escalier. Cette tour n\u2019a donc aucun lien avec le syst\u00e8me fortifi\u00e9 de Villefranche.&nbsp;<\/td><\/tr><\/tbody><\/table><\/figure>\n\n\n\n<div style=\"height:100px\" aria-hidden=\"true\" class=\"wp-block-spacer\"><\/div>\n","protected":false},"excerpt":{"rendered":"<p>TOUR DU ROI-DES-BELGES. 1903 \u00a0\u00a0 Commune :&nbsp;Villefranche-sur-MerCanton :&nbsp;Villefranche-sur-Mer D\u00e9nomination du sujet photographi\u00e9:&nbsp;LA TOUR DU ROI &hellip;<\/p>\n","protected":false},"author":1,"featured_media":0,"parent":0,"menu_order":0,"comment_status":"closed","ping_status":"closed","template":"","meta":{"footnotes":""},"class_list":["post-1650","page","type-page","status-publish","hentry"],"jetpack_sharing_enabled":true,"_links":{"self":[{"href":"https:\/\/darse.fr\/v2\/index.php?rest_route=\/wp\/v2\/pages\/1650","targetHints":{"allow":["GET"]}}],"collection":[{"href":"https:\/\/darse.fr\/v2\/index.php?rest_route=\/wp\/v2\/pages"}],"about":[{"href":"https:\/\/darse.fr\/v2\/index.php?rest_route=\/wp\/v2\/types\/page"}],"author":[{"embeddable":true,"href":"https:\/\/darse.fr\/v2\/index.php?rest_route=\/wp\/v2\/users\/1"}],"replies":[{"embeddable":true,"href":"https:\/\/darse.fr\/v2\/index.php?rest_route=%2Fwp%2Fv2%2Fcomments&post=1650"}],"version-history":[{"count":1,"href":"https:\/\/darse.fr\/v2\/index.php?rest_route=\/wp\/v2\/pages\/1650\/revisions"}],"predecessor-version":[{"id":1652,"href":"https:\/\/darse.fr\/v2\/index.php?rest_route=\/wp\/v2\/pages\/1650\/revisions\/1652"}],"wp:attachment":[{"href":"https:\/\/darse.fr\/v2\/index.php?rest_route=%2Fwp%2Fv2%2Fmedia&parent=1650"}],"curies":[{"name":"wp","href":"https:\/\/api.w.org\/{rel}","templated":true}]}}