{"id":1654,"date":"2022-10-29T14:18:23","date_gmt":"2022-10-29T12:18:23","guid":{"rendered":"https:\/\/darse.fr\/v2\/?page_id=1654"},"modified":"2022-10-29T14:18:23","modified_gmt":"2022-10-29T12:18:23","slug":"un-bal-a-bord-du-formidable","status":"publish","type":"page","link":"https:\/\/darse.fr\/v2\/?page_id=1654","title":{"rendered":"Un bal \u00e0 bord du Formidable"},"content":{"rendered":"\n<figure class=\"wp-block-image size-full\"><img data-recalc-dims=\"1\" loading=\"lazy\" decoding=\"async\" width=\"250\" height=\"325\" src=\"https:\/\/i0.wp.com\/darse.fr\/v2\/wp-content\/uploads\/2022\/10\/Bal-a%CC%80-bord-du-Formidable_054.jpeg?resize=250%2C325&#038;ssl=1\" alt=\"\" class=\"wp-image-1655\" srcset=\"https:\/\/i0.wp.com\/darse.fr\/v2\/wp-content\/uploads\/2022\/10\/Bal-a%CC%80-bord-du-Formidable_054.jpeg?w=250&amp;ssl=1 250w, https:\/\/i0.wp.com\/darse.fr\/v2\/wp-content\/uploads\/2022\/10\/Bal-a%CC%80-bord-du-Formidable_054.jpeg?resize=231%2C300&amp;ssl=1 231w\" sizes=\"auto, (max-width: 250px) 100vw, 250px\" \/><\/figure>\n\n\n\n<figure class=\"wp-block-table\"><table><tbody><tr><td>UN BAL \u00c0 BORD DU FORMIDABLE. 1896<\/td><td>\u00a0\u00a0<\/td><\/tr><tr><td>Commune :&nbsp;Villefranche-sur-Mer<br>Canton :&nbsp;Villefranche-sur-Mer<br><br>D\u00e9nomination du sujet photographi\u00e9:&nbsp;UN BAL \u00c0 BORD DU FORMIDABLE<br><br>Class\u00e9 aux Monuments historiques et ann\u00e9e:<br><br>Inscrit aux Monuments historiques et ann\u00e9e:<br><strong>Arr\u00eat\u00e9 n\u00b0 91-56 du 11 f\u00e9vrier 1991<br><\/strong><br>Datation:&nbsp;1896<br><strong><br>LEGENDE<\/strong><br>Auteur(artiste, architecte, etc.):&nbsp;ARTICLE DU \u00ab PETIT JOURNAL \u00bb<br><br>Mat\u00e9riaux, technique, dimensions:&nbsp;PAPIER<br><br>Localisation pr\u00e9cise(n\u00b0 et nom de la rue, nom du lieu-dit, nom de l\u2019\u00e9difice):&nbsp;COLLECTION PARTICULI\u00c8RE<br><br><strong>NOTICE<\/strong><br>D\u00e8s 1880, la ville de Nice se lance dans l\u2019organisation de r\u00e9gates internationales qui vont tr\u00e8s vite conna\u00eetre un succ\u00e8s consid\u00e9rable en raison de l\u2019importance des prix qui sont accord\u00e9s. Traditionnellement l\u2019escadre fran\u00e7aise, invit\u00e9e \u00e0 ces manifestations, vient faire escale en rade de Villefranche. C\u2019est alors l\u2019occasion de r\u00e9ceptions fastueuses tr\u00e8s pris\u00e9es par toutes les personnalit\u00e9s du d\u00e9partement, comme ce bal \u00e0 bord du Formidable, vaisseau amiral de l\u2019escadre, en 1896, sur lequel avait pris place, depuis Toulon, le pr\u00e9sident de la R\u00e9publique, F\u00e9lix Faure, venu inaugurer le monument c\u00e9l\u00e9brant le rattachement de Nice \u00e0 la France.&nbsp;<\/td><\/tr><\/tbody><\/table><\/figure>\n\n\n\n<div style=\"height:100px\" aria-hidden=\"true\" class=\"wp-block-spacer\"><\/div>\n","protected":false},"excerpt":{"rendered":"<p>UN BAL \u00c0 BORD DU FORMIDABLE. 1896 \u00a0\u00a0 Commune :&nbsp;Villefranche-sur-MerCanton :&nbsp;Villefranche-sur-Mer D\u00e9nomination du sujet photographi\u00e9:&nbsp;UN &hellip;<\/p>\n","protected":false},"author":1,"featured_media":0,"parent":0,"menu_order":0,"comment_status":"closed","ping_status":"closed","template":"","meta":{"footnotes":""},"class_list":["post-1654","page","type-page","status-publish","hentry"],"jetpack_sharing_enabled":true,"_links":{"self":[{"href":"https:\/\/darse.fr\/v2\/index.php?rest_route=\/wp\/v2\/pages\/1654","targetHints":{"allow":["GET"]}}],"collection":[{"href":"https:\/\/darse.fr\/v2\/index.php?rest_route=\/wp\/v2\/pages"}],"about":[{"href":"https:\/\/darse.fr\/v2\/index.php?rest_route=\/wp\/v2\/types\/page"}],"author":[{"embeddable":true,"href":"https:\/\/darse.fr\/v2\/index.php?rest_route=\/wp\/v2\/users\/1"}],"replies":[{"embeddable":true,"href":"https:\/\/darse.fr\/v2\/index.php?rest_route=%2Fwp%2Fv2%2Fcomments&post=1654"}],"version-history":[{"count":1,"href":"https:\/\/darse.fr\/v2\/index.php?rest_route=\/wp\/v2\/pages\/1654\/revisions"}],"predecessor-version":[{"id":1656,"href":"https:\/\/darse.fr\/v2\/index.php?rest_route=\/wp\/v2\/pages\/1654\/revisions\/1656"}],"wp:attachment":[{"href":"https:\/\/darse.fr\/v2\/index.php?rest_route=%2Fwp%2Fv2%2Fmedia&parent=1654"}],"curies":[{"name":"wp","href":"https:\/\/api.w.org\/{rel}","templated":true}]}}