{"id":1662,"date":"2022-10-29T14:22:34","date_gmt":"2022-10-29T12:22:34","guid":{"rendered":"https:\/\/darse.fr\/v2\/?page_id=1662"},"modified":"2022-10-29T14:22:34","modified_gmt":"2022-10-29T12:22:34","slug":"port-de-la-sante","status":"publish","type":"page","link":"https:\/\/darse.fr\/v2\/?page_id=1662","title":{"rendered":"Port de la Sant\u00e9"},"content":{"rendered":"\n<figure class=\"wp-block-image size-full\"><img data-recalc-dims=\"1\" loading=\"lazy\" decoding=\"async\" width=\"250\" height=\"164\" src=\"https:\/\/i0.wp.com\/darse.fr\/v2\/wp-content\/uploads\/2022\/10\/Port-de-la-Sante%CC%81_061.jpeg?resize=250%2C164&#038;ssl=1\" alt=\"\" class=\"wp-image-1663\"\/><\/figure>\n\n\n\n<figure class=\"wp-block-table\"><table><tbody><tr><td>PORT DE LA SANT\u00c9. 1935<\/td><td>\u00a0\u00a0<\/td><\/tr><tr><td>Commune :&nbsp;Villefranche-sur-Mer<br>Canton :&nbsp;Villefranche-sur-Mer<br><br>D\u00e9nomination du sujet photographi\u00e9:&nbsp;PORT DE LA SANT\u00c9<br><br>Class\u00e9 aux Monuments historiques et ann\u00e9e:<br><br>Inscrit aux Monuments historiques et ann\u00e9e:<br><strong><br><\/strong><br>Datation:&nbsp;1935<br><strong><br>LEGENDE<\/strong><br>Auteur(artiste, architecte, etc.)<br><br>Mat\u00e9riaux, technique, dimensions:<br><br>Localisation pr\u00e9cise(n\u00b0 et nom de la rue, nom du lieu-dit, nom de l\u2019\u00e9difice):&nbsp;QUAI DE LA DOUANE<br><br><strong>NOTICE<\/strong><br>Englob\u00e9 dans un ensemble contemporain, le port de la Sant\u00e9 est en fait situ\u00e9 \u00e0 l\u2019emplacement du port primitif de Villefranche, lorsque les habitants de Montolivo descendirent sur le rivage en 1295. Ce port \u00e9tait alors une simple petite plage, \u00e0 l\u2019ouest de la cit\u00e9, prot\u00e9g\u00e9e par une petite tour construite sur un \u00eelot rocheux, et sur laquelle les gal\u00e8res pouvaient venir s\u2019\u00e9chouer. La tour, englob\u00e9e de nos jours dans la gare maritime a abrit\u00e9, dans l\u2019entre-deux guerres, un service de douane et de sant\u00e9. Ce petit port sert surtout aux derniers p\u00eacheurs de Villefranche et au d\u00e9barquement des passagers des paquebots et autres navires ancr\u00e9s dans la rade.&nbsp;<\/td><\/tr><\/tbody><\/table><\/figure>\n\n\n\n<div style=\"height:100px\" aria-hidden=\"true\" class=\"wp-block-spacer\"><\/div>\n","protected":false},"excerpt":{"rendered":"<p>PORT DE LA SANT\u00c9. 1935 \u00a0\u00a0 Commune :&nbsp;Villefranche-sur-MerCanton :&nbsp;Villefranche-sur-Mer D\u00e9nomination du sujet photographi\u00e9:&nbsp;PORT DE LA &hellip;<\/p>\n","protected":false},"author":1,"featured_media":0,"parent":0,"menu_order":0,"comment_status":"closed","ping_status":"closed","template":"","meta":{"footnotes":""},"class_list":["post-1662","page","type-page","status-publish","hentry"],"jetpack_sharing_enabled":true,"_links":{"self":[{"href":"https:\/\/darse.fr\/v2\/index.php?rest_route=\/wp\/v2\/pages\/1662","targetHints":{"allow":["GET"]}}],"collection":[{"href":"https:\/\/darse.fr\/v2\/index.php?rest_route=\/wp\/v2\/pages"}],"about":[{"href":"https:\/\/darse.fr\/v2\/index.php?rest_route=\/wp\/v2\/types\/page"}],"author":[{"embeddable":true,"href":"https:\/\/darse.fr\/v2\/index.php?rest_route=\/wp\/v2\/users\/1"}],"replies":[{"embeddable":true,"href":"https:\/\/darse.fr\/v2\/index.php?rest_route=%2Fwp%2Fv2%2Fcomments&post=1662"}],"version-history":[{"count":1,"href":"https:\/\/darse.fr\/v2\/index.php?rest_route=\/wp\/v2\/pages\/1662\/revisions"}],"predecessor-version":[{"id":1664,"href":"https:\/\/darse.fr\/v2\/index.php?rest_route=\/wp\/v2\/pages\/1662\/revisions\/1664"}],"wp:attachment":[{"href":"https:\/\/darse.fr\/v2\/index.php?rest_route=%2Fwp%2Fv2%2Fmedia&parent=1662"}],"curies":[{"name":"wp","href":"https:\/\/api.w.org\/{rel}","templated":true}]}}