{"id":1666,"date":"2022-10-29T14:24:48","date_gmt":"2022-10-29T12:24:48","guid":{"rendered":"https:\/\/darse.fr\/v2\/?page_id=1666"},"modified":"2022-10-29T14:24:48","modified_gmt":"2022-10-29T12:24:48","slug":"gare-maritime","status":"publish","type":"page","link":"https:\/\/darse.fr\/v2\/?page_id=1666","title":{"rendered":"Gare maritime"},"content":{"rendered":"\n<figure class=\"wp-block-image size-full\"><img data-recalc-dims=\"1\" loading=\"lazy\" decoding=\"async\" width=\"250\" height=\"249\" src=\"https:\/\/i0.wp.com\/darse.fr\/v2\/wp-content\/uploads\/2022\/10\/Gare-maritime_064.jpeg?resize=250%2C249&#038;ssl=1\" alt=\"\" class=\"wp-image-1667\" srcset=\"https:\/\/i0.wp.com\/darse.fr\/v2\/wp-content\/uploads\/2022\/10\/Gare-maritime_064.jpeg?w=250&amp;ssl=1 250w, https:\/\/i0.wp.com\/darse.fr\/v2\/wp-content\/uploads\/2022\/10\/Gare-maritime_064.jpeg?resize=150%2C150&amp;ssl=1 150w\" sizes=\"auto, (max-width: 250px) 100vw, 250px\" \/><\/figure>\n\n\n\n<figure class=\"wp-block-table\"><table><tbody><tr><td>GARE MARITIME. 1938<\/td><td>\u00a0\u00a0<\/td><\/tr><tr><td>Commune :&nbsp;Villefranche-sur-Mer<br>Canton :&nbsp;Villefranche-sur-Mer<br><br>D\u00e9nomination du sujet photographi\u00e9:&nbsp;GARE MARITIME<br><br>Class\u00e9 aux Monuments historiques et ann\u00e9e:<br><br>Inscrit aux Monuments historiques et ann\u00e9e:<br><strong><br><\/strong><br>Datation:&nbsp;1938<br><strong><br>LEGENDE<\/strong><br>Auteur(artiste, architecte, etc.)<br><br>Mat\u00e9riaux, technique, dimensions:<br><br>Localisation pr\u00e9cise(n\u00b0 et nom de la rue, nom du lieu-dit, nom de l\u2019\u00e9difice):&nbsp;PLACE WILSON<br><br><strong>NOTICE<\/strong><br>A partir de 1905 des paquebots de luxe font escale \u00e0 Villefranche. Pour faire face \u00e0 ce nouveau march\u00e9 et lutter contre la concurrence de ports comme Monaco qui n\u2019h\u00e9sitent pas \u00e0 faire appel \u00e0 des remorqueurs de Liverpool pour le d\u00e9barquement des passagers, un certain nombre de projets, la plupart grandioses et d\u00e9mentiels, sont propos\u00e9s pour transformer enti\u00e8rement la rade de Villefranche en terminal pour les paquebots. Mais il faudra attendre 1935 et la cession de la gestion du port \u00e0 la Chambre de Commerce de Nice pour qu\u2019une v\u00e9ritable gare maritime voit le jour, \u00e0 l\u2019emplacement du port primitif de Villefranche. Aujourd\u2019hui, le port de Villefranche-Nice demeure le premier port de France pour l\u2019accueil des bateaux de croisi\u00e8re.&nbsp;<\/td><\/tr><\/tbody><\/table><\/figure>\n\n\n\n<div style=\"height:100px\" aria-hidden=\"true\" class=\"wp-block-spacer\"><\/div>\n","protected":false},"excerpt":{"rendered":"<p>GARE MARITIME. 1938 \u00a0\u00a0 Commune :&nbsp;Villefranche-sur-MerCanton :&nbsp;Villefranche-sur-Mer D\u00e9nomination du sujet photographi\u00e9:&nbsp;GARE MARITIME Class\u00e9 aux Monuments &hellip;<\/p>\n","protected":false},"author":1,"featured_media":0,"parent":0,"menu_order":0,"comment_status":"closed","ping_status":"closed","template":"","meta":{"footnotes":""},"class_list":["post-1666","page","type-page","status-publish","hentry"],"jetpack_sharing_enabled":true,"_links":{"self":[{"href":"https:\/\/darse.fr\/v2\/index.php?rest_route=\/wp\/v2\/pages\/1666","targetHints":{"allow":["GET"]}}],"collection":[{"href":"https:\/\/darse.fr\/v2\/index.php?rest_route=\/wp\/v2\/pages"}],"about":[{"href":"https:\/\/darse.fr\/v2\/index.php?rest_route=\/wp\/v2\/types\/page"}],"author":[{"embeddable":true,"href":"https:\/\/darse.fr\/v2\/index.php?rest_route=\/wp\/v2\/users\/1"}],"replies":[{"embeddable":true,"href":"https:\/\/darse.fr\/v2\/index.php?rest_route=%2Fwp%2Fv2%2Fcomments&post=1666"}],"version-history":[{"count":1,"href":"https:\/\/darse.fr\/v2\/index.php?rest_route=\/wp\/v2\/pages\/1666\/revisions"}],"predecessor-version":[{"id":1668,"href":"https:\/\/darse.fr\/v2\/index.php?rest_route=\/wp\/v2\/pages\/1666\/revisions\/1668"}],"wp:attachment":[{"href":"https:\/\/darse.fr\/v2\/index.php?rest_route=%2Fwp%2Fv2%2Fmedia&parent=1666"}],"curies":[{"name":"wp","href":"https:\/\/api.w.org\/{rel}","templated":true}]}}