{"id":1682,"date":"2022-10-29T14:37:09","date_gmt":"2022-10-29T12:37:09","guid":{"rendered":"https:\/\/darse.fr\/v2\/?page_id=1682"},"modified":"2022-10-29T14:37:09","modified_gmt":"2022-10-29T12:37:09","slug":"eglise-saint-michel","status":"publish","type":"page","link":"https:\/\/darse.fr\/v2\/?page_id=1682","title":{"rendered":"Eglise Saint-Michel"},"content":{"rendered":"\n<figure class=\"wp-block-image size-full\"><img data-recalc-dims=\"1\" loading=\"lazy\" decoding=\"async\" width=\"250\" height=\"146\" src=\"https:\/\/i0.wp.com\/darse.fr\/v2\/wp-content\/uploads\/2022\/10\/Eglise-Saint-Michel_042.jpeg?resize=250%2C146&#038;ssl=1\" alt=\"\" class=\"wp-image-1683\"\/><\/figure>\n\n\n\n<figure class=\"wp-block-table\"><table><tbody><tr><td>\u00c9GLISE SAINT-MICHEL (DETAIL). 1732-1757<\/td><td>\u00a0\u00a0<\/td><\/tr><tr><td>Commune :&nbsp;Villefranche-sur-Mer<br>Canton :&nbsp;Villefranche-sur-Mer<br><br>D\u00e9nomination du sujet photographi\u00e9:&nbsp;FA\u00c7ADE EGLISE SAINT-MICHEL<br><br>Class\u00e9 aux Monuments historiques et ann\u00e9e:&nbsp;4 JANVIER 1989<br><br>Inscrit aux Monuments historiques et ann\u00e9e:<br><strong><br><\/strong><br>Datation:&nbsp;1732 &#8211; 1757<br><strong><br>LEGENDE<\/strong><br>Auteur(artiste, architecte, etc.)<br><br>Mat\u00e9riaux, technique, dimensions:<br>Localisation pr\u00e9cise(n\u00b0 et nom de la rue, nom du lieu-dit, nom de l\u2019\u00e9difice):&nbsp;RUE DE L\u2019EGLISE<br><br><strong>NOTICE<\/strong><br>A l\u2019emplacement d\u2019une \u00e9glise m\u00e9di\u00e9vale, d\u00e9j\u00e0 plac\u00e9e sous le patronage de Saint-Michel et devenue \u00e0 la fois trop v\u00e9tuste et trop exigu\u00eb est \u00e9rig\u00e9e l\u2019actuelle \u00e9glise, exemple parfait d\u2019adaptation du style baroque pi\u00e9montais au paysage m\u00e9diterran\u00e9en. La fa\u00e7ade imposante et le clocher campanile annexe constituent le fait monumental majeur de Villefranche dont les maisons s\u2019\u00e9tagent le long des pentes dominant la rade.&nbsp;<\/td><\/tr><\/tbody><\/table><\/figure>\n\n\n\n<div style=\"height:100px\" aria-hidden=\"true\" class=\"wp-block-spacer\"><\/div>\n","protected":false},"excerpt":{"rendered":"<p>\u00c9GLISE SAINT-MICHEL (DETAIL). 1732-1757 \u00a0\u00a0 Commune :&nbsp;Villefranche-sur-MerCanton :&nbsp;Villefranche-sur-Mer D\u00e9nomination du sujet photographi\u00e9:&nbsp;FA\u00c7ADE EGLISE SAINT-MICHEL Class\u00e9 &hellip;<\/p>\n","protected":false},"author":1,"featured_media":0,"parent":0,"menu_order":0,"comment_status":"closed","ping_status":"closed","template":"","meta":{"footnotes":""},"class_list":["post-1682","page","type-page","status-publish","hentry"],"jetpack_sharing_enabled":true,"_links":{"self":[{"href":"https:\/\/darse.fr\/v2\/index.php?rest_route=\/wp\/v2\/pages\/1682","targetHints":{"allow":["GET"]}}],"collection":[{"href":"https:\/\/darse.fr\/v2\/index.php?rest_route=\/wp\/v2\/pages"}],"about":[{"href":"https:\/\/darse.fr\/v2\/index.php?rest_route=\/wp\/v2\/types\/page"}],"author":[{"embeddable":true,"href":"https:\/\/darse.fr\/v2\/index.php?rest_route=\/wp\/v2\/users\/1"}],"replies":[{"embeddable":true,"href":"https:\/\/darse.fr\/v2\/index.php?rest_route=%2Fwp%2Fv2%2Fcomments&post=1682"}],"version-history":[{"count":1,"href":"https:\/\/darse.fr\/v2\/index.php?rest_route=\/wp\/v2\/pages\/1682\/revisions"}],"predecessor-version":[{"id":1684,"href":"https:\/\/darse.fr\/v2\/index.php?rest_route=\/wp\/v2\/pages\/1682\/revisions\/1684"}],"wp:attachment":[{"href":"https:\/\/darse.fr\/v2\/index.php?rest_route=%2Fwp%2Fv2%2Fmedia&parent=1682"}],"curies":[{"name":"wp","href":"https:\/\/api.w.org\/{rel}","templated":true}]}}