{"id":1696,"date":"2022-10-29T14:50:33","date_gmt":"2022-10-29T12:50:33","guid":{"rendered":"https:\/\/darse.fr\/v2\/?page_id=1696"},"modified":"2022-10-29T14:50:33","modified_gmt":"2022-10-29T12:50:33","slug":"hopital-des-galeriens","status":"publish","type":"page","link":"https:\/\/darse.fr\/v2\/?page_id=1696","title":{"rendered":"H\u00f4pital des gal\u00e9riens"},"content":{"rendered":"\n<figure class=\"wp-block-image size-full\"><img data-recalc-dims=\"1\" loading=\"lazy\" decoding=\"async\" width=\"250\" height=\"202\" src=\"https:\/\/i0.wp.com\/darse.fr\/v2\/wp-content\/uploads\/2022\/10\/Ho%CC%82pital-des-gale%CC%81riens_037.jpeg?resize=250%2C202&#038;ssl=1\" alt=\"\" class=\"wp-image-1697\"\/><\/figure>\n\n\n\n<figure class=\"wp-block-table\"><table><tbody><tr><td>H\u00d4PITAL DES GAL\u00c8RES. 1767-1769<\/td><td>\u00a0\u00a0<\/td><\/tr><tr><td>Commune :&nbsp;Villefranche-sur-Mer<br>Canton :&nbsp;Villefranche-sur-Mer<br><br>D\u00e9nomination du sujet photographi\u00e9:&nbsp;H\u00d4PITAL DES GAL\u00c8RES<br><br>Class\u00e9 aux Monuments historiques et ann\u00e9e:<br><br>Inscrit aux Monuments historiques et ann\u00e9e:<br><strong>arr\u00eat\u00e9 n\u00b0 91 &#8211; 56 du 11 f\u00e9vrier 1991<br><\/strong><br>Datation:&nbsp;1767 &#8211; 1769<br><strong><br>LEGENDE<\/strong><br>Auteur(artiste, architecte, etc.):&nbsp;<strong>Fran\u00e7ois Michaud (architecte)<\/strong><br><br>Mat\u00e9riaux, technique, dimensions:&nbsp;PIERRES<br><br>Localisation pr\u00e9cise(n\u00b0 et nom de la rue, nom du lieu-dit, nom de l\u2019\u00e9difice):&nbsp;PORT DE LA DARSE, CHEMIN DU LAZARET<br><br><strong>NOTICE<\/strong><br>En arri\u00e8re du magasin de l\u2019arsenal de la marine, un bassin d\u2019eau de mer permet de tenir \u00e0 flot les bois pour la construction des navires. Ce bassin est prolong\u00e9 par un long magasin \u00e0 trois nefs, au-dessus duquel on d\u00e9cide, en 1767, de construire sur le m\u00eame plan, mais avec une grande nef centrale sur\u00e9lev\u00e9e, un h\u00f4pital pour la chiourme des gal\u00e8res. Dans les ann\u00e9es 1850, ce b\u00e2timent, ainsi que celui de la forge sont conc\u00e9d\u00e9s \u00e0 la Marine russe qui a obtenu du roi de Pi\u00e9mont Sardaigne le droit d\u2019utiliser la rade de Villefranche comme base de ravitaillement en charbon. Un laboratoire russe de zoologie marine y est cr\u00e9\u00e9 par le comte Alexis de Korotneff, professeur \u00e0 l\u2019Universit\u00e9 de Kiev, en 1885. C\u2019est le premier des laboratoires de ce qui deviendra l\u2019Observatoire Oc\u00e9anologique de Villefranche.&nbsp;<\/td><\/tr><\/tbody><\/table><\/figure>\n\n\n\n<div style=\"height:100px\" aria-hidden=\"true\" class=\"wp-block-spacer\"><\/div>\n","protected":false},"excerpt":{"rendered":"<p>H\u00d4PITAL DES GAL\u00c8RES. 1767-1769 \u00a0\u00a0 Commune :&nbsp;Villefranche-sur-MerCanton :&nbsp;Villefranche-sur-Mer D\u00e9nomination du sujet photographi\u00e9:&nbsp;H\u00d4PITAL DES GAL\u00c8RES Class\u00e9 &hellip;<\/p>\n","protected":false},"author":1,"featured_media":0,"parent":0,"menu_order":0,"comment_status":"closed","ping_status":"closed","template":"","meta":{"footnotes":""},"class_list":["post-1696","page","type-page","status-publish","hentry"],"jetpack_sharing_enabled":true,"_links":{"self":[{"href":"https:\/\/darse.fr\/v2\/index.php?rest_route=\/wp\/v2\/pages\/1696","targetHints":{"allow":["GET"]}}],"collection":[{"href":"https:\/\/darse.fr\/v2\/index.php?rest_route=\/wp\/v2\/pages"}],"about":[{"href":"https:\/\/darse.fr\/v2\/index.php?rest_route=\/wp\/v2\/types\/page"}],"author":[{"embeddable":true,"href":"https:\/\/darse.fr\/v2\/index.php?rest_route=\/wp\/v2\/users\/1"}],"replies":[{"embeddable":true,"href":"https:\/\/darse.fr\/v2\/index.php?rest_route=%2Fwp%2Fv2%2Fcomments&post=1696"}],"version-history":[{"count":1,"href":"https:\/\/darse.fr\/v2\/index.php?rest_route=\/wp\/v2\/pages\/1696\/revisions"}],"predecessor-version":[{"id":1698,"href":"https:\/\/darse.fr\/v2\/index.php?rest_route=\/wp\/v2\/pages\/1696\/revisions\/1698"}],"wp:attachment":[{"href":"https:\/\/darse.fr\/v2\/index.php?rest_route=%2Fwp%2Fv2%2Fmedia&parent=1696"}],"curies":[{"name":"wp","href":"https:\/\/api.w.org\/{rel}","templated":true}]}}