{"id":1718,"date":"2022-10-29T15:18:49","date_gmt":"2022-10-29T13:18:49","guid":{"rendered":"https:\/\/darse.fr\/v2\/?page_id=1718"},"modified":"2022-10-29T15:18:49","modified_gmt":"2022-10-29T13:18:49","slug":"monument-funeraire","status":"publish","type":"page","link":"https:\/\/darse.fr\/v2\/?page_id=1718","title":{"rendered":"Monument fun\u00e9raire"},"content":{"rendered":"\n<figure class=\"wp-block-image size-full\"><img data-recalc-dims=\"1\" loading=\"lazy\" decoding=\"async\" width=\"250\" height=\"362\" src=\"https:\/\/i0.wp.com\/darse.fr\/v2\/wp-content\/uploads\/2022\/10\/Monument-fune%CC%81raire_043.jpeg?resize=250%2C362&#038;ssl=1\" alt=\"\" class=\"wp-image-1719\" srcset=\"https:\/\/i0.wp.com\/darse.fr\/v2\/wp-content\/uploads\/2022\/10\/Monument-fune%CC%81raire_043.jpeg?w=250&amp;ssl=1 250w, https:\/\/i0.wp.com\/darse.fr\/v2\/wp-content\/uploads\/2022\/10\/Monument-fune%CC%81raire_043.jpeg?resize=207%2C300&amp;ssl=1 207w\" sizes=\"auto, (max-width: 250px) 100vw, 250px\" \/><\/figure>\n\n\n\n<figure class=\"wp-block-table\"><table><tbody><tr><td>MONUMENT FUN\u00c9RAIRE. 1728<\/td><td>\u00a0\u00a0<\/td><\/tr><tr><td>Commune :&nbsp;Villefranche-sur-Mer<br>Canton :&nbsp;Villefranche-sur-Mer<br><br>D\u00e9nomination du sujet photographi\u00e9:&nbsp;MONUMENT FUN\u00c9RAIRE<br><br>Class\u00e9 aux Monuments historiques et ann\u00e9e:&nbsp;2 MAI 1910<br><br>Inscrit aux Monuments historiques et ann\u00e9e:<br><strong><br><\/strong><br>Datation:&nbsp;1728<br><strong><br>LEGENDE<\/strong><br>Auteur(artiste, architecte, etc.)<br><br>Mat\u00e9riaux, technique, dimensions:&nbsp;MARBRE<br><br>Localisation pr\u00e9cise(n\u00b0 et nom de la rue, nom du lieu-dit, nom de l\u2019\u00e9difice):&nbsp;EGLISE PAROISSIALE \u2013 RUE DE L\u2019\u00c9GLISE<br><br><strong>NOTICE<\/strong><br>Sur le mur nord du transept gauche de l\u2019\u00e9glise est \u00e9difi\u00e9 un imposant monument fun\u00e9raire en marbre, surmont\u00e9 d\u2019un buste du d\u00e9funt, le chevalier de Malte Octave-Emmanuel Scarampo de Cairo, d\u00e9c\u00e9d\u00e9 en 1728. Ce monument est donc ant\u00e9rieur \u00e0 l\u2019\u00e9glise actuelle dans laquelle il aurait \u00e9t\u00e9 replac\u00e9 apr\u00e8s la reconstruction de celle-ci&nbsp;<\/td><\/tr><\/tbody><\/table><\/figure>\n\n\n\n<div style=\"height:100px\" aria-hidden=\"true\" class=\"wp-block-spacer\"><\/div>\n","protected":false},"excerpt":{"rendered":"<p>MONUMENT FUN\u00c9RAIRE. 1728 \u00a0\u00a0 Commune :&nbsp;Villefranche-sur-MerCanton :&nbsp;Villefranche-sur-Mer D\u00e9nomination du sujet photographi\u00e9:&nbsp;MONUMENT FUN\u00c9RAIRE Class\u00e9 aux Monuments &hellip;<\/p>\n","protected":false},"author":1,"featured_media":0,"parent":0,"menu_order":0,"comment_status":"closed","ping_status":"closed","template":"","meta":{"footnotes":""},"class_list":["post-1718","page","type-page","status-publish","hentry"],"jetpack_sharing_enabled":true,"_links":{"self":[{"href":"https:\/\/darse.fr\/v2\/index.php?rest_route=\/wp\/v2\/pages\/1718","targetHints":{"allow":["GET"]}}],"collection":[{"href":"https:\/\/darse.fr\/v2\/index.php?rest_route=\/wp\/v2\/pages"}],"about":[{"href":"https:\/\/darse.fr\/v2\/index.php?rest_route=\/wp\/v2\/types\/page"}],"author":[{"embeddable":true,"href":"https:\/\/darse.fr\/v2\/index.php?rest_route=\/wp\/v2\/users\/1"}],"replies":[{"embeddable":true,"href":"https:\/\/darse.fr\/v2\/index.php?rest_route=%2Fwp%2Fv2%2Fcomments&post=1718"}],"version-history":[{"count":1,"href":"https:\/\/darse.fr\/v2\/index.php?rest_route=\/wp\/v2\/pages\/1718\/revisions"}],"predecessor-version":[{"id":1720,"href":"https:\/\/darse.fr\/v2\/index.php?rest_route=\/wp\/v2\/pages\/1718\/revisions\/1720"}],"wp:attachment":[{"href":"https:\/\/darse.fr\/v2\/index.php?rest_route=%2Fwp%2Fv2%2Fmedia&parent=1718"}],"curies":[{"name":"wp","href":"https:\/\/api.w.org\/{rel}","templated":true}]}}