{"id":4690,"date":"2023-12-13T07:33:29","date_gmt":"2023-12-13T06:33:29","guid":{"rendered":"https:\/\/darse.fr\/v2\/?page_id=4690"},"modified":"2024-01-08T20:57:01","modified_gmt":"2024-01-08T19:57:01","slug":"willkommen","status":"publish","type":"page","link":"https:\/\/darse.fr\/v2\/?page_id=4690","title":{"rendered":"Willkommen"},"content":{"rendered":"<div class=\"wp-block-image\">\n<figure class=\"aligncenter is-resized\"><a href=\"https:\/\/darse.fr\/v2\/?attachment_id=4281\"><img data-recalc-dims=\"1\" loading=\"lazy\" decoding=\"async\" width=\"300\" height=\"158\" src=\"https:\/\/i0.wp.com\/darse.fr\/v2\/wp-content\/uploads\/2023\/04\/la-darse-de-Villefranche.png?resize=300%2C158&#038;ssl=1\" alt=\"\" class=\"wp-image-4281\" style=\"width:746px;height:393px\" srcset=\"https:\/\/i0.wp.com\/darse.fr\/v2\/wp-content\/uploads\/2023\/04\/la-darse-de-Villefranche.png?resize=300%2C158&amp;ssl=1 300w, https:\/\/i0.wp.com\/darse.fr\/v2\/wp-content\/uploads\/2023\/04\/la-darse-de-Villefranche.png?resize=1024%2C538&amp;ssl=1 1024w, https:\/\/i0.wp.com\/darse.fr\/v2\/wp-content\/uploads\/2023\/04\/la-darse-de-Villefranche.png?resize=768%2C403&amp;ssl=1 768w, https:\/\/i0.wp.com\/darse.fr\/v2\/wp-content\/uploads\/2023\/04\/la-darse-de-Villefranche.png?resize=1536%2C807&amp;ssl=1 1536w, https:\/\/i0.wp.com\/darse.fr\/v2\/wp-content\/uploads\/2023\/04\/la-darse-de-Villefranche.png?resize=571%2C300&amp;ssl=1 571w, https:\/\/i0.wp.com\/darse.fr\/v2\/wp-content\/uploads\/2023\/04\/la-darse-de-Villefranche.png?w=1874&amp;ssl=1 1874w\" sizes=\"auto, (max-width: 300px) 100vw, 300px\" \/><\/a><\/figure><\/div>\n\n\n<p class=\"has-text-align-center\">Der Hafen von Villefranche -sur-Mer<\/p>\n\n\n\n<div style=\"height:100px\" aria-hidden=\"true\" class=\"wp-block-spacer\"><\/div>\n\n\n\n<p><\/p>\n\n\n\n<p>Der Hafen von Villefranche sur Mer liegt nicht weit von Nizza entfernt und ist ein attraktiver Ort, der f\u00fcr seine Entwicklung von Freizeitbooten und Touristenkreuzfahrten bekannt ist.<\/p>\n\n\n\n<p>Der Hafen wurde von den Gew\u00e4ssern des Mittelmeerbeckens (\u00fcber 30 Millionen Jahre alt) umsp\u00fclt und beherbergte die englischen, franz\u00f6sischen, russischen und amerikanischen Kriegsflotten.<\/p>\n\n\n\n<p>Ihre milit\u00e4rische Bedeutung geht auf das 18. Jahrhundert zur\u00fcck, als die Stadt zu einem Arsenal und einem Milit\u00e4rhafen wurde, in dem die Galeerenflotte der Herz\u00f6ge von Savoyen untergebracht war, die 1720 K\u00f6nige von Sardinien wurden.<\/p>\n\n\n\n<p>Dar\u00fcber hinaus hat seine privilegierte geografische Lage eine Reihe von Wissenschaftlern und Forschern angezogen, die in den 1880er Jahren in den ehemaligen Geb\u00e4uden des Milit\u00e4rdocks mit der heute international bekannten ozeanografischen Forschung begannen.<\/p>\n\n\n\n<p>Die nat\u00fcrlich gesch\u00fctzte Bucht von Villefranche war wahrscheinlich seit der Antike ein Handelsposten, bekannt als \u00ab\u00a0Porto Olivo\u00a0\u00bb.<\/p>\n\n\n\n<p>Das Ergebnis ist eine St\u00e4tte von au\u00dfergew\u00f6hnlichem Kulturerbewert. Es ist dieses maritime Erbe, das die 1995 gegr\u00fcndete Vereinigung zur Erhaltung des maritimen Erbes von Villefranche (ASPMV) untersuchen, sch\u00fctzen und einem breiten Publikum bekannt machen m\u00f6chte.<\/p>\n\n\n\n<p class=\"has-normal-font-size\" style=\"font-style:normal;font-weight:300\">(Quelle: Einf\u00fchrung von Jean Mascle, Pr\u00e4sident der ASPMV, Anne BROGINI, Eric DE BACKER, Jean-Pierre JARDEL, J\u00e9r\u00f4me MAGAIL, Mitglieder des Organisationskomitees der Konferenz \u00ab\u00a0Villefranche et la mer\u00a0\u00bb, die am 15. und 16. Oktober 2017 stattfand , in Proceedings of the Colloquium \u00ab\u00a0Villefranche et la mer\u00a0\u00bb, ver\u00f6ffentlicht 2019 und erneut ver\u00f6ffentlicht 2022)<\/p>\n\n\n\n<p class=\"has-normal-font-size\"><sup>(traduction: Michel JARDIN)<\/sup><\/p>\n","protected":false},"excerpt":{"rendered":"<p>Der Hafen von Villefranche -sur-Mer Der Hafen von Villefranche sur Mer liegt nicht weit von &hellip;<\/p>\n","protected":false},"author":1,"featured_media":0,"parent":0,"menu_order":0,"comment_status":"closed","ping_status":"closed","template":"","meta":{"footnotes":""},"class_list":["post-4690","page","type-page","status-publish","hentry"],"jetpack_sharing_enabled":true,"_links":{"self":[{"href":"https:\/\/darse.fr\/v2\/index.php?rest_route=\/wp\/v2\/pages\/4690","targetHints":{"allow":["GET"]}}],"collection":[{"href":"https:\/\/darse.fr\/v2\/index.php?rest_route=\/wp\/v2\/pages"}],"about":[{"href":"https:\/\/darse.fr\/v2\/index.php?rest_route=\/wp\/v2\/types\/page"}],"author":[{"embeddable":true,"href":"https:\/\/darse.fr\/v2\/index.php?rest_route=\/wp\/v2\/users\/1"}],"replies":[{"embeddable":true,"href":"https:\/\/darse.fr\/v2\/index.php?rest_route=%2Fwp%2Fv2%2Fcomments&post=4690"}],"version-history":[{"count":18,"href":"https:\/\/darse.fr\/v2\/index.php?rest_route=\/wp\/v2\/pages\/4690\/revisions"}],"predecessor-version":[{"id":4750,"href":"https:\/\/darse.fr\/v2\/index.php?rest_route=\/wp\/v2\/pages\/4690\/revisions\/4750"}],"wp:attachment":[{"href":"https:\/\/darse.fr\/v2\/index.php?rest_route=%2Fwp%2Fv2%2Fmedia&parent=4690"}],"curies":[{"name":"wp","href":"https:\/\/api.w.org\/{rel}","templated":true}]}}