{"id":499,"date":"2022-06-24T20:24:51","date_gmt":"2022-06-24T18:24:51","guid":{"rendered":"https:\/\/darse.fr\/v2\/?page_id=499"},"modified":"2024-01-29T09:56:37","modified_gmt":"2024-01-29T08:56:37","slug":"galerie-de-plantes","status":"publish","type":"page","link":"https:\/\/darse.fr\/v2\/?page_id=499","title":{"rendered":"Le jardin Beaudouin"},"content":{"rendered":"\n<div class=\"wp-block-buttons alignwide has-custom-font-size has-larger-font-size is-content-justification-center is-layout-flex wp-container-core-buttons-is-layout-1 wp-block-buttons-is-layout-flex\">\n<div class=\"wp-block-button has-custom-width wp-block-button__width-75 has-custom-font-size aligncenter is-style-outline has-large-font-size is-style-outline--1\"><a class=\"wp-block-button__link has-sitebg-background-color has-text-color has-background wp-element-button\" href=\"https:\/\/monjardin905658502.wordpress.com\/\" style=\"color:#0a7e25\">inventaire botanique<\/a><\/div>\n<\/div>\n\n\n\n<p class=\"has-text-align-center\"><a href=\"https:\/\/monjardin905658502.wordpress.com\/\">Cliquer \u2206<\/a><\/p>\n\n\n<div class=\"wp-block-spacer\" style=\"height: 18px;\" aria-hidden=\"true\">\u00a0<\/div>\n\n<div class=\"wp-block-image\">\n<figure class=\"aligncenter size-large\"><img data-recalc-dims=\"1\" loading=\"lazy\" decoding=\"async\" width=\"1024\" height=\"355\" src=\"https:\/\/i0.wp.com\/darse.fr\/v2\/wp-content\/uploads\/2023\/02\/immersion.png?resize=1024%2C355&#038;ssl=1\" alt=\"\" class=\"wp-image-4000\" srcset=\"https:\/\/i0.wp.com\/darse.fr\/v2\/wp-content\/uploads\/2023\/02\/immersion.png?resize=1024%2C355&amp;ssl=1 1024w, https:\/\/i0.wp.com\/darse.fr\/v2\/wp-content\/uploads\/2023\/02\/immersion.png?resize=300%2C104&amp;ssl=1 300w, https:\/\/i0.wp.com\/darse.fr\/v2\/wp-content\/uploads\/2023\/02\/immersion.png?resize=768%2C266&amp;ssl=1 768w, https:\/\/i0.wp.com\/darse.fr\/v2\/wp-content\/uploads\/2023\/02\/immersion.png?resize=1536%2C532&amp;ssl=1 1536w, https:\/\/i0.wp.com\/darse.fr\/v2\/wp-content\/uploads\/2023\/02\/immersion.png?resize=705%2C244&amp;ssl=1 705w, https:\/\/i0.wp.com\/darse.fr\/v2\/wp-content\/uploads\/2023\/02\/immersion.png?w=2032&amp;ssl=1 2032w\" sizes=\"auto, (max-width: 1024px) 100vw, 1024px\" \/><\/figure><\/div>\n\n\n<p class=\"has-text-align-center has-accent-1-color has-text-color has-larger-font-size\"><strong>LE <\/strong><strong>JARDIN-TERRASSE<\/strong><\/p>\n\n\n\n<div class=\"wp-block-group has-background\" style=\"background-color:#89d4828f\"><div class=\"wp-block-group__inner-container is-layout-flow wp-block-group-is-layout-flow\">\n<figure class=\"wp-block-gallery has-nested-images columns-default is-cropped wp-block-gallery-2 is-layout-flex wp-block-gallery-is-layout-flex\">\n<figure class=\"wp-block-image size-large\"><img data-recalc-dims=\"1\" loading=\"lazy\" decoding=\"async\" width=\"492\" height=\"1024\" src=\"https:\/\/i0.wp.com\/darse.fr\/v2\/wp-content\/uploads\/2022\/06\/IMG_20220607_114540-1.jpg?resize=492%2C1024&#038;ssl=1\" alt=\"\" class=\"wp-image-538\" srcset=\"https:\/\/i0.wp.com\/darse.fr\/v2\/wp-content\/uploads\/2022\/06\/IMG_20220607_114540-1.jpg?resize=492%2C1024&amp;ssl=1 492w, https:\/\/i0.wp.com\/darse.fr\/v2\/wp-content\/uploads\/2022\/06\/IMG_20220607_114540-1.jpg?resize=144%2C300&amp;ssl=1 144w, https:\/\/i0.wp.com\/darse.fr\/v2\/wp-content\/uploads\/2022\/06\/IMG_20220607_114540-1.jpg?resize=768%2C1598&amp;ssl=1 768w, https:\/\/i0.wp.com\/darse.fr\/v2\/wp-content\/uploads\/2022\/06\/IMG_20220607_114540-1.jpg?resize=738%2C1536&amp;ssl=1 738w, https:\/\/i0.wp.com\/darse.fr\/v2\/wp-content\/uploads\/2022\/06\/IMG_20220607_114540-1.jpg?w=769&amp;ssl=1 769w\" sizes=\"auto, (max-width: 492px) 100vw, 492px\" \/><\/figure>\n\n\n\n<figure class=\"wp-block-image size-large\"><img data-recalc-dims=\"1\" loading=\"lazy\" decoding=\"async\" width=\"492\" height=\"1024\" src=\"https:\/\/i0.wp.com\/darse.fr\/v2\/wp-content\/uploads\/2022\/06\/IMG_20220607_114448.jpg?resize=492%2C1024&#038;ssl=1\" alt=\"\" class=\"wp-image-539\" srcset=\"https:\/\/i0.wp.com\/darse.fr\/v2\/wp-content\/uploads\/2022\/06\/IMG_20220607_114448.jpg?resize=492%2C1024&amp;ssl=1 492w, https:\/\/i0.wp.com\/darse.fr\/v2\/wp-content\/uploads\/2022\/06\/IMG_20220607_114448.jpg?resize=144%2C300&amp;ssl=1 144w, https:\/\/i0.wp.com\/darse.fr\/v2\/wp-content\/uploads\/2022\/06\/IMG_20220607_114448.jpg?resize=768%2C1598&amp;ssl=1 768w, https:\/\/i0.wp.com\/darse.fr\/v2\/wp-content\/uploads\/2022\/06\/IMG_20220607_114448.jpg?resize=738%2C1536&amp;ssl=1 738w, https:\/\/i0.wp.com\/darse.fr\/v2\/wp-content\/uploads\/2022\/06\/IMG_20220607_114448.jpg?w=769&amp;ssl=1 769w\" sizes=\"auto, (max-width: 492px) 100vw, 492px\" \/><\/figure>\n\n\n\n<figure class=\"wp-block-image size-large\"><img data-recalc-dims=\"1\" loading=\"lazy\" decoding=\"async\" width=\"492\" height=\"1024\" src=\"https:\/\/i0.wp.com\/darse.fr\/v2\/wp-content\/uploads\/2022\/06\/IMG_20220607_114654.jpg?resize=492%2C1024&#038;ssl=1\" alt=\"\" class=\"wp-image-540\" srcset=\"https:\/\/i0.wp.com\/darse.fr\/v2\/wp-content\/uploads\/2022\/06\/IMG_20220607_114654.jpg?resize=492%2C1024&amp;ssl=1 492w, https:\/\/i0.wp.com\/darse.fr\/v2\/wp-content\/uploads\/2022\/06\/IMG_20220607_114654.jpg?resize=144%2C300&amp;ssl=1 144w, https:\/\/i0.wp.com\/darse.fr\/v2\/wp-content\/uploads\/2022\/06\/IMG_20220607_114654.jpg?resize=768%2C1598&amp;ssl=1 768w, https:\/\/i0.wp.com\/darse.fr\/v2\/wp-content\/uploads\/2022\/06\/IMG_20220607_114654.jpg?resize=738%2C1536&amp;ssl=1 738w, https:\/\/i0.wp.com\/darse.fr\/v2\/wp-content\/uploads\/2022\/06\/IMG_20220607_114654.jpg?w=769&amp;ssl=1 769w\" sizes=\"auto, (max-width: 492px) 100vw, 492px\" \/><\/figure>\n\n\n\n<figure class=\"wp-block-image size-large\"><img data-recalc-dims=\"1\" loading=\"lazy\" decoding=\"async\" width=\"492\" height=\"1024\" src=\"https:\/\/i0.wp.com\/darse.fr\/v2\/wp-content\/uploads\/2022\/06\/IMG_20220607_114610.jpg?resize=492%2C1024&#038;ssl=1\" alt=\"\" class=\"wp-image-541\" srcset=\"https:\/\/i0.wp.com\/darse.fr\/v2\/wp-content\/uploads\/2022\/06\/IMG_20220607_114610.jpg?resize=492%2C1024&amp;ssl=1 492w, https:\/\/i0.wp.com\/darse.fr\/v2\/wp-content\/uploads\/2022\/06\/IMG_20220607_114610.jpg?resize=144%2C300&amp;ssl=1 144w, https:\/\/i0.wp.com\/darse.fr\/v2\/wp-content\/uploads\/2022\/06\/IMG_20220607_114610.jpg?resize=768%2C1598&amp;ssl=1 768w, https:\/\/i0.wp.com\/darse.fr\/v2\/wp-content\/uploads\/2022\/06\/IMG_20220607_114610.jpg?resize=738%2C1536&amp;ssl=1 738w, https:\/\/i0.wp.com\/darse.fr\/v2\/wp-content\/uploads\/2022\/06\/IMG_20220607_114610.jpg?w=769&amp;ssl=1 769w\" sizes=\"auto, (max-width: 492px) 100vw, 492px\" \/><\/figure>\n\n\n\n<figure class=\"wp-block-image size-large\"><img data-recalc-dims=\"1\" loading=\"lazy\" decoding=\"async\" width=\"492\" height=\"1024\" src=\"https:\/\/i0.wp.com\/darse.fr\/v2\/wp-content\/uploads\/2022\/06\/IMG_20220607_114654-1.jpg?resize=492%2C1024&#038;ssl=1\" alt=\"\" class=\"wp-image-542\" srcset=\"https:\/\/i0.wp.com\/darse.fr\/v2\/wp-content\/uploads\/2022\/06\/IMG_20220607_114654-1.jpg?resize=492%2C1024&amp;ssl=1 492w, https:\/\/i0.wp.com\/darse.fr\/v2\/wp-content\/uploads\/2022\/06\/IMG_20220607_114654-1.jpg?resize=144%2C300&amp;ssl=1 144w, https:\/\/i0.wp.com\/darse.fr\/v2\/wp-content\/uploads\/2022\/06\/IMG_20220607_114654-1.jpg?resize=768%2C1598&amp;ssl=1 768w, https:\/\/i0.wp.com\/darse.fr\/v2\/wp-content\/uploads\/2022\/06\/IMG_20220607_114654-1.jpg?resize=738%2C1536&amp;ssl=1 738w, https:\/\/i0.wp.com\/darse.fr\/v2\/wp-content\/uploads\/2022\/06\/IMG_20220607_114654-1.jpg?w=769&amp;ssl=1 769w\" sizes=\"auto, (max-width: 492px) 100vw, 492px\" \/><\/figure>\n\n\n\n<figure class=\"wp-block-image size-large\"><img data-recalc-dims=\"1\" loading=\"lazy\" decoding=\"async\" width=\"492\" height=\"1024\" src=\"https:\/\/i0.wp.com\/darse.fr\/v2\/wp-content\/uploads\/2022\/06\/IMG_20220607_114747.jpg?resize=492%2C1024&#038;ssl=1\" alt=\"\" class=\"wp-image-543\" srcset=\"https:\/\/i0.wp.com\/darse.fr\/v2\/wp-content\/uploads\/2022\/06\/IMG_20220607_114747.jpg?resize=492%2C1024&amp;ssl=1 492w, https:\/\/i0.wp.com\/darse.fr\/v2\/wp-content\/uploads\/2022\/06\/IMG_20220607_114747.jpg?resize=144%2C300&amp;ssl=1 144w, https:\/\/i0.wp.com\/darse.fr\/v2\/wp-content\/uploads\/2022\/06\/IMG_20220607_114747.jpg?resize=768%2C1598&amp;ssl=1 768w, https:\/\/i0.wp.com\/darse.fr\/v2\/wp-content\/uploads\/2022\/06\/IMG_20220607_114747.jpg?resize=738%2C1536&amp;ssl=1 738w, https:\/\/i0.wp.com\/darse.fr\/v2\/wp-content\/uploads\/2022\/06\/IMG_20220607_114747.jpg?w=769&amp;ssl=1 769w\" sizes=\"auto, (max-width: 492px) 100vw, 492px\" \/><\/figure>\n<\/figure>\n<\/div><\/div>\n\n\n\n<div class=\"wp-block-spacer\" style=\"height: 41px;\" aria-hidden=\"true\">\u00a0<\/div>\n\n\n\n<p class=\"has-text-align-center has-accent-1-color has-text-color has-larger-font-size\"><strong>LE TOUR DU JARDIN<\/strong> <strong>BEAUDOUIN<\/strong><\/p>\n\n\n\n<figure class=\"wp-block-video\"><video src=\"https:\/\/darse.fr\/v2\/wp-content\/uploads\/2022\/07\/VID_20220607_jardin-Beaudouin.mp4\" controls=\"controls\" width=\"300\" height=\"150\"><\/video><\/figure>\n\n\n\n<div class=\"wp-block-spacer\" style=\"height: 100px;\" aria-hidden=\"true\">\u00a0<\/div>\n\n\n\n<p class=\"has-text-align-center has-accent-1-color has-text-color has-larger-font-size\"><strong>NOTE BIOGRAPHIQUE ET HISTORIQUE<\/strong><\/p>\n\n\n\n<p>&nbsp;<\/p>\n\n\n\n<p class=\"has-accent-1-color has-text-color\" style=\"font-size:20px\"><em>La famille BEAUDO<\/em>UIN<\/p>\n\n\n\n<p class=\"has-accent-1-color has-text-color\" style=\"font-size:20px\"><strong>Eug\u00e8ne BEAUDOUIN<\/strong>&nbsp;(1898-1983), architecte et urbaniste, Grand Prix de Rome en 1928, membre de l\u2019Acad\u00e9mie des Beaux-Arts puis de l\u2019Institut, cr\u00e9ateur de l\u2019\u00c9cole&nbsp; d\u2019architecture de Gen\u00e8ve, l\u2019un des grands pr\u00e9curseurs de l\u2019architecture moderne dans l\u2019entre-deux-guerres ((particuli\u00e8rement \u00e0 l\u2019\u00e9poque du Front populaire), lors de la reconstruction puis des trente glorieuses<\/p>\n\n\n<div class=\"wp-block-image\">\n<figure class=\"aligncenter size-large is-resized\"><img data-recalc-dims=\"1\" loading=\"lazy\" decoding=\"async\" width=\"904\" height=\"1024\" src=\"https:\/\/i0.wp.com\/darse.fr\/v2\/wp-content\/uploads\/2024\/01\/Eugene-BBeaudouin.png?resize=904%2C1024&#038;ssl=1\" alt=\"\" class=\"wp-image-4792\" style=\"width:358px;height:auto\" srcset=\"https:\/\/i0.wp.com\/darse.fr\/v2\/wp-content\/uploads\/2024\/01\/Eugene-BBeaudouin.png?resize=904%2C1024&amp;ssl=1 904w, https:\/\/i0.wp.com\/darse.fr\/v2\/wp-content\/uploads\/2024\/01\/Eugene-BBeaudouin.png?resize=265%2C300&amp;ssl=1 265w, https:\/\/i0.wp.com\/darse.fr\/v2\/wp-content\/uploads\/2024\/01\/Eugene-BBeaudouin.png?resize=768%2C870&amp;ssl=1 768w, https:\/\/i0.wp.com\/darse.fr\/v2\/wp-content\/uploads\/2024\/01\/Eugene-BBeaudouin.png?w=992&amp;ssl=1 992w\" sizes=\"auto, (max-width: 904px) 100vw, 904px\" \/><\/figure><\/div>\n\n\n<p class=\"has-accent-1-color has-text-color\" style=\"font-size:20px\"><strong>Jos\u00e9phine BEAUDOUIN<\/strong>&nbsp;(n\u00e9e&nbsp;<strong>CALS<\/strong>, 1909-2005), son \u00e9pouse, artiste-peintre, connue pour ses grandes peintures de d\u00e9coration (paquebots, ambassade de France au Canada) et ses r\u00e9alisations \u00e0 caract\u00e8re surr\u00e9aliste sur marbres (peintures marmor\u00e9ennes). Un ouvrage, \u00ab&nbsp;Marmor\u00e9es&nbsp;\u00bb, rassemble des reproductions photographiques de ses \u0153uvres. Un exemplaire de ce livre peut \u00eatre consult\u00e9 \u00e0 la biblioth\u00e8que de l\u2019ASPMV.<\/p>\n\n\n<div class=\"wp-block-image\">\n<figure class=\"aligncenter size-full is-resized\"><a href=\"https:\/\/i0.wp.com\/darse.fr\/v2\/wp-content\/uploads\/2023\/04\/Marmorees.jpg?ssl=1\"><img data-recalc-dims=\"1\" loading=\"lazy\" decoding=\"async\" width=\"510\" height=\"412\" src=\"https:\/\/i0.wp.com\/darse.fr\/v2\/wp-content\/uploads\/2023\/04\/Marmorees.jpg?resize=510%2C412&#038;ssl=1\" alt=\"\" class=\"wp-image-4274\" style=\"width:381px;height:308px\" srcset=\"https:\/\/i0.wp.com\/darse.fr\/v2\/wp-content\/uploads\/2023\/04\/Marmorees.jpg?w=510&amp;ssl=1 510w, https:\/\/i0.wp.com\/darse.fr\/v2\/wp-content\/uploads\/2023\/04\/Marmorees.jpg?resize=300%2C242&amp;ssl=1 300w, https:\/\/i0.wp.com\/darse.fr\/v2\/wp-content\/uploads\/2023\/04\/Marmorees.jpg?resize=371%2C300&amp;ssl=1 371w\" sizes=\"auto, (max-width: 510px) 100vw, 510px\" \/><\/a><\/figure><\/div>\n\n\n<div class=\"wp-block-spacer\" style=\"height: 26px;\" aria-hidden=\"true\">\u00a0<\/div>\n\n\n\n<p class=\"has-text-color\" style=\"color:#48c93cf2;font-size:20px\"><strong><em>Le <em>jardin<\/em> Beaudouin&nbsp;<\/em>:<\/strong><\/p>\n\n\n\n<p class=\"has-background\" style=\"background-color:#e2f5df5c;font-size:20px\">Construites \u00e0 l\u2019emplacement d\u2019une ancienne caserne des dragons de Savoie (ou caserne Dubois d\u00e9truite en 1942) surplombant les vo\u00fbtes, \u00ab&nbsp;les Terrasses de la Darse&nbsp;\u00bb furent am\u00e9nag\u00e9es &nbsp;vers la fin des ann\u00e9es cinquante en r\u00e9sidence d\u2019\u00e9t\u00e9 par la famille BEAUDOUIN . D\u00e9nomm\u00e9es \u00ab Jardin Beaudouin&nbsp;\u00bb mais laiss\u00e9es \u00e0 l\u2019abandon \u00e0 la suite du d\u00e9c\u00e8s d\u2019E. Beaudouin en 1983, les terrasses de la darse sont actuellement entretenues b\u00e9n\u00e9volement pas des membres de l\u2019 ASPMV<\/p>\n\n\n\n<p class=\"has-background\" style=\"background-color:#e3f5d75c;font-size:20px\">S\u2019\u00e9tendant le long de terrasses, dot\u00e9 \u00e0 l\u2019origine d\u2019une grande pergola, de &nbsp;divers bassins, d\u2019\u00e9troits plans d\u2019eau plant\u00e9s de n\u00e9nuphars et \u00e9quip\u00e9 de nombreux gros bacs en b\u00e9ton, align\u00e9s et de forme tronconique (\u00ab&nbsp;chapeaux chinois&nbsp;\u00bb), le jardin accueillait jadis une v\u00e9g\u00e9tation soigneusement choisie et adapt\u00e9e aux conditions du milieu : p\u00e9largoniums, agapanthes, n\u00e9nuphars, lotus, papyrus et autres vip\u00e9rines, , etc..<\/p>\n\n\n\n<p class=\"has-background\" style=\"background-color:#d6f5cb61;font-size:20px\">Le jardin contenait \u00e9galement une grande serre, install\u00e9e \u00e0 l\u2019emplacement d\u2019une&nbsp; galeries souterraines effondr\u00e9e&nbsp;; cette derni\u00e8re abritait des plantes exotiques qu\u2019E. et J. BEAUDOUIN ramenaient vraisemblablement de certains de leurs voyages&nbsp;: bananiers, passiflores, g\u00e9raniums noirs \u2026<\/p>\n\n\n\n<p class=\"has-background\" style=\"background-color:#c2f79e36;font-size:20px\">Depuis le d\u00e9but des ann\u00e9es 2000, des membres d\u2019ASPMV, jardiniers amateurs et b\u00e9n\u00e9voles, ont r\u00e9veill\u00e9 la m\u00e9moire et le souvenir de ce jardin moderniste remarquable, partie int\u00e9grante du Patrimoine maritime de la Darse de Villefranche sur Mer. Leur action se poursuit de nos jours.<\/p>\n\n\n\n<p class=\"has-background\" style=\"background-color:#cfe9a842;font-size:20px\">Ce jardin extraordinaire, class\u00e9 comme l\u2019ensemble de la Darse sur la liste des Monuments historiques, est depuis peu devenu propri\u00e9t\u00e9 du D\u00e9partement&nbsp;; il devrait &nbsp;prochainement \u00eatre restaur\u00e9 en m\u00eame temps que l\u2019ensemble des vo\u00fbtes sur lesquelles il repose.<\/p>\n\n\n\n<p class=\"has-normal-font-size\"><em>Sources partielles&nbsp;:<\/em><\/p>\n\n\n\n<p class=\"has-normal-font-size\">_&nbsp;<em>un texte d\u2019H\u00e9l\u00e8ne GALLI (\u00e9crivain-po\u00e8te du Pays de Nice) concernant les terrasses de la &nbsp;&nbsp;Darse, d\u00e9cembre 1995&nbsp;;<\/em><\/p>\n\n\n\n<p class=\"has-normal-font-size\">_&nbsp;<em>d\u00e9pliant ASPMV \u00ab&nbsp;Qui connait le jardin Beaudouin ?&nbsp;\u00bb<\/em><\/p>\n\n\n\n<div aria-hidden=\"true\">\u00a0<\/div>\r\n<div class=\"wp-block-spacer\" style=\"height: 150px; text-align: center;\" aria-hidden=\"true\"><img data-recalc-dims=\"1\" loading=\"lazy\" decoding=\"async\" class=\"wp-image-335 animate-lazy\" src=\"https:\/\/i0.wp.com\/darse.fr\/v2\/wp-content\/uploads\/2022\/04\/plante2.jpg?resize=88%2C115&#038;ssl=1\" sizes=\"auto, (max-width: 88px) 100vw, 88px\" srcset=\"https:\/\/darse.fr\/v2\/wp-content\/uploads\/2022\/04\/plante2.jpg 580w, https:\/\/darse.fr\/v2\/wp-content\/uploads\/2022\/04\/plante2-230x300.jpg 230w\" alt=\"\" width=\"88\" height=\"115\" \/><\/div>\r\n<div aria-hidden=\"true\">\u00a0<\/div>\r\n<div aria-hidden=\"true\">\u00a0<\/div>\r\n<div style=\"text-align: center;\" aria-hidden=\"true\">\u00a0<\/div>\r\n<div aria-hidden=\"true\">\u00a0<\/div>\r\n<div style=\"text-align: center;\" aria-hidden=\"true\"><a href=\"https:\/\/darse.fr\/v2\/\">RETOUR<\/a><\/div>\n\n\n\n<p class=\"has-text-align-center has-headings-color has-text-color has-large-font-size\"><\/p>\n\n\n\n<div style=\"height:51px\" aria-hidden=\"true\" class=\"wp-block-spacer\"><\/div>\n","protected":false},"excerpt":{"rendered":"<p>Cliquer \u2206 \u00a0 LE JARDIN-TERRASSE LE TOUR DU JARDIN BEAUDOUIN NOTE BIOGRAPHIQUE ET HISTORIQUE &nbsp; &hellip;<\/p>\n","protected":false},"author":1,"featured_media":0,"parent":0,"menu_order":1,"comment_status":"closed","ping_status":"closed","template":"","meta":{"footnotes":""},"class_list":["post-499","page","type-page","status-publish","hentry"],"jetpack_sharing_enabled":true,"_links":{"self":[{"href":"https:\/\/darse.fr\/v2\/index.php?rest_route=\/wp\/v2\/pages\/499","targetHints":{"allow":["GET"]}}],"collection":[{"href":"https:\/\/darse.fr\/v2\/index.php?rest_route=\/wp\/v2\/pages"}],"about":[{"href":"https:\/\/darse.fr\/v2\/index.php?rest_route=\/wp\/v2\/types\/page"}],"author":[{"embeddable":true,"href":"https:\/\/darse.fr\/v2\/index.php?rest_route=\/wp\/v2\/users\/1"}],"replies":[{"embeddable":true,"href":"https:\/\/darse.fr\/v2\/index.php?rest_route=%2Fwp%2Fv2%2Fcomments&post=499"}],"version-history":[{"count":93,"href":"https:\/\/darse.fr\/v2\/index.php?rest_route=\/wp\/v2\/pages\/499\/revisions"}],"predecessor-version":[{"id":4793,"href":"https:\/\/darse.fr\/v2\/index.php?rest_route=\/wp\/v2\/pages\/499\/revisions\/4793"}],"wp:attachment":[{"href":"https:\/\/darse.fr\/v2\/index.php?rest_route=%2Fwp%2Fv2%2Fmedia&parent=499"}],"curies":[{"name":"wp","href":"https:\/\/api.w.org\/{rel}","templated":true}]}}