{"id":5735,"date":"2024-10-07T18:34:22","date_gmt":"2024-10-07T16:34:22","guid":{"rendered":"https:\/\/darse.fr\/v2\/?page_id=5735"},"modified":"2026-02-18T10:14:37","modified_gmt":"2026-02-18T09:14:37","slug":"adhesion-3","status":"publish","type":"page","link":"https:\/\/darse.fr\/v2\/?page_id=5735","title":{"rendered":"ADHESION"},"content":{"rendered":"<div class=\"wp-block-image\">\n<figure class=\"aligncenter size-large\"><img data-recalc-dims=\"1\" loading=\"lazy\" decoding=\"async\" width=\"1024\" height=\"257\" src=\"https:\/\/i0.wp.com\/darse.fr\/v2\/wp-content\/uploads\/2026\/02\/Capture-decran-2026-02-07-a-09.10.33.png?resize=1024%2C257&#038;ssl=1\" alt=\"\" class=\"wp-image-6378\" srcset=\"https:\/\/i0.wp.com\/darse.fr\/v2\/wp-content\/uploads\/2026\/02\/Capture-decran-2026-02-07-a-09.10.33.png?resize=1024%2C257&amp;ssl=1 1024w, https:\/\/i0.wp.com\/darse.fr\/v2\/wp-content\/uploads\/2026\/02\/Capture-decran-2026-02-07-a-09.10.33.png?resize=300%2C75&amp;ssl=1 300w, https:\/\/i0.wp.com\/darse.fr\/v2\/wp-content\/uploads\/2026\/02\/Capture-decran-2026-02-07-a-09.10.33.png?resize=768%2C193&amp;ssl=1 768w, https:\/\/i0.wp.com\/darse.fr\/v2\/wp-content\/uploads\/2026\/02\/Capture-decran-2026-02-07-a-09.10.33.png?resize=1536%2C385&amp;ssl=1 1536w, https:\/\/i0.wp.com\/darse.fr\/v2\/wp-content\/uploads\/2026\/02\/Capture-decran-2026-02-07-a-09.10.33.png?resize=2048%2C514&amp;ssl=1 2048w, https:\/\/i0.wp.com\/darse.fr\/v2\/wp-content\/uploads\/2026\/02\/Capture-decran-2026-02-07-a-09.10.33.png?resize=705%2C177&amp;ssl=1 705w\" sizes=\"auto, (max-width: 1024px) 100vw, 1024px\" \/><\/figure><\/div>\n\n\n<h2 class=\"wp-block-heading has-text-align-center\">FORMULAIRE D&rsquo;ADHESION en ligne<\/h2>\n\n\n<div class=\"wpforms-container wpforms-container-full wpforms-block wpforms-block-f24ea89a-309b-4ecd-b3bc-05783c1e6880 wpforms-render-modern\" id=\"wpforms-5730\"><form id=\"wpforms-form-5730\" class=\"wpforms-validate wpforms-form wpforms-ajax-form\" data-formid=\"5730\" method=\"post\" enctype=\"multipart\/form-data\" action=\"\/v2\/index.php?rest_route=%2Fwp%2Fv2%2Fpages%2F5735\" data-token=\"e34c9007acd0a7850c0881031efa0e8a\" data-token-time=\"1775988790\"><noscript class=\"wpforms-error-noscript\">Please enable JavaScript in your browser to complete this form.<\/noscript><div class=\"wpforms-hidden\" id=\"wpforms-error-noscript\">Please enable JavaScript in your browser to complete this form.<\/div><div class=\"wpforms-field-container\"><div id=\"wpforms-5730-field_1-container\" class=\"wpforms-field wpforms-field-name\" data-field-id=\"1\"><fieldset><legend class=\"wpforms-field-label\">Nom <span class=\"wpforms-required-label\" aria-hidden=\"true\">*<\/span><\/legend><div class=\"wpforms-field-row wpforms-field-medium\"><div class=\"wpforms-field-row-block wpforms-first wpforms-one-half\"><input type=\"text\" id=\"wpforms-5730-field_1\" class=\"wpforms-field-name-first wpforms-field-required\" name=\"wpforms[fields][1][first]\" placeholder=\"Pr\u00e9nom\" aria-errormessage=\"wpforms-5730-field_1-error\" required><label for=\"wpforms-5730-field_1\" class=\"wpforms-field-sublabel after wpforms-sublabel-hide\">First<\/label><\/div><div class=\"wpforms-field-row-block wpforms-one-half\"><input type=\"text\" id=\"wpforms-5730-field_1-last\" class=\"wpforms-field-name-last wpforms-field-required\" name=\"wpforms[fields][1][last]\" placeholder=\"Nom\" aria-errormessage=\"wpforms-5730-field_1-last-error\" required><label for=\"wpforms-5730-field_1-last\" class=\"wpforms-field-sublabel after wpforms-sublabel-hide\">Last<\/label><\/div><\/div><\/fieldset><\/div><div id=\"wpforms-5730-field_2-container\" class=\"wpforms-field wpforms-field-textarea\" data-field-id=\"2\"><label class=\"wpforms-field-label\" for=\"wpforms-5730-field_2\">Adresse <span class=\"wpforms-required-label\" aria-hidden=\"true\">*<\/span><\/label><textarea id=\"wpforms-5730-field_2\" class=\"wpforms-field-medium wpforms-field-required\" name=\"wpforms[fields][2]\" placeholder=\"Adresse compl\u00e8te \" aria-errormessage=\"wpforms-5730-field_2-error\" required><\/textarea><\/div><div id=\"wpforms-5730-field_3-container\" class=\"wpforms-field wpforms-field-email\" data-field-id=\"3\"><fieldset><legend class=\"wpforms-field-label\">E-mail <span class=\"wpforms-required-label\" aria-hidden=\"true\">*<\/span><\/legend><div class=\"wpforms-field-row wpforms-field-medium\"><div class=\"wpforms-field-row-block wpforms-one-half wpforms-first\"><input type=\"email\" id=\"wpforms-5730-field_3\" class=\"wpforms-field-required wpforms-field-email-primary\" name=\"wpforms[fields][3][primary]\" placeholder=\"Email\" spellcheck=\"false\" aria-errormessage=\"wpforms-5730-field_3-error\" required><label for=\"wpforms-5730-field_3\" class=\"wpforms-field-sublabel after wpforms-sublabel-hide\">E-mail<\/label><\/div><div class=\"wpforms-field-row-block wpforms-one-half\"><input type=\"email\" id=\"wpforms-5730-field_3-secondary\" class=\"wpforms-field-email-secondary wpforms-field-required\" data-rule-confirm=\"#wpforms-5730-field_3\" name=\"wpforms[fields][3][secondary]\" placeholder=\"Confirmer l&#039;email\" spellcheck=\"false\" aria-errormessage=\"wpforms-5730-field_3-secondary-error\" required><label for=\"wpforms-5730-field_3-secondary\" class=\"wpforms-field-sublabel after wpforms-sublabel-hide\">Confirm Email<\/label><\/div><\/div><\/fieldset><\/div><div id=\"wpforms-5730-field_4-container\" class=\"wpforms-field wpforms-field-text\" data-field-id=\"4\"><label class=\"wpforms-field-label\" for=\"wpforms-5730-field_4\">T\u00e9l\u00e9phone <span class=\"wpforms-required-label\" aria-hidden=\"true\">*<\/span><\/label><input type=\"text\" id=\"wpforms-5730-field_4\" class=\"wpforms-field-medium wpforms-field-required\" name=\"wpforms[fields][4]\" aria-errormessage=\"wpforms-5730-field_4-error\" required><\/div><div id=\"wpforms-5730-field_5-container\" class=\"wpforms-field wpforms-field-textarea\" data-field-id=\"5\"><label class=\"wpforms-field-label\" for=\"wpforms-5730-field_5\">Informations compl\u00e9mentaires <\/label><textarea id=\"wpforms-5730-field_5\" class=\"wpforms-field-medium\" name=\"wpforms[fields][5]\" aria-errormessage=\"wpforms-5730-field_5-error\" ><\/textarea><\/div><div id=\"wpforms-5730-field_6-container\" class=\"wpforms-field wpforms-field-checkbox\" data-field-id=\"6\"><fieldset><legend class=\"wpforms-field-label\">Case \u00e0 cocher <span class=\"wpforms-required-label\" aria-hidden=\"true\">*<\/span><\/legend><ul id=\"wpforms-5730-field_6\" class=\"wpforms-field-required\"><li class=\"choice-1 depth-1\"><input type=\"checkbox\" id=\"wpforms-5730-field_6_1\" name=\"wpforms[fields][6][]\" value=\"Je soutiens l&#039;ASPMV et souhaite adh\u00e9rer \u00e0 l&#039;association\" aria-errormessage=\"wpforms-5730-field_6_1-error\" required ><label class=\"wpforms-field-label-inline\" for=\"wpforms-5730-field_6_1\">Je soutiens l&rsquo;ASPMV et souhaite adh\u00e9rer \u00e0 l&rsquo;association<\/label><\/li><\/ul><\/fieldset><\/div><div id=\"wpforms-5730-field_7-container\" class=\"wpforms-field wpforms-field-text\" data-field-id=\"7\"><label class=\"wpforms-field-label\" for=\"wpforms-5730-field_7\">Date <span class=\"wpforms-required-label\" aria-hidden=\"true\">*<\/span><\/label><input type=\"text\" id=\"wpforms-5730-field_7\" class=\"wpforms-field-medium wpforms-field-required\" name=\"wpforms[fields][7]\" placeholder=\"jj\/mm\/aaaa\" aria-errormessage=\"wpforms-5730-field_7-error\" required><\/div><div id=\"wpforms-5730-field_8-container\" class=\"wpforms-field wpforms-field-text\" data-field-id=\"8\"><label class=\"wpforms-field-label\" for=\"wpforms-5730-field_8\">Signature  <span class=\"wpforms-required-label\" aria-hidden=\"true\">*<\/span><\/label><input type=\"text\" id=\"wpforms-5730-field_8\" class=\"wpforms-field-medium wpforms-field-required\" name=\"wpforms[fields][8]\" placeholder=\"vos initiales (ou marques personnelles)\" aria-errormessage=\"wpforms-5730-field_8-error\" required><\/div><\/div><!-- .wpforms-field-container --><div class=\"wpforms-submit-container\" ><input type=\"hidden\" name=\"wpforms[id]\" value=\"5730\"><input type=\"hidden\" name=\"page_title\" value=\"\"><input type=\"hidden\" name=\"page_url\" value=\"https:\/\/darse.fr\/v2\/index.php?rest_route=\/wp\/v2\/pages\/5735\"><input type=\"hidden\" name=\"url_referer\" value=\"\"><button type=\"submit\" name=\"wpforms[submit]\" id=\"wpforms-submit-5730\" class=\"wpforms-submit\" data-alt-text=\"Sending...\" data-submit-text=\"Envoyer\" aria-live=\"assertive\" value=\"wpforms-submit\">Envoyer<\/button><img loading=\"lazy\" decoding=\"async\" src=\"https:\/\/darse.fr\/v2\/wp-content\/plugins\/wpforms-lite\/assets\/images\/submit-spin.svg\" class=\"wpforms-submit-spinner\" style=\"display: none;\" width=\"26\" height=\"26\" alt=\"Loading\"><\/div><\/form><\/div>  <!-- .wpforms-container -->\n\n\n<p>NB :&nbsp;<strong>votre adh\u00e9sion sera effective \u00e0 r\u00e9ception de votre r\u00e8glement<\/strong>.<\/p>\n\n\n\n<p>Vous pouvez r\u00e9gler votre cotisation par ch\u00e8que bancaire au nom de l\u2019ASPMV en adressant votre r\u00e8glement \u00e0 notre secr\u00e9taire g\u00e9n\u00e9ral (ASPMV, Pavillon Beaudouin, Les Vo\u00fbtes de la Darse 18, quai de la Corderie, 06230 Villefranche-sur-Mer) ou par virement direct sur le compte de l\u2019ASPMV ( une copie du RIB de l\u2019association vous sera adress\u00e9e par messagerie \u00e0 votre demande ).<\/p>\n\n\n\n<div class=\"wp-block-buttons is-content-justification-center is-layout-flex wp-container-core-buttons-is-layout-1 wp-block-buttons-is-layout-flex\">\n<div class=\"wp-block-button is-style-outline is-style-outline--1\"><a class=\"wp-block-button__link has-text-align-center wp-element-button\" href=\"https:\/\/darse.fr\/v2\/?page_id=5744\">Mentions l\u00e9gales<\/a><\/div>\n<\/div>\n\n\n\n<p class=\"has-text-align-right\"><a href=\"https:\/\/darse.fr\/v2\/#upsite\">RETOUR<\/a><\/p>\n","protected":false},"excerpt":{"rendered":"<p>FORMULAIRE D&rsquo;ADHESION en ligne NB :&nbsp;votre adh\u00e9sion sera effective \u00e0 r\u00e9ception de votre r\u00e8glement. Vous &hellip;<\/p>\n","protected":false},"author":1,"featured_media":0,"parent":0,"menu_order":0,"comment_status":"closed","ping_status":"closed","template":"","meta":{"footnotes":""},"class_list":["post-5735","page","type-page","status-publish","hentry"],"jetpack_sharing_enabled":true,"_links":{"self":[{"href":"https:\/\/darse.fr\/v2\/index.php?rest_route=\/wp\/v2\/pages\/5735","targetHints":{"allow":["GET"]}}],"collection":[{"href":"https:\/\/darse.fr\/v2\/index.php?rest_route=\/wp\/v2\/pages"}],"about":[{"href":"https:\/\/darse.fr\/v2\/index.php?rest_route=\/wp\/v2\/types\/page"}],"author":[{"embeddable":true,"href":"https:\/\/darse.fr\/v2\/index.php?rest_route=\/wp\/v2\/users\/1"}],"replies":[{"embeddable":true,"href":"https:\/\/darse.fr\/v2\/index.php?rest_route=%2Fwp%2Fv2%2Fcomments&post=5735"}],"version-history":[{"count":11,"href":"https:\/\/darse.fr\/v2\/index.php?rest_route=\/wp\/v2\/pages\/5735\/revisions"}],"predecessor-version":[{"id":6413,"href":"https:\/\/darse.fr\/v2\/index.php?rest_route=\/wp\/v2\/pages\/5735\/revisions\/6413"}],"wp:attachment":[{"href":"https:\/\/darse.fr\/v2\/index.php?rest_route=%2Fwp%2Fv2%2Fmedia&parent=5735"}],"curies":[{"name":"wp","href":"https:\/\/api.w.org\/{rel}","templated":true}]}}