{"id":5744,"date":"2024-10-07T18:42:07","date_gmt":"2024-10-07T16:42:07","guid":{"rendered":"https:\/\/darse.fr\/v2\/?page_id=5744"},"modified":"2024-10-07T20:11:50","modified_gmt":"2024-10-07T18:11:50","slug":"mentions-legales","status":"publish","type":"page","link":"https:\/\/darse.fr\/v2\/?page_id=5744","title":{"rendered":"Mentions l\u00e9gales"},"content":{"rendered":"\n<p>Les informations recueillies vous concernant font l\u2019objet d\u2019un traitement informatique, auquel vous consentez, destin\u00e9 \u00e0 g\u00e9rer votre demande. L\u2019ASPMV est le responsable de traitement. La base l\u00e9gale de ce traitement&nbsp;est le consentement (art 6.1.a du R\u00e8glement g\u00e9n\u00e9ral sur la protection des donn\u00e9es).<\/p>\n\n\n\n<p>Les cat\u00e9gories de donn\u00e9es&nbsp;\u00e0 caract\u00e8re personnel enregistr\u00e9es sont les suivantes :&nbsp;<\/p>\n\n\n\n<ul class=\"wp-block-list\">\n<li>Etat civil (nom, pr\u00e9nom)<\/li>\n\n\n\n<li>Coordonn\u00e9es de&nbsp;la personne<\/li>\n<\/ul>\n\n\n\n<p>Les donn\u00e9es enregistr\u00e9es sont celles pr\u00e9sentes sur le formulaire. L\u2019ensemble des donn\u00e9es obligatoires est indiqu\u00e9 par une ast\u00e9risque, tout d\u00e9faut de r\u00e9ponse entra\u00eenera l\u2019impossibilit\u00e9 de traiter votre demande.<\/p>\n\n\n\n<p>Les informations enregistr\u00e9es ne sont destin\u00e9es qu\u2019aux destinataires d\u00fbment habilit\u00e9s et intervenant strictement dans le cadre la gestion de votre demande de participation aux activit\u00e9s , \u00e0 savoir le service instructeur.<\/p>\n\n\n\n<p>Les donn\u00e9es enregistr\u00e9es sont conserv\u00e9es par le Bureau de l\u2019ASPMV.<\/p>\n\n\n\n<p>Conform\u00e9ment aux articles 15 \u00e0 23 du R\u00e8glement G\u00e9n\u00e9ral sur la Protection des Donn\u00e9es, vous b\u00e9n\u00e9ficiez d\u2019un droit d\u2019acc\u00e8s, de rectification aux informations qui vous concernent- Vous pouvez \u00e9galement d\u00e9finir le\u00a0<a href=\"https:\/\/www.cnil.fr\/fr\/ce-que-change-la-loi-pour-une-republique-numerique-pour-la-protection-des-donnees-personnelles#mortnumerique\" target=\"_blank\" rel=\"noreferrer noopener\">sort de vos donn\u00e9es apr\u00e8s votre d\u00e9c\u00e8s<\/a>\u00a0, en vous adressant, par voie postale, Monsieur le Pr\u00e9sident de l\u2019ASPMV_ Pavillon Beaudouin_ Les Vo\u00fbtes_ 18 Quai de la Corderie_ 06230 VILLEFRANCHE-SUR-MER ou par courriel \u00e0\u00a0<a href=\"mailto:aspmv@darse.fr\">l\u2019ASPMV<\/a>\u00a0. Vous pouvez \u00e9galement, pour des motifs l\u00e9gitimes, vous opposer au traitement des donn\u00e9es vous concernant, sauf si ce droit a \u00e9t\u00e9 \u00e9cart\u00e9 par une disposition l\u00e9gislative.<\/p>\n\n\n\n<p>Depuis l\u2019entr\u00e9e en vigueur du R\u00e8glement Europ\u00e9en sur la Protection des donn\u00e9es (R\u00c8GLEMENT (UE) 2016\/679) le 25 mai 2018, tout usager a le droit de:<\/p>\n\n\n\n<ul class=\"wp-block-list\">\n<li>s\u2019opposer au profilage<\/li>\n\n\n\n<li>de demander la limitation du traitement<\/li>\n\n\n\n<li>d\u2019introduire une r\u00e9clamation aupr\u00e8s d\u2019une autorit\u00e9 de contr\u00f4le (En France : CNIL : 3 Place de Fontenoy \u2013 TSA 80715 \u2013 75334 PARIS CEDEX 07 \u2013 T\u00e9l\u00e9phone : 01.53.73.22.22.&nbsp;<a href=\"https:\/\/www.cnil.fr\/\" target=\"_blank\" rel=\"noreferrer noopener\">www.cnil.fr<\/a>)<\/li>\n<\/ul>\n","protected":false},"excerpt":{"rendered":"<p>Les informations recueillies vous concernant font l\u2019objet d\u2019un traitement informatique, auquel vous consentez, destin\u00e9 \u00e0 &hellip;<\/p>\n","protected":false},"author":1,"featured_media":0,"parent":0,"menu_order":0,"comment_status":"closed","ping_status":"closed","template":"","meta":{"footnotes":""},"class_list":["post-5744","page","type-page","status-publish","hentry"],"jetpack_sharing_enabled":true,"_links":{"self":[{"href":"https:\/\/darse.fr\/v2\/index.php?rest_route=\/wp\/v2\/pages\/5744","targetHints":{"allow":["GET"]}}],"collection":[{"href":"https:\/\/darse.fr\/v2\/index.php?rest_route=\/wp\/v2\/pages"}],"about":[{"href":"https:\/\/darse.fr\/v2\/index.php?rest_route=\/wp\/v2\/types\/page"}],"author":[{"embeddable":true,"href":"https:\/\/darse.fr\/v2\/index.php?rest_route=\/wp\/v2\/users\/1"}],"replies":[{"embeddable":true,"href":"https:\/\/darse.fr\/v2\/index.php?rest_route=%2Fwp%2Fv2%2Fcomments&post=5744"}],"version-history":[{"count":2,"href":"https:\/\/darse.fr\/v2\/index.php?rest_route=\/wp\/v2\/pages\/5744\/revisions"}],"predecessor-version":[{"id":5758,"href":"https:\/\/darse.fr\/v2\/index.php?rest_route=\/wp\/v2\/pages\/5744\/revisions\/5758"}],"wp:attachment":[{"href":"https:\/\/darse.fr\/v2\/index.php?rest_route=%2Fwp%2Fv2%2Fmedia&parent=5744"}],"curies":[{"name":"wp","href":"https:\/\/api.w.org\/{rel}","templated":true}]}}