{"id":6072,"date":"2025-09-23T12:45:09","date_gmt":"2025-09-23T10:45:09","guid":{"rendered":"https:\/\/darse.fr\/v2\/?page_id=6072"},"modified":"2025-09-23T13:13:13","modified_gmt":"2025-09-23T11:13:13","slug":"jep2025","status":"publish","type":"page","link":"https:\/\/darse.fr\/v2\/?page_id=6072","title":{"rendered":"JEP2025"},"content":{"rendered":"\n<p class=\"has-text-align-center has-large-font-size\">LES JOURNEES EUROPEENNES DU PATRIMOINE SUR LA DARSE DE VILLEFRANCHE SUR MER : <\/p>\n\n\n\n<p class=\"has-text-align-center has-large-font-size\">Un week-end de d\u00e9couvertes et de succ\u00e8s<\/p>\n\n\n<div class=\"wp-block-image\">\n<figure class=\"aligncenter size-large\"><img data-recalc-dims=\"1\" loading=\"lazy\" decoding=\"async\" width=\"768\" height=\"1024\" src=\"https:\/\/i0.wp.com\/darse.fr\/v2\/wp-content\/uploads\/2025\/09\/photo-JEP-2025.jpg?resize=768%2C1024&#038;ssl=1\" alt=\"\" class=\"wp-image-6079\" srcset=\"https:\/\/i0.wp.com\/darse.fr\/v2\/wp-content\/uploads\/2025\/09\/photo-JEP-2025.jpg?resize=768%2C1024&amp;ssl=1 768w, https:\/\/i0.wp.com\/darse.fr\/v2\/wp-content\/uploads\/2025\/09\/photo-JEP-2025.jpg?resize=225%2C300&amp;ssl=1 225w, https:\/\/i0.wp.com\/darse.fr\/v2\/wp-content\/uploads\/2025\/09\/photo-JEP-2025.jpg?resize=1152%2C1536&amp;ssl=1 1152w, https:\/\/i0.wp.com\/darse.fr\/v2\/wp-content\/uploads\/2025\/09\/photo-JEP-2025.jpg?w=1232&amp;ssl=1 1232w\" sizes=\"auto, (max-width: 768px) 100vw, 768px\" \/><\/figure><\/div>\n\n\n<div style=\"height:26px\" aria-hidden=\"true\" class=\"wp-block-spacer\"><\/div>\n\n\n\n<p>L&rsquo;\u00e9dition 2025 confirme le succ\u00e8s des Journ\u00e9es Europ\u00e9ennes du Patrimoine \u00e0 Villefranche-sur-Mer. La diversit\u00e9 et l\u2019enrichissement des visites propos\u00e9es par l&rsquo;ASPMV, le Port Royal de la Darse, l&rsquo;Ancien B\u00e2timent des Gal\u00e9riens, le Jardin-terrasse Beaudouin et l\u2019augmentation constante du nombre de participants d\u00e9montrent l\u2019attachement du public au patrimoine local.<\/p>\n\n\n\n<p>Les <strong>Journ\u00e9es Europ\u00e9ennes du Patrimoine 2025<\/strong> ont rencontr\u00e9 un bel engouement \u00e0 Villefranche-sur-Mer avec plus de <strong>430 visiteurs<\/strong>, guid\u00e9s par les b\u00e9n\u00e9voles de l&rsquo;<strong>ASPM<\/strong>, en partenariat avec le <strong>Conseil D\u00e9partemental<\/strong> des Alpes-Maritimes. Les visiteurs ont pu d\u00e9couvrir les sites ouverts \u00e0 l\u2019occasion de cet \u00e9v\u00e9nement incontournable, marquant une <strong>progression continue depuis trois ans<\/strong> (nombre de visiteurs : 354 en 2024 et 315 en 2023).<\/p>\n\n\n\n<div style=\"height:49px\" aria-hidden=\"true\" class=\"wp-block-spacer\"><\/div>\n\n\n\n<figure class=\"wp-block-gallery has-nested-images columns-4 is-cropped wp-block-gallery-1 is-layout-flex wp-block-gallery-is-layout-flex\">\n<figure class=\"wp-block-image size-large\"><a href=\"https:\/\/i0.wp.com\/darse.fr\/v2\/wp-content\/uploads\/2025\/09\/IMG-20250920-WA0071.jpg?ssl=1\"><img data-recalc-dims=\"1\" loading=\"lazy\" decoding=\"async\" width=\"462\" height=\"1024\" data-id=\"6106\" src=\"https:\/\/i0.wp.com\/darse.fr\/v2\/wp-content\/uploads\/2025\/09\/IMG-20250920-WA0071.jpg?resize=462%2C1024&#038;ssl=1\" alt=\"\" class=\"wp-image-6106\" srcset=\"https:\/\/i0.wp.com\/darse.fr\/v2\/wp-content\/uploads\/2025\/09\/IMG-20250920-WA0071.jpg?resize=462%2C1024&amp;ssl=1 462w, https:\/\/i0.wp.com\/darse.fr\/v2\/wp-content\/uploads\/2025\/09\/IMG-20250920-WA0071.jpg?resize=135%2C300&amp;ssl=1 135w, https:\/\/i0.wp.com\/darse.fr\/v2\/wp-content\/uploads\/2025\/09\/IMG-20250920-WA0071.jpg?resize=768%2C1702&amp;ssl=1 768w, https:\/\/i0.wp.com\/darse.fr\/v2\/wp-content\/uploads\/2025\/09\/IMG-20250920-WA0071.jpg?resize=693%2C1536&amp;ssl=1 693w, https:\/\/i0.wp.com\/darse.fr\/v2\/wp-content\/uploads\/2025\/09\/IMG-20250920-WA0071.jpg?w=924&amp;ssl=1 924w\" sizes=\"auto, (max-width: 462px) 100vw, 462px\" \/><\/a><\/figure>\n\n\n\n<figure class=\"wp-block-image size-large\"><a href=\"https:\/\/i0.wp.com\/darse.fr\/v2\/wp-content\/uploads\/2025\/09\/Accueil-ASPMV-photo-Mairie-JEP-2025-09-20.jpg?ssl=1\"><img data-recalc-dims=\"1\" loading=\"lazy\" decoding=\"async\" width=\"1024\" height=\"767\" data-id=\"6100\" src=\"https:\/\/i0.wp.com\/darse.fr\/v2\/wp-content\/uploads\/2025\/09\/Accueil-ASPMV-photo-Mairie-JEP-2025-09-20.jpg?resize=1024%2C767&#038;ssl=1\" alt=\"\" class=\"wp-image-6100\" srcset=\"https:\/\/i0.wp.com\/darse.fr\/v2\/wp-content\/uploads\/2025\/09\/Accueil-ASPMV-photo-Mairie-JEP-2025-09-20.jpg?resize=1024%2C767&amp;ssl=1 1024w, https:\/\/i0.wp.com\/darse.fr\/v2\/wp-content\/uploads\/2025\/09\/Accueil-ASPMV-photo-Mairie-JEP-2025-09-20.jpg?resize=300%2C225&amp;ssl=1 300w, https:\/\/i0.wp.com\/darse.fr\/v2\/wp-content\/uploads\/2025\/09\/Accueil-ASPMV-photo-Mairie-JEP-2025-09-20.jpg?resize=768%2C575&amp;ssl=1 768w, https:\/\/i0.wp.com\/darse.fr\/v2\/wp-content\/uploads\/2025\/09\/Accueil-ASPMV-photo-Mairie-JEP-2025-09-20.jpg?resize=401%2C300&amp;ssl=1 401w, https:\/\/i0.wp.com\/darse.fr\/v2\/wp-content\/uploads\/2025\/09\/Accueil-ASPMV-photo-Mairie-JEP-2025-09-20.jpg?w=1440&amp;ssl=1 1440w\" sizes=\"auto, (max-width: 1024px) 100vw, 1024px\" \/><\/a><\/figure>\n\n\n\n<figure class=\"wp-block-image size-full is-style-default\"><a href=\"https:\/\/i0.wp.com\/darse.fr\/v2\/wp-content\/uploads\/2025\/09\/20250920_100141.jpg?ssl=1\"><img data-recalc-dims=\"1\" loading=\"lazy\" decoding=\"async\" width=\"1024\" height=\"768\" data-id=\"6089\" src=\"https:\/\/i0.wp.com\/darse.fr\/v2\/wp-content\/uploads\/2025\/09\/20250920_100141.jpg?resize=1024%2C768&#038;ssl=1\" alt=\"\" class=\"wp-image-6089\" srcset=\"https:\/\/i0.wp.com\/darse.fr\/v2\/wp-content\/uploads\/2025\/09\/20250920_100141.jpg?w=1024&amp;ssl=1 1024w, https:\/\/i0.wp.com\/darse.fr\/v2\/wp-content\/uploads\/2025\/09\/20250920_100141.jpg?resize=300%2C225&amp;ssl=1 300w, https:\/\/i0.wp.com\/darse.fr\/v2\/wp-content\/uploads\/2025\/09\/20250920_100141.jpg?resize=768%2C576&amp;ssl=1 768w, https:\/\/i0.wp.com\/darse.fr\/v2\/wp-content\/uploads\/2025\/09\/20250920_100141.jpg?resize=400%2C300&amp;ssl=1 400w\" sizes=\"auto, (max-width: 1024px) 100vw, 1024px\" \/><\/a><\/figure>\n\n\n\n<figure class=\"wp-block-image size-large\"><a href=\"https:\/\/i0.wp.com\/darse.fr\/v2\/wp-content\/uploads\/2025\/09\/20250920_100037.jpg?ssl=1\"><img data-recalc-dims=\"1\" loading=\"lazy\" decoding=\"async\" width=\"768\" height=\"1024\" data-id=\"6114\" src=\"https:\/\/i0.wp.com\/darse.fr\/v2\/wp-content\/uploads\/2025\/09\/20250920_100037.jpg?resize=768%2C1024&#038;ssl=1\" alt=\"\" class=\"wp-image-6114\" srcset=\"https:\/\/i0.wp.com\/darse.fr\/v2\/wp-content\/uploads\/2025\/09\/20250920_100037.jpg?resize=768%2C1024&amp;ssl=1 768w, https:\/\/i0.wp.com\/darse.fr\/v2\/wp-content\/uploads\/2025\/09\/20250920_100037.jpg?resize=225%2C300&amp;ssl=1 225w, https:\/\/i0.wp.com\/darse.fr\/v2\/wp-content\/uploads\/2025\/09\/20250920_100037.jpg?resize=1152%2C1536&amp;ssl=1 1152w, https:\/\/i0.wp.com\/darse.fr\/v2\/wp-content\/uploads\/2025\/09\/20250920_100037.jpg?w=1232&amp;ssl=1 1232w\" sizes=\"auto, (max-width: 768px) 100vw, 768px\" \/><\/a><\/figure>\n\n\n\n<figure class=\"wp-block-image size-full\"><a href=\"https:\/\/i0.wp.com\/darse.fr\/v2\/wp-content\/uploads\/2025\/09\/20250920_100149.jpg?ssl=1\"><img data-recalc-dims=\"1\" loading=\"lazy\" decoding=\"async\" width=\"1024\" height=\"768\" data-id=\"6091\" src=\"https:\/\/i0.wp.com\/darse.fr\/v2\/wp-content\/uploads\/2025\/09\/20250920_100149.jpg?resize=1024%2C768&#038;ssl=1\" alt=\"\" class=\"wp-image-6091\" srcset=\"https:\/\/i0.wp.com\/darse.fr\/v2\/wp-content\/uploads\/2025\/09\/20250920_100149.jpg?w=1024&amp;ssl=1 1024w, https:\/\/i0.wp.com\/darse.fr\/v2\/wp-content\/uploads\/2025\/09\/20250920_100149.jpg?resize=300%2C225&amp;ssl=1 300w, https:\/\/i0.wp.com\/darse.fr\/v2\/wp-content\/uploads\/2025\/09\/20250920_100149.jpg?resize=768%2C576&amp;ssl=1 768w, https:\/\/i0.wp.com\/darse.fr\/v2\/wp-content\/uploads\/2025\/09\/20250920_100149.jpg?resize=400%2C300&amp;ssl=1 400w\" sizes=\"auto, (max-width: 1024px) 100vw, 1024px\" \/><\/a><\/figure>\n\n\n\n<figure class=\"wp-block-image size-large\"><a href=\"https:\/\/i0.wp.com\/darse.fr\/v2\/wp-content\/uploads\/2025\/09\/IMG-20250920-WA0014.jpg?ssl=1\"><img data-recalc-dims=\"1\" loading=\"lazy\" decoding=\"async\" width=\"1024\" height=\"462\" data-id=\"6097\" src=\"https:\/\/i0.wp.com\/darse.fr\/v2\/wp-content\/uploads\/2025\/09\/IMG-20250920-WA0014.jpg?resize=1024%2C462&#038;ssl=1\" alt=\"\" class=\"wp-image-6097\" srcset=\"https:\/\/i0.wp.com\/darse.fr\/v2\/wp-content\/uploads\/2025\/09\/IMG-20250920-WA0014.jpg?resize=1024%2C462&amp;ssl=1 1024w, https:\/\/i0.wp.com\/darse.fr\/v2\/wp-content\/uploads\/2025\/09\/IMG-20250920-WA0014.jpg?resize=300%2C135&amp;ssl=1 300w, https:\/\/i0.wp.com\/darse.fr\/v2\/wp-content\/uploads\/2025\/09\/IMG-20250920-WA0014.jpg?resize=768%2C347&amp;ssl=1 768w, https:\/\/i0.wp.com\/darse.fr\/v2\/wp-content\/uploads\/2025\/09\/IMG-20250920-WA0014.jpg?resize=1536%2C694&amp;ssl=1 1536w, https:\/\/i0.wp.com\/darse.fr\/v2\/wp-content\/uploads\/2025\/09\/IMG-20250920-WA0014.jpg?resize=664%2C300&amp;ssl=1 664w, https:\/\/i0.wp.com\/darse.fr\/v2\/wp-content\/uploads\/2025\/09\/IMG-20250920-WA0014.jpg?w=1599&amp;ssl=1 1599w\" sizes=\"auto, (max-width: 1024px) 100vw, 1024px\" \/><\/a><\/figure>\n\n\n\n<figure class=\"wp-block-image size-large\"><a href=\"https:\/\/i0.wp.com\/darse.fr\/v2\/wp-content\/uploads\/2025\/09\/image001.jpg?ssl=1\"><img data-recalc-dims=\"1\" loading=\"lazy\" decoding=\"async\" width=\"1024\" height=\"768\" data-id=\"6107\" src=\"https:\/\/i0.wp.com\/darse.fr\/v2\/wp-content\/uploads\/2025\/09\/image001.jpg?resize=1024%2C768&#038;ssl=1\" alt=\"\" class=\"wp-image-6107\" srcset=\"https:\/\/i0.wp.com\/darse.fr\/v2\/wp-content\/uploads\/2025\/09\/image001.jpg?resize=1024%2C768&amp;ssl=1 1024w, https:\/\/i0.wp.com\/darse.fr\/v2\/wp-content\/uploads\/2025\/09\/image001.jpg?resize=300%2C225&amp;ssl=1 300w, https:\/\/i0.wp.com\/darse.fr\/v2\/wp-content\/uploads\/2025\/09\/image001.jpg?resize=768%2C576&amp;ssl=1 768w, https:\/\/i0.wp.com\/darse.fr\/v2\/wp-content\/uploads\/2025\/09\/image001.jpg?resize=400%2C300&amp;ssl=1 400w, https:\/\/i0.wp.com\/darse.fr\/v2\/wp-content\/uploads\/2025\/09\/image001.jpg?w=1280&amp;ssl=1 1280w\" sizes=\"auto, (max-width: 1024px) 100vw, 1024px\" \/><\/a><\/figure>\n\n\n\n<figure class=\"wp-block-image size-large\"><a href=\"https:\/\/i0.wp.com\/darse.fr\/v2\/wp-content\/uploads\/2025\/09\/Salle-Beaudoin-2_photo-Mairie-JEP-2025-09-20.jpg?ssl=1\"><img data-recalc-dims=\"1\" loading=\"lazy\" decoding=\"async\" width=\"1024\" height=\"768\" data-id=\"6104\" src=\"https:\/\/i0.wp.com\/darse.fr\/v2\/wp-content\/uploads\/2025\/09\/Salle-Beaudoin-2_photo-Mairie-JEP-2025-09-20.jpg?resize=1024%2C768&#038;ssl=1\" alt=\"\" class=\"wp-image-6104\" srcset=\"https:\/\/i0.wp.com\/darse.fr\/v2\/wp-content\/uploads\/2025\/09\/Salle-Beaudoin-2_photo-Mairie-JEP-2025-09-20.jpg?resize=1024%2C768&amp;ssl=1 1024w, https:\/\/i0.wp.com\/darse.fr\/v2\/wp-content\/uploads\/2025\/09\/Salle-Beaudoin-2_photo-Mairie-JEP-2025-09-20.jpg?resize=300%2C225&amp;ssl=1 300w, https:\/\/i0.wp.com\/darse.fr\/v2\/wp-content\/uploads\/2025\/09\/Salle-Beaudoin-2_photo-Mairie-JEP-2025-09-20.jpg?resize=768%2C576&amp;ssl=1 768w, https:\/\/i0.wp.com\/darse.fr\/v2\/wp-content\/uploads\/2025\/09\/Salle-Beaudoin-2_photo-Mairie-JEP-2025-09-20.jpg?resize=400%2C300&amp;ssl=1 400w, https:\/\/i0.wp.com\/darse.fr\/v2\/wp-content\/uploads\/2025\/09\/Salle-Beaudoin-2_photo-Mairie-JEP-2025-09-20.jpg?w=1440&amp;ssl=1 1440w\" sizes=\"auto, (max-width: 1024px) 100vw, 1024px\" \/><\/a><\/figure>\n\n\n\n<figure class=\"wp-block-image size-large\"><a href=\"https:\/\/i0.wp.com\/darse.fr\/v2\/wp-content\/uploads\/2025\/09\/Jardin-Beaudoin-Affiche-photo-Mairie-JEP-2025-09-20.jpg?ssl=1\"><img data-recalc-dims=\"1\" loading=\"lazy\" decoding=\"async\" width=\"1249\" height=\"852\" data-id=\"6095\" src=\"https:\/\/i0.wp.com\/darse.fr\/v2\/wp-content\/uploads\/2025\/09\/Jardin-Beaudoin-Affiche-photo-Mairie-JEP-2025-09-20.jpg?resize=1249%2C852&#038;ssl=1\" alt=\"\" class=\"wp-image-6095\" srcset=\"https:\/\/i0.wp.com\/darse.fr\/v2\/wp-content\/uploads\/2025\/09\/Jardin-Beaudoin-Affiche-photo-Mairie-JEP-2025-09-20.jpg?w=1440&amp;ssl=1 1440w, https:\/\/i0.wp.com\/darse.fr\/v2\/wp-content\/uploads\/2025\/09\/Jardin-Beaudoin-Affiche-photo-Mairie-JEP-2025-09-20.jpg?resize=300%2C205&amp;ssl=1 300w\" sizes=\"auto, (max-width: 1249px) 100vw, 1249px\" \/><\/a><\/figure>\n\n\n\n<figure class=\"wp-block-image size-large\"><a href=\"https:\/\/i0.wp.com\/darse.fr\/v2\/wp-content\/uploads\/2025\/09\/20250921_090123.jpg?ssl=1\"><img data-recalc-dims=\"1\" loading=\"lazy\" decoding=\"async\" width=\"1024\" height=\"768\" data-id=\"6101\" src=\"https:\/\/i0.wp.com\/darse.fr\/v2\/wp-content\/uploads\/2025\/09\/20250921_090123.jpg?resize=1024%2C768&#038;ssl=1\" alt=\"\" class=\"wp-image-6101\" srcset=\"https:\/\/i0.wp.com\/darse.fr\/v2\/wp-content\/uploads\/2025\/09\/20250921_090123.jpg?w=1024&amp;ssl=1 1024w, https:\/\/i0.wp.com\/darse.fr\/v2\/wp-content\/uploads\/2025\/09\/20250921_090123.jpg?resize=300%2C225&amp;ssl=1 300w, https:\/\/i0.wp.com\/darse.fr\/v2\/wp-content\/uploads\/2025\/09\/20250921_090123.jpg?resize=768%2C576&amp;ssl=1 768w, https:\/\/i0.wp.com\/darse.fr\/v2\/wp-content\/uploads\/2025\/09\/20250921_090123.jpg?resize=400%2C300&amp;ssl=1 400w\" sizes=\"auto, (max-width: 1024px) 100vw, 1024px\" \/><\/a><\/figure>\n\n\n\n<figure class=\"wp-block-image size-large\"><a href=\"https:\/\/i0.wp.com\/darse.fr\/v2\/wp-content\/uploads\/2025\/09\/IMG-20250920-WA0068.jpg?ssl=1\"><img data-recalc-dims=\"1\" loading=\"lazy\" decoding=\"async\" width=\"462\" height=\"1024\" data-id=\"6102\" src=\"https:\/\/i0.wp.com\/darse.fr\/v2\/wp-content\/uploads\/2025\/09\/IMG-20250920-WA0068.jpg?resize=462%2C1024&#038;ssl=1\" alt=\"\" class=\"wp-image-6102\" srcset=\"https:\/\/i0.wp.com\/darse.fr\/v2\/wp-content\/uploads\/2025\/09\/IMG-20250920-WA0068.jpg?resize=462%2C1024&amp;ssl=1 462w, https:\/\/i0.wp.com\/darse.fr\/v2\/wp-content\/uploads\/2025\/09\/IMG-20250920-WA0068.jpg?resize=135%2C300&amp;ssl=1 135w, https:\/\/i0.wp.com\/darse.fr\/v2\/wp-content\/uploads\/2025\/09\/IMG-20250920-WA0068.jpg?resize=768%2C1702&amp;ssl=1 768w, https:\/\/i0.wp.com\/darse.fr\/v2\/wp-content\/uploads\/2025\/09\/IMG-20250920-WA0068.jpg?resize=693%2C1536&amp;ssl=1 693w, https:\/\/i0.wp.com\/darse.fr\/v2\/wp-content\/uploads\/2025\/09\/IMG-20250920-WA0068.jpg?w=924&amp;ssl=1 924w\" sizes=\"auto, (max-width: 462px) 100vw, 462px\" \/><\/a><\/figure>\n\n\n\n<figure class=\"wp-block-image size-full\"><a href=\"https:\/\/i0.wp.com\/darse.fr\/v2\/wp-content\/uploads\/2025\/09\/IMG-20250920-WA0055.jpg?ssl=1\"><img data-recalc-dims=\"1\" loading=\"lazy\" decoding=\"async\" width=\"1249\" height=\"1665\" data-id=\"6118\" src=\"https:\/\/i0.wp.com\/darse.fr\/v2\/wp-content\/uploads\/2025\/09\/IMG-20250920-WA0055.jpg?resize=1249%2C1665&#038;ssl=1\" alt=\"\" class=\"wp-image-6118\" srcset=\"https:\/\/i0.wp.com\/darse.fr\/v2\/wp-content\/uploads\/2025\/09\/IMG-20250920-WA0055.jpg?w=1536&amp;ssl=1 1536w, https:\/\/i0.wp.com\/darse.fr\/v2\/wp-content\/uploads\/2025\/09\/IMG-20250920-WA0055.jpg?resize=225%2C300&amp;ssl=1 225w, https:\/\/i0.wp.com\/darse.fr\/v2\/wp-content\/uploads\/2025\/09\/IMG-20250920-WA0055.jpg?resize=768%2C1024&amp;ssl=1 768w, https:\/\/i0.wp.com\/darse.fr\/v2\/wp-content\/uploads\/2025\/09\/IMG-20250920-WA0055.jpg?resize=1152%2C1536&amp;ssl=1 1152w\" sizes=\"auto, (max-width: 1249px) 100vw, 1249px\" \/><\/a><\/figure>\n\n\n\n<figure class=\"wp-block-image size-large\"><a href=\"https:\/\/i0.wp.com\/darse.fr\/v2\/wp-content\/uploads\/2025\/09\/IMG-20250921-WA0018.jpg?ssl=1\"><img data-recalc-dims=\"1\" loading=\"lazy\" decoding=\"async\" width=\"462\" height=\"1024\" data-id=\"6103\" src=\"https:\/\/i0.wp.com\/darse.fr\/v2\/wp-content\/uploads\/2025\/09\/IMG-20250921-WA0018.jpg?resize=462%2C1024&#038;ssl=1\" alt=\"\" class=\"wp-image-6103\" srcset=\"https:\/\/i0.wp.com\/darse.fr\/v2\/wp-content\/uploads\/2025\/09\/IMG-20250921-WA0018.jpg?resize=462%2C1024&amp;ssl=1 462w, https:\/\/i0.wp.com\/darse.fr\/v2\/wp-content\/uploads\/2025\/09\/IMG-20250921-WA0018.jpg?resize=135%2C300&amp;ssl=1 135w, https:\/\/i0.wp.com\/darse.fr\/v2\/wp-content\/uploads\/2025\/09\/IMG-20250921-WA0018.jpg?resize=768%2C1702&amp;ssl=1 768w, https:\/\/i0.wp.com\/darse.fr\/v2\/wp-content\/uploads\/2025\/09\/IMG-20250921-WA0018.jpg?resize=693%2C1536&amp;ssl=1 693w, https:\/\/i0.wp.com\/darse.fr\/v2\/wp-content\/uploads\/2025\/09\/IMG-20250921-WA0018.jpg?w=924&amp;ssl=1 924w\" sizes=\"auto, (max-width: 462px) 100vw, 462px\" \/><\/a><\/figure>\n\n\n\n<figure class=\"wp-block-image size-large\"><a href=\"https:\/\/i0.wp.com\/darse.fr\/v2\/wp-content\/uploads\/2025\/09\/IMG-20250920-WA0019-1.jpg?ssl=1\"><img data-recalc-dims=\"1\" loading=\"lazy\" decoding=\"async\" width=\"768\" height=\"1024\" data-id=\"6124\" src=\"https:\/\/i0.wp.com\/darse.fr\/v2\/wp-content\/uploads\/2025\/09\/IMG-20250920-WA0019-1.jpg?resize=768%2C1024&#038;ssl=1\" alt=\"\" class=\"wp-image-6124\" srcset=\"https:\/\/i0.wp.com\/darse.fr\/v2\/wp-content\/uploads\/2025\/09\/IMG-20250920-WA0019-1.jpg?resize=768%2C1024&amp;ssl=1 768w, https:\/\/i0.wp.com\/darse.fr\/v2\/wp-content\/uploads\/2025\/09\/IMG-20250920-WA0019-1.jpg?resize=225%2C300&amp;ssl=1 225w, https:\/\/i0.wp.com\/darse.fr\/v2\/wp-content\/uploads\/2025\/09\/IMG-20250920-WA0019-1.jpg?w=1200&amp;ssl=1 1200w\" sizes=\"auto, (max-width: 768px) 100vw, 768px\" \/><\/a><\/figure>\n\n\n\n<figure class=\"wp-block-image size-large\"><a href=\"https:\/\/i0.wp.com\/darse.fr\/v2\/wp-content\/uploads\/2025\/09\/IMG-20250920-WA0038-1.jpg?ssl=1\"><img data-recalc-dims=\"1\" loading=\"lazy\" decoding=\"async\" width=\"1200\" height=\"1600\" data-id=\"6126\" src=\"https:\/\/i0.wp.com\/darse.fr\/v2\/wp-content\/uploads\/2025\/09\/IMG-20250920-WA0038-1.jpg?resize=1200%2C1600&#038;ssl=1\" alt=\"\" class=\"wp-image-6126\"\/><\/a><\/figure>\n\n\n\n<figure class=\"wp-block-image size-large\"><a href=\"https:\/\/i0.wp.com\/darse.fr\/v2\/wp-content\/uploads\/2025\/09\/IMG-20250921-WA0060.jpg?ssl=1\"><img data-recalc-dims=\"1\" loading=\"lazy\" decoding=\"async\" width=\"721\" height=\"1600\" data-id=\"6087\" src=\"https:\/\/i0.wp.com\/darse.fr\/v2\/wp-content\/uploads\/2025\/09\/IMG-20250921-WA0060.jpg?resize=721%2C1600&#038;ssl=1\" alt=\"\" class=\"wp-image-6087\" srcset=\"https:\/\/i0.wp.com\/darse.fr\/v2\/wp-content\/uploads\/2025\/09\/IMG-20250921-WA0060.jpg?w=721&amp;ssl=1 721w, https:\/\/i0.wp.com\/darse.fr\/v2\/wp-content\/uploads\/2025\/09\/IMG-20250921-WA0060.jpg?resize=135%2C300&amp;ssl=1 135w\" sizes=\"auto, (max-width: 721px) 100vw, 721px\" \/><\/a><\/figure>\n<\/figure>\n\n\n\n<p><\/p>\n","protected":false},"excerpt":{"rendered":"<p>LES JOURNEES EUROPEENNES DU PATRIMOINE SUR LA DARSE DE VILLEFRANCHE SUR MER : Un week-end &hellip;<\/p>\n","protected":false},"author":1,"featured_media":0,"parent":0,"menu_order":0,"comment_status":"closed","ping_status":"closed","template":"","meta":{"footnotes":""},"class_list":["post-6072","page","type-page","status-publish","hentry"],"jetpack_sharing_enabled":true,"_links":{"self":[{"href":"https:\/\/darse.fr\/v2\/index.php?rest_route=\/wp\/v2\/pages\/6072","targetHints":{"allow":["GET"]}}],"collection":[{"href":"https:\/\/darse.fr\/v2\/index.php?rest_route=\/wp\/v2\/pages"}],"about":[{"href":"https:\/\/darse.fr\/v2\/index.php?rest_route=\/wp\/v2\/types\/page"}],"author":[{"embeddable":true,"href":"https:\/\/darse.fr\/v2\/index.php?rest_route=\/wp\/v2\/users\/1"}],"replies":[{"embeddable":true,"href":"https:\/\/darse.fr\/v2\/index.php?rest_route=%2Fwp%2Fv2%2Fcomments&post=6072"}],"version-history":[{"count":14,"href":"https:\/\/darse.fr\/v2\/index.php?rest_route=\/wp\/v2\/pages\/6072\/revisions"}],"predecessor-version":[{"id":6146,"href":"https:\/\/darse.fr\/v2\/index.php?rest_route=\/wp\/v2\/pages\/6072\/revisions\/6146"}],"wp:attachment":[{"href":"https:\/\/darse.fr\/v2\/index.php?rest_route=%2Fwp%2Fv2%2Fmedia&parent=6072"}],"curies":[{"name":"wp","href":"https:\/\/api.w.org\/{rel}","templated":true}]}}