{"id":6359,"date":"2026-01-26T20:40:27","date_gmt":"2026-01-26T19:40:27","guid":{"rendered":"https:\/\/darse.fr\/v2\/?page_id=6359"},"modified":"2026-02-18T10:15:33","modified_gmt":"2026-02-18T09:15:33","slug":"visites-2","status":"publish","type":"page","link":"https:\/\/darse.fr\/v2\/?page_id=6359","title":{"rendered":"VISITES"},"content":{"rendered":"\n<p class=\"has-text-align-center has-large-font-size\">Formulaire \u00e0 remplir pour les visites<\/p>\n\n\n<div class=\"wpforms-container wpforms-container-full wpforms-block wpforms-block-4f038c23-25a2-4829-b81c-43b987792a32 wpforms-render-modern\" id=\"wpforms-6350\"><form id=\"wpforms-form-6350\" class=\"wpforms-validate wpforms-form wpforms-ajax-form\" data-formid=\"6350\" method=\"post\" enctype=\"multipart\/form-data\" action=\"\/v2\/index.php?rest_route=%2Fwp%2Fv2%2Fpages%2F6359\" data-token=\"7278e54f0ddc966a0010cca405b463d6\" data-token-time=\"1777296351\"><noscript class=\"wpforms-error-noscript\">Please enable JavaScript in your browser to complete this form.<\/noscript><div class=\"wpforms-hidden\" id=\"wpforms-error-noscript\">Please enable JavaScript in your browser to complete this form.<\/div><div class=\"wpforms-field-container\"><div id=\"wpforms-6350-field_1-container\" class=\"wpforms-field wpforms-field-text\" data-field-id=\"1\"><label class=\"wpforms-field-label\" for=\"wpforms-6350-field_1\">Vos informations de contact<\/label><input type=\"text\" id=\"wpforms-6350-field_1\" class=\"wpforms-field-medium\" name=\"wpforms[fields][1]\" aria-errormessage=\"wpforms-6350-field_1-error\" ><\/div><div id=\"wpforms-6350-field_2-container\" class=\"wpforms-field wpforms-field-name\" data-field-id=\"2\"><fieldset><legend class=\"wpforms-field-label\">Nom <span class=\"wpforms-required-label\" aria-hidden=\"true\">*<\/span><\/legend><div class=\"wpforms-field-row wpforms-field-medium\"><div class=\"wpforms-field-row-block wpforms-first wpforms-one-half\"><input type=\"text\" id=\"wpforms-6350-field_2\" class=\"wpforms-field-name-first wpforms-field-required\" name=\"wpforms[fields][2][first]\" aria-errormessage=\"wpforms-6350-field_2-error\" required><label for=\"wpforms-6350-field_2\" class=\"wpforms-field-sublabel after\">First<\/label><\/div><div class=\"wpforms-field-row-block wpforms-one-half\"><input type=\"text\" id=\"wpforms-6350-field_2-last\" class=\"wpforms-field-name-last wpforms-field-required\" name=\"wpforms[fields][2][last]\" aria-errormessage=\"wpforms-6350-field_2-last-error\" required><label for=\"wpforms-6350-field_2-last\" class=\"wpforms-field-sublabel after\">Last<\/label><\/div><\/div><\/fieldset><\/div><div id=\"wpforms-6350-field_3-container\" class=\"wpforms-field wpforms-field-email\" data-field-id=\"3\"><label class=\"wpforms-field-label\" for=\"wpforms-6350-field_3\">E-mail <span class=\"wpforms-required-label\" aria-hidden=\"true\">*<\/span><\/label><input type=\"email\" id=\"wpforms-6350-field_3\" class=\"wpforms-field-medium wpforms-field-required\" name=\"wpforms[fields][3]\" spellcheck=\"false\" aria-errormessage=\"wpforms-6350-field_3-error\" required><\/div><div id=\"wpforms-6350-field_4-container\" class=\"wpforms-field wpforms-field-text\" data-field-id=\"4\"><label class=\"wpforms-field-label\" for=\"wpforms-6350-field_4\">Num\u00e9ro de t\u00e9l\u00e9phone  <span class=\"wpforms-required-label\" aria-hidden=\"true\">*<\/span><\/label><input type=\"text\" id=\"wpforms-6350-field_4\" class=\"wpforms-field-medium wpforms-field-required\" name=\"wpforms[fields][4]\" aria-errormessage=\"wpforms-6350-field_4-error\" required><\/div><div id=\"wpforms-6350-field_5-container\" class=\"wpforms-field wpforms-field-text\" data-field-id=\"5\"><label class=\"wpforms-field-label\" for=\"wpforms-6350-field_5\">Date(s) souhait\u00e9e(s)<\/label><input type=\"text\" id=\"wpforms-6350-field_5\" class=\"wpforms-field-medium\" name=\"wpforms[fields][5]\" aria-errormessage=\"wpforms-6350-field_5-error\" aria-describedby=\"wpforms-6350-field_5-description\" ><div id=\"wpforms-6350-field_5-description\" class=\"wpforms-field-description\">jj\/mm\/aaaa et hh:mm<\/div><\/div><div id=\"wpforms-6350-field_6-container\" class=\"wpforms-field wpforms-field-number-slider\" data-field-id=\"6\"><label class=\"wpforms-field-label\" for=\"wpforms-6350-field_6\">Nombre de participants<\/label>\n<input\n\ttype=\"range\"\n\tid=\"wpforms-6350-field_6\" class=\"wpforms-field-medium\" name=\"wpforms[fields][6]\" value=\"0\" aria-errormessage=\"wpforms-6350-field_6-error\"\t\tmin=\"0\"\n\tmax=\"10\"\n\tstep=\"1\">\n\n<div class=\"wpforms-field-number-slider-hint\"\n\tdata-hint=\"Selected Value: {value}\">\n\tSelected Value: <b>0<\/b><\/div>\n<\/div><div id=\"wpforms-6350-field_7-container\" class=\"wpforms-field wpforms-field-radio\" data-field-id=\"7\"><fieldset><legend class=\"wpforms-field-label\">Langue souhait\u00e9e<\/legend><ul id=\"wpforms-6350-field_7\"><li class=\"choice-1 depth-1\"><input type=\"radio\" id=\"wpforms-6350-field_7_1\" name=\"wpforms[fields][7]\" value=\"Fran\u00e7ais\" aria-errormessage=\"wpforms-6350-field_7_1-error\"  ><label class=\"wpforms-field-label-inline\" for=\"wpforms-6350-field_7_1\">Fran\u00e7ais<\/label><\/li><li class=\"choice-2 depth-1\"><input type=\"radio\" id=\"wpforms-6350-field_7_2\" name=\"wpforms[fields][7]\" value=\"Anglais\" aria-errormessage=\"wpforms-6350-field_7_2-error\"  ><label class=\"wpforms-field-label-inline\" for=\"wpforms-6350-field_7_2\">Anglais<\/label><\/li><li class=\"choice-3 depth-1\"><input type=\"radio\" id=\"wpforms-6350-field_7_3\" name=\"wpforms[fields][7]\" value=\"Italien\" aria-errormessage=\"wpforms-6350-field_7_3-error\"  ><label class=\"wpforms-field-label-inline\" for=\"wpforms-6350-field_7_3\">Italien<\/label><\/li><\/ul><\/fieldset><\/div><div id=\"wpforms-6350-field_8-container\" class=\"wpforms-field wpforms-field-textarea\" data-field-id=\"8\"><label class=\"wpforms-field-label\" for=\"wpforms-6350-field_8\">Souhaitez-vous ajouter un commentaire concernant votre demande ?<\/label><textarea id=\"wpforms-6350-field_8\" class=\"wpforms-field-medium\" name=\"wpforms[fields][8]\" aria-errormessage=\"wpforms-6350-field_8-error\" ><\/textarea><\/div><\/div><!-- .wpforms-field-container --><div class=\"wpforms-submit-container\" ><input type=\"hidden\" name=\"wpforms[id]\" value=\"6350\"><input type=\"hidden\" name=\"page_title\" value=\"\"><input type=\"hidden\" name=\"page_url\" value=\"https:\/\/darse.fr\/v2\/index.php?rest_route=\/wp\/v2\/pages\/6359\"><input type=\"hidden\" name=\"url_referer\" value=\"\"><button type=\"submit\" name=\"wpforms[submit]\" id=\"wpforms-submit-6350\" class=\"wpforms-submit\" data-alt-text=\"Envoi...\" data-submit-text=\"Envoyer\" aria-live=\"assertive\" value=\"wpforms-submit\">Envoyer<\/button><img loading=\"lazy\" decoding=\"async\" src=\"https:\/\/darse.fr\/v2\/wp-content\/plugins\/wpforms-lite\/assets\/images\/submit-spin.svg\" class=\"wpforms-submit-spinner\" style=\"display: none;\" width=\"26\" height=\"26\" alt=\"Loading\"><\/div><\/form><\/div>  <!-- .wpforms-container -->\n\n\n<p class=\"has-text-align-right\"><a href=\"https:\/\/darse.fr\/v2\/#upsite\">RETOUR<\/a><\/p>\n","protected":false},"excerpt":{"rendered":"<p>Formulaire \u00e0 remplir pour les visites RETOUR<\/p>\n","protected":false},"author":1,"featured_media":0,"parent":0,"menu_order":0,"comment_status":"closed","ping_status":"closed","template":"","meta":{"footnotes":""},"class_list":["post-6359","page","type-page","status-publish","hentry"],"jetpack_sharing_enabled":true,"_links":{"self":[{"href":"https:\/\/darse.fr\/v2\/index.php?rest_route=\/wp\/v2\/pages\/6359","targetHints":{"allow":["GET"]}}],"collection":[{"href":"https:\/\/darse.fr\/v2\/index.php?rest_route=\/wp\/v2\/pages"}],"about":[{"href":"https:\/\/darse.fr\/v2\/index.php?rest_route=\/wp\/v2\/types\/page"}],"author":[{"embeddable":true,"href":"https:\/\/darse.fr\/v2\/index.php?rest_route=\/wp\/v2\/users\/1"}],"replies":[{"embeddable":true,"href":"https:\/\/darse.fr\/v2\/index.php?rest_route=%2Fwp%2Fv2%2Fcomments&post=6359"}],"version-history":[{"count":4,"href":"https:\/\/darse.fr\/v2\/index.php?rest_route=\/wp\/v2\/pages\/6359\/revisions"}],"predecessor-version":[{"id":6414,"href":"https:\/\/darse.fr\/v2\/index.php?rest_route=\/wp\/v2\/pages\/6359\/revisions\/6414"}],"wp:attachment":[{"href":"https:\/\/darse.fr\/v2\/index.php?rest_route=%2Fwp%2Fv2%2Fmedia&parent=6359"}],"curies":[{"name":"wp","href":"https:\/\/api.w.org\/{rel}","templated":true}]}}