{"id":721,"date":"2022-09-15T17:00:53","date_gmt":"2022-09-15T15:00:53","guid":{"rendered":"https:\/\/darse.fr\/v2\/?page_id=721"},"modified":"2026-02-18T10:10:57","modified_gmt":"2026-02-18T09:10:57","slug":"activites-de-laspmv","status":"publish","type":"page","link":"https:\/\/darse.fr\/v2\/?page_id=721","title":{"rendered":"Activit\u00e9s de l&rsquo;ASPMV"},"content":{"rendered":"\n<div style=\"height:100px\" aria-hidden=\"true\" class=\"wp-block-spacer\"><\/div>\n\n\n\n<p>Les activit\u00e9s de l&rsquo;association sont multiples et se d\u00e9clinent comme suit:<\/p>\n\n\n\n<div style=\"height:43px\" aria-hidden=\"true\" class=\"wp-block-spacer\"><\/div>\n\n\n\n<p>_ <a href=\"https:\/\/darse.fr\/v2\/?page_id=973\">La r\u00e9daction  de dossiers sp\u00e9cifiques<\/a> ;<\/p>\n\n\n\n<p>_ <a href=\"https:\/\/darse.fr\/v2\/?page_id=916(ouvre un nouvel onglet)\">La publication de d\u00e9pliants informatifs \u00e0 l&rsquo;attention d&rsquo;un large public<\/a>;<\/p>\n\n\n\n<p>_ <a href=\"https:\/\/darse.fr\/v2\/?page_id=947(ouvre un nouvel onglet)\">Les conf\u00e9rences<\/a> ;<\/p>\n\n\n\n<p>_ <a href=\"https:\/\/darse.fr\/v2\/?page_id=951\">L&rsquo;organisation de colloques et la publication des actes<\/a>;<\/p>\n\n\n\n<p>_ <a href=\"https:\/\/darse.fr\/v2\/?page_id=882(ouvre un nouvel onglet)\">L\u2019\u00e9dition  de La Lettre de la Darse<\/a>;<\/p>\n\n\n\n<p>_ Les r\u00e9unions du Conseil d\u2019administration.<\/p>\n\n\n\n<p class=\"has-text-align-right\"><a href=\"https:\/\/darse.fr\/v2\/#upsite\">RETOUR<\/a><\/p>\n","protected":false},"excerpt":{"rendered":"<p>Les activit\u00e9s de l&rsquo;association sont multiples et se d\u00e9clinent comme suit: _ La r\u00e9daction de &hellip;<\/p>\n","protected":false},"author":1,"featured_media":0,"parent":0,"menu_order":0,"comment_status":"closed","ping_status":"closed","template":"","meta":{"footnotes":""},"class_list":["post-721","page","type-page","status-publish","hentry"],"jetpack_sharing_enabled":true,"_links":{"self":[{"href":"https:\/\/darse.fr\/v2\/index.php?rest_route=\/wp\/v2\/pages\/721","targetHints":{"allow":["GET"]}}],"collection":[{"href":"https:\/\/darse.fr\/v2\/index.php?rest_route=\/wp\/v2\/pages"}],"about":[{"href":"https:\/\/darse.fr\/v2\/index.php?rest_route=\/wp\/v2\/types\/page"}],"author":[{"embeddable":true,"href":"https:\/\/darse.fr\/v2\/index.php?rest_route=\/wp\/v2\/users\/1"}],"replies":[{"embeddable":true,"href":"https:\/\/darse.fr\/v2\/index.php?rest_route=%2Fwp%2Fv2%2Fcomments&post=721"}],"version-history":[{"count":12,"href":"https:\/\/darse.fr\/v2\/index.php?rest_route=\/wp\/v2\/pages\/721\/revisions"}],"predecessor-version":[{"id":6410,"href":"https:\/\/darse.fr\/v2\/index.php?rest_route=\/wp\/v2\/pages\/721\/revisions\/6410"}],"wp:attachment":[{"href":"https:\/\/darse.fr\/v2\/index.php?rest_route=%2Fwp%2Fv2%2Fmedia&parent=721"}],"curies":[{"name":"wp","href":"https:\/\/api.w.org\/{rel}","templated":true}]}}